{"id":357,"date":"2023-12-30T03:53:59","date_gmt":"2023-12-30T03:53:59","guid":{"rendered":"https:\/\/pilgrimgroupstravel.gigdemo.xyz\/nuestra-historia\/"},"modified":"2026-04-02T05:25:49","modified_gmt":"2026-04-02T05:25:49","slug":"nuestra-historia","status":"publish","type":"page","link":"https:\/\/pilgrimgroupstravel.com\/es\/nuestra-historia\/","title":{"rendered":"Nuestra historia"},"content":{"rendered":"  <div id=\"page-header-868206179\" class=\"page-header-wrapper\">\n  <div class=\"page-title dark featured-title\">\n\n        <div class=\"page-title-bg\">\n      <div class=\"title-bg fill bg-fill\"\n        data-parallax-container=\".page-title\"\n        data-parallax-background\n        data-parallax=\"-\">\n      <\/div>\n      <div class=\"title-overlay fill\"><\/div>\n    <\/div>\n    \n    <div class=\"page-title-inner container align-center text-center flex-row-col medium-flex-wrap\" >\n              <div class=\"title-wrapper flex-col\">\n          <h1 class=\"entry-title mb-0\">\n            NUESTRA HISTORIA          <\/h1>\n        <\/div>\n                <div class=\"page-title-sub op-7 flex-col\">\n          <p class=\"lead\">Pilgrim Groups Travel<\/p>\n        <\/div>\n                    <div class=\"title-content flex-col\">\n        <ul class=\"nav sm-touch-scroll nav-line nav-uppercase text-center nav-center\"><li class=\"nav-single-page hidden\"><\/li><\/ul>      <\/div>\n    <\/div>\n\n     \n<style>\n#page-header-868206179 .page-title-inner {\n  min-height: 300px;\n}\n#page-header-868206179 .title-bg {\n  background-image: url(https:\/\/pilgrimgroupstravel.com\/wp-content\/uploads\/2023\/12\/low-angle-shot-of-st-patrick-cathedral-interior-i-2023-11-27-04-52-12-utc-scaled.jpg);\n  background-position: 100% 66%;\n}\n<\/style>\n  <\/div>\n    <\/div>\n  \n\t<section class=\"section\" id=\"section_1043554750\">\n\t\t<div class=\"bg section-bg fill bg-fill  bg-loaded\" >\n\n\t\t\t\n\t\t\t\n\t\t\t\n\n\t\t<\/div>\n\n\t\t\n\n\t\t<div class=\"section-content relative\">\n\t\t\t\n<div class=\"row\"  id=\"row-662942832\">\n\n\t<div id=\"col-977183057\" class=\"col small-12 large-12\"  >\n\t\t\t\t<div class=\"col-inner\" style=\"background-color:rgb(255,255,255);\" >\n\t\t\t\n\t\t\t\n<div class=\"text-center\"><div class=\"is-divider divider clearfix\" style=\"margin-top:10px;margin-bottom:10px;background-color:rgba(0, 0, 0, 0.16);\"><\/div><\/div>\n<div class=\"row align-center\"  id=\"row-543037194\">\n\n\t<div id=\"col-2093046343\" class=\"col medium-9 small-10 large-12\"  >\n\t\t\t\t<div class=\"col-inner text-center\"  >\n\t\t\t\n\t\t\t\n<h2><strong>Origen y tradici\u00f3n<\/strong><\/h2>\n<p>Desde 1973, nuestra familia ha estado vinculada al mundo del transporte y la organizaci\u00f3n de viajes, desarrollando una trayectoria basada en el servicio a grupos y en la atenci\u00f3n cercana a cada viajero.<\/p>\n<p>A lo largo de los a\u00f1os, esta experiencia se ha ido transformando y consolidando en un modelo centrado en la planificaci\u00f3n de viajes estructurados, con un enfoque cada vez m\u00e1s orientado a las peregrinaciones y a los viajes culturales con sentido.<\/p>\n<a class=\"button secondary\"  style=\"border-radius:4px;\">\n    <span>CONSULTAR HOY<\/span>\n  <\/a>\n\n\t\t<\/div>\n\t\t\t\t\n<style>\n#col-2093046343 > .col-inner {\n  margin: 20px 0px 20px 0px;\n}\n<\/style>\n\t<\/div>\n\n\t\n<\/div>\n<div class=\"row align-center\"  id=\"row-166005358\">\n\n\t<div id=\"col-356150068\" class=\"col medium-11 small-12 large-10\"  >\n\t\t\t\t<div class=\"col-inner\"  >\n\t\t\t\n\t\t\t\n\n  <div class=\"banner has-hover\" id=\"banner-796935672\">\n          <div class=\"banner-inner fill\">\n        <div class=\"banner-bg fill\" >\n            <div class=\"bg fill bg-fill \"><\/div>\n                                    \n                    <\/div>\n\t\t\n        <div class=\"banner-layers container\">\n            <div class=\"fill banner-link\"><\/div>            \n   <div id=\"text-box-1554274511\" class=\"text-box banner-layer x50 md-x50 lg-x50 y50 md-y50 lg-y50 res-text\">\n                                <div class=\"text-box-content text dark\">\n              \n              <div class=\"text-inner text-center\">\n                  \n              <\/div>\n           <\/div>\n                            \n<style>\n#text-box-1554274511 {\n  width: 60%;\n}\n#text-box-1554274511 .text-box-content {\n  font-size: 100%;\n}\n@media (min-width:550px) {\n  #text-box-1554274511 {\n    width: 60%;\n  }\n}\n<\/style>\n    <\/div>\n \n        <\/div>\n      <\/div>\n\n            \n<style>\n#banner-796935672 {\n  padding-top: 300px;\n}\n#banner-796935672 .bg.bg-loaded {\n  background-image: url(https:\/\/pilgrimgroupstravel.com\/wp-content\/uploads\/2023\/12\/granada-cathedral-facade-at-plaza-de-las-paciegas-2023-11-27-05-03-18-utc-1-scaled.jpg);\n}\n@media (min-width:850px) {\n  #banner-796935672 {\n    padding-top: 500px;\n  }\n}\n<\/style>\n  <\/div>\n\n\n\t\t<\/div>\n\t\t\t\t\n<style>\n#col-356150068 > .col-inner {\n  margin: 0px 0px -160px 0px;\n}\n<\/style>\n\t<\/div>\n\n\t\n<\/div>\n\t\t<\/div>\n\t\t\t\t\n<style>\n#col-977183057 > .col-inner {\n  padding: 50px 0px 0px 0px;\n  margin: -70px 0px 0px 0px;\n}\n<\/style>\n\t<\/div>\n\n\t\n<\/div>\n\t\t<\/div>\n\n\t\t\n<style>\n#section_1043554750 {\n  padding-top: 30px;\n  padding-bottom: 30px;\n}\n<\/style>\n\t<\/section>\n\t\n\t<section class=\"section\" id=\"section_639794125\">\n\t\t<div class=\"bg section-bg fill bg-fill  bg-loaded\" >\n\n\t\t\t\n\t\t\t\n\t\t\t\n\n\t\t<\/div>\n\n\t\t\n\n\t\t<div class=\"section-content relative\">\n\t\t\t\n<div class=\"row align-center\"  id=\"row-606985323\">\n\n\t<div id=\"col-671723091\" class=\"col medium-11 small-12 large-10\"  >\n\t\t\t\t<div class=\"col-inner\"  >\n\t\t\t\n\t\t\t\n<h2 style=\"text-align: center;\"><strong>Identidad y misi\u00f3n cat\u00f3licas<\/strong><\/h2>\n<p style=\"text-align: center;\">Nuestra vocaci\u00f3n no se limita a organizar viajes, sino a acompa\u00f1ar a comunidades en experiencias que tienen un profundo significado espiritual.<\/p>\n<p style=\"text-align: center;\">Entendemos cada peregrinaci\u00f3n como una oportunidad para el encuentro con Dios, el crecimiento en la fe y la vivencia compartida de la tradici\u00f3n de la Iglesia, cuidando cada detalle para que el viaje contribuya verdaderamente a ese prop\u00f3sito.<\/p>\n\t\t<\/div>\n\t\t\t\t\t<\/div>\n\n\t\n\n<style>\n#row-606985323 > .col > .col-inner {\n  padding: 50px 0px 20px 0px;\n}\n@media (min-width:550px) {\n  #row-606985323 > .col > .col-inner {\n    padding: 100px 0px 50px 0px;\n  }\n}\n<\/style>\n<\/div>\n<div class=\"row align-center\"  id=\"row-941231170\">\n\n\t<div id=\"col-556051363\" class=\"col medium-11 small-12 large-10\"  >\n\t\t\t\t<div class=\"col-inner\"  >\n\t\t\t\n\t\t\t\n<div class=\"row row-large align-middle\"  id=\"row-459026177\">\n\n\t<div id=\"col-32713888\" class=\"col medium-4 small-12 large-6\"  >\n\t\t\t\t<div class=\"col-inner\"  >\n\t\t\t\n\t\t\t\n\n  <div class=\"banner has-hover\" id=\"banner-637224742\">\n          <div class=\"banner-inner fill\">\n        <div class=\"banner-bg fill\" >\n            <div class=\"bg fill bg-fill \"><\/div>\n                                    \n                    <\/div>\n\t\t\n        <div class=\"banner-layers container\">\n            <div class=\"fill banner-link\"><\/div>            \n   <div id=\"text-box-1675892679\" class=\"text-box banner-layer x50 md-x50 lg-x50 y50 md-y50 lg-y50 res-text\">\n                                <div class=\"text-box-content text dark\">\n              \n              <div class=\"text-inner text-center\">\n                  \n              <\/div>\n           <\/div>\n                            \n<style>\n#text-box-1675892679 {\n  width: 60%;\n}\n#text-box-1675892679 .text-box-content {\n  font-size: 100%;\n}\n@media (min-width:550px) {\n  #text-box-1675892679 {\n    width: 60%;\n  }\n}\n<\/style>\n    <\/div>\n \n        <\/div>\n      <\/div>\n\n            \n<style>\n#banner-637224742 {\n  padding-top: 300px;\n}\n#banner-637224742 .bg.bg-loaded {\n  background-image: url(https:\/\/pilgrimgroupstravel.com\/wp-content\/uploads\/2025\/09\/pexels-brenda-chen-2155754103-33883404-1024x663.jpg);\n}\n#banner-637224742 .bg {\n  background-position: 65% 40%;\n}\n@media (min-width:550px) {\n  #banner-637224742 {\n    padding-top: 99.99%;\n  }\n}\n<\/style>\n  <\/div>\n\n\n\t\t<\/div>\n\t\t\t\t\t<\/div>\n\n\t\n\n\t<div id=\"col-1517306983\" class=\"col medium-8 small-12 large-6\"  >\n\t\t\t\t<div class=\"col-inner\"  >\n\t\t\t\n\t\t\t\n<h3 style=\"text-align: center;\"><strong>Estructura internacional<\/strong><\/h3>\n<p style=\"text-align: center;\">Contamos con una estructura internacional que nos permite trabajar de forma directa en ambos lados del Atl\u00e1ntico, lo que representa una ventaja competitiva significativa.<\/p>\n<p style=\"text-align: center;\">Esta presencia nos permite acceder a mejores condiciones con proveedores, optimizar costes y ejercer un mayor control sobre los servicios que ofrecemos, garantizando as\u00ed una organizaci\u00f3n m\u00e1s eficiente y adaptada a cada grupo.<\/p>\n\t\t<\/div>\n\t\t\t\t\t<\/div>\n\n\t\n<\/div>\n<div class=\"row row-large align-middle\"  id=\"row-791196067\">\n\n\t<div id=\"col-210289909\" class=\"col medium-8 small-12 large-6\"  >\n\t\t\t\t<div class=\"col-inner\"  >\n\t\t\t\n\t\t\t\n<h3 style=\"text-align: center;\"><span style=\"font-size: 120%;\">Personalizaci\u00f3n y prop\u00f3sito<\/span><\/h3>\n<p style=\"text-align: center;\">Cada grupo es \u00fanico, y por ello dise\u00f1amos cada itinerario de manera personalizada, adapt\u00e1ndonos a las necesidades pastorales, culturales y log\u00edsticas de cada comunidad.<\/p>\n<p style=\"text-align: center;\">Nuestra misi\u00f3n es ofrecer un servicio riguroso y cercano, que permita a cada peregrino vivir una experiencia ordenada, segura y verdaderamente significativa.<\/p>\n<a class=\"button secondary\"  >\n    <span>Inf\u00f3rmese HOY<\/span>\n  <\/a>\n\n\t\t<\/div>\n\t\t\t\t\t<\/div>\n\n\t\n\n\t<div id=\"col-209598287\" class=\"col medium-4 small-12 large-6 medium-col-first\"  >\n\t\t\t\t<div class=\"col-inner\"  >\n\t\t\t\n\t\t\t\n\n  <div class=\"banner has-hover\" id=\"banner-1912504592\">\n          <div class=\"banner-inner fill\">\n        <div class=\"banner-bg fill\" >\n            <div class=\"bg fill bg-fill \"><\/div>\n                                    \n                    <\/div>\n\t\t\n        <div class=\"banner-layers container\">\n            <div class=\"fill banner-link\"><\/div>            \n   <div id=\"text-box-691119782\" class=\"text-box banner-layer x50 md-x50 lg-x50 y50 md-y50 lg-y50 res-text\">\n                                <div class=\"text-box-content text dark\">\n              \n              <div class=\"text-inner text-center\">\n                  \n              <\/div>\n           <\/div>\n                            \n<style>\n#text-box-691119782 {\n  width: 60%;\n}\n#text-box-691119782 .text-box-content {\n  font-size: 100%;\n}\n@media (min-width:550px) {\n  #text-box-691119782 {\n    width: 60%;\n  }\n}\n<\/style>\n    <\/div>\n \n        <\/div>\n      <\/div>\n\n            \n<style>\n#banner-1912504592 {\n  padding-top: 300px;\n}\n#banner-1912504592 .bg.bg-loaded {\n  background-image: url(https:\/\/pilgrimgroupstravel.com\/wp-content\/uploads\/2023\/12\/praying-2023-11-27-05-16-25-utc-739x1024.jpg);\n}\n@media (min-width:550px) {\n  #banner-1912504592 {\n    padding-top: 99.99%;\n  }\n}\n<\/style>\n  <\/div>\n\n\n\t\t<\/div>\n\t\t\t\t\t<\/div>\n\n\t\n<\/div>\n\t\t<\/div>\n\t\t\t\t\t<\/div>\n\n\t\n<\/div>\n\t\t<\/div>\n\n\t\t\n<style>\n#section_639794125 {\n  padding-top: 80px;\n  padding-bottom: 80px;\n  background-color: rgb(244, 244, 244);\n}\n<\/style>\n\t<\/section>\n\t\n\t<section class=\"section dark\" id=\"section_1186769438\">\n\t\t<div class=\"bg section-bg fill bg-fill  bg-loaded\" >\n\n\t\t\t\n\t\t\t\n\t\t\t\n\n\t\t<\/div>\n\n\t\t\n\n\t\t<div class=\"section-content relative\">\n\t\t\t\n\n<div class=\"row\"  id=\"row-74875350\">\n\n\n\t<div id=\"col-662732638\" class=\"col small-12 large-12\"  >\n\t\t\t\t<div class=\"col-inner text-center\"  >\n\t\t\t\n\t\t\t\n\n<h2><span style=\"font-size: 200%;\">P\u00f3ngase en contacto<\/span><\/h2>\n<a href=\"https:\/\/pilgrimgroupstravel.com\/es\/pongase-en-contacto-con\/\" class=\"button white is-underline\"  >\n    <span>CONTACTO<\/span>\n  <\/a>\n\n\n\n\t\t<\/div>\n\t\t\t\t\n<style>\n#col-662732638 > .col-inner {\n  padding: 30px 0px 0px 0px;\n}\n<\/style>\n\t<\/div>\n\n\t\n\n<\/div>\n\t<div id=\"gap-572835436\" class=\"gap-element clearfix\" style=\"display:block; height:auto;\">\n\t\t\n<style>\n#gap-572835436 {\n  padding-top: 30px;\n}\n<\/style>\n\t<\/div>\n\t\n\n<div class=\"row\"  id=\"row-2046409570\">\n\n\n\t<div id=\"col-680823220\" class=\"col medium-3 small-12 large-3\"  >\n\t\t\t\t<div class=\"col-inner text-center\"  >\n\t\t\t\n\t\t\t\n\n<p><span style=\"font-size: 14.4px;\">Miami Tower<br \/>\n100SE 2nd St. Suite 2000, Off #29<br \/>\nMiami, 33131 (FL), USA<\/span><\/p>\n\n\n\t\t<\/div>\n\t\t\t\t\t<\/div>\n\n\t\n\n\t<div id=\"col-1461959718\" class=\"col medium-3 small-12 large-3\"  >\n\t\t\t\t<div class=\"col-inner text-center\"  >\n\t\t\t\n\t\t\t\n\n<p>info@pilgrimgroupstravel.com<\/p>\n<p>(305) 491 - 7562<br \/>\n(561) 299 -4787<\/p>\n\n\n\t\t<\/div>\n\t\t\t\t\t<\/div>\n\n\t\n\n\t<div id=\"col-1753042334\" class=\"col medium-3 small-12 large-3\"  >\n\t\t\t\t<div class=\"col-inner text-center\"  >\n\t\t\t\n\t\t\t\n\n<p>Services<br \/>\nBookings<\/p>\n\n\t\t<\/div>\n\t\t\t\t\t<\/div>\n\n\t\n\n\t<div id=\"col-800356886\" class=\"col medium-3 small-12 large-3\"  >\n\t\t\t\t<div class=\"col-inner text-center\"  >\n\t\t\t\n\t\t\t\n\n<p><a href=\"#\">About<\/a><br \/>\n<a href=\"#\">Contact<\/a><\/p>\n\n\t\t<\/div>\n\t\t\t\t\t<\/div>\n\n\t\n\n<\/div>\n<div class=\"social-icons follow-icons full-width text-center\" style=\"font-size:110%\"><a href=\"#\" target=\"_blank\" data-label=\"Facebook\" class=\"icon plain facebook tooltip\" title=\"S\u00edguenos en Facebook\" aria-label=\"S\u00edguenos en Facebook\" rel=\"noopener nofollow\" ><i class=\"icon-facebook\" ><\/i><\/a><a href=\"#\" target=\"_blank\" data-label=\"Instagram\" class=\"icon plain instagram tooltip\" title=\"S\u00edguenos en Instagram\" aria-label=\"S\u00edguenos en Instagram\" rel=\"noopener nofollow\" ><i class=\"icon-instagram\" ><\/i><\/a><a href=\"#\" target=\"_blank\" data-label=\"TikTok\" class=\"icon plain tiktok tooltip\" title=\"S\u00edguenos en TikTok\" aria-label=\"S\u00edguenos en TikTok\" rel=\"noopener nofollow\" ><i class=\"icon-tiktok\" ><\/i><\/a><a href=\"#\" data-label=\"Twitter\" target=\"_blank\" class=\"icon plain twitter tooltip\" title=\"S\u00edguenos en Twitter\" aria-label=\"S\u00edguenos en Twitter\" rel=\"noopener nofollow\" ><i class=\"icon-twitter\" ><\/i><\/a><a href=\"#\" data-label=\"LinkedIn\" target=\"_blank\" class=\"icon plain linkedin tooltip\" title=\"S\u00edguenos en LinkedIn\" aria-label=\"S\u00edguenos en LinkedIn\" rel=\"noopener nofollow\" ><i class=\"icon-linkedin\" ><\/i><\/a><a href=\"#\" data-label=\"YouTube\" target=\"_blank\" class=\"icon plain youtube tooltip\" title=\"S\u00edguenos en Youtube\" aria-label=\"S\u00edguenos en Youtube\" rel=\"noopener nofollow\" ><i class=\"icon-youtube\" ><\/i><\/a><\/div>\n\n\t<div id=\"gap-2093435947\" class=\"gap-element clearfix\" style=\"display:block; height:auto;\">\n\t\t\n<style>\n#gap-2093435947 {\n  padding-top: 30px;\n}\n<\/style>\n\t<\/div>\n\t\n\n\n\t\t<\/div>\n\n\t\t\n<style>\n#section_1186769438 {\n  padding-top: 60px;\n  padding-bottom: 60px;\n  background-color: #000000;\n}\n<\/style>\n\t<\/section>\n\t\n","protected":false},"excerpt":{"rendered":"","protected":false},"author":1,"featured_media":0,"parent":0,"menu_order":0,"comment_status":"closed","ping_status":"closed","template":"page-blank.php","meta":{"footnotes":""},"class_list":["post-357","page","type-page","status-publish","hentry"],"_links":{"self":[{"href":"https:\/\/pilgrimgroupstravel.com\/es\/wp-json\/wp\/v2\/pages\/357","targetHints":{"allow":["GET"]}}],"collection":[{"href":"https:\/\/pilgrimgroupstravel.com\/es\/wp-json\/wp\/v2\/pages"}],"about":[{"href":"https:\/\/pilgrimgroupstravel.com\/es\/wp-json\/wp\/v2\/types\/page"}],"author":[{"embeddable":true,"href":"https:\/\/pilgrimgroupstravel.com\/es\/wp-json\/wp\/v2\/users\/1"}],"replies":[{"embeddable":true,"href":"https:\/\/pilgrimgroupstravel.com\/es\/wp-json\/wp\/v2\/comments?post=357"}],"version-history":[{"count":11,"href":"https:\/\/pilgrimgroupstravel.com\/es\/wp-json\/wp\/v2\/pages\/357\/revisions"}],"predecessor-version":[{"id":727,"href":"https:\/\/pilgrimgroupstravel.com\/es\/wp-json\/wp\/v2\/pages\/357\/revisions\/727"}],"wp:attachment":[{"href":"https:\/\/pilgrimgroupstravel.com\/es\/wp-json\/wp\/v2\/media?parent=357"}],"curies":[{"name":"wp","href":"https:\/\/api.w.org\/{rel}","templated":true}]}}