{"id":364,"date":"2023-12-30T03:56:06","date_gmt":"2023-12-30T03:56:06","guid":{"rendered":"https:\/\/pilgrimgroupstravel.gigdemo.xyz\/pongase-en-contacto-con\/"},"modified":"2026-04-02T04:29:58","modified_gmt":"2026-04-02T04:29:58","slug":"pongase-en-contacto-con","status":"publish","type":"page","link":"https:\/\/pilgrimgroupstravel.com\/es\/pongase-en-contacto-con\/","title":{"rendered":"P\u00f3ngase en contacto con"},"content":{"rendered":"\t<section class=\"section\" id=\"section_598969593\">\n\t\t<div class=\"bg section-bg fill bg-fill  bg-loaded\" >\n\n\t\t\t\n\t\t\t\n\t\t\t\n\n\t\t<\/div>\n\n\t\t\n\n\t\t<div class=\"section-content relative\">\n\t\t\t\n<div class=\"row align-center\" style=\"max-width:1200px\" id=\"row-899031635\">\n\n\t<div id=\"col-406198251\" class=\"col medium-7 small-12 large-5\"  >\n\t\t\t\t<div class=\"col-inner\"  >\n\t\t\t\n\t\t\t\n\t<div id=\"gap-1265970289\" class=\"gap-element clearfix\" style=\"display:block; height:auto;\">\n\t\t\n<style>\n#gap-1265970289 {\n  padding-top: 50px;\n}\n<\/style>\n\t<\/div>\n\t\n\t<div id=\"text-911399526\" class=\"text\">\n\t\t\n<h2>P\u00f3ngase en contacto con<\/h2>\n\t\t\n<style>\n#text-911399526 {\n  font-size: 2.25rem;\n  text-align: center;\n}\n<\/style>\n\t<\/div>\n\t\n<div class=\"text-center\"><div class=\"is-divider divider clearfix\" style=\"margin-top:1.1em;margin-bottom:1.1em;max-width:120px;height:4px;\"><\/div><\/div>\n\t<div id=\"text-262574451\" class=\"text\">\n\t\t\n<p>En Pilgrim Groups Travel estamos especializados en la organizaci\u00f3n de peregrinaciones y viajes culturales para grupos, ofreciendo un servicio integral que incluye planificaci\u00f3n, coordinaci\u00f3n y asistencia durante el viaje.<\/p>\n<p>Nuestro equipo garantiza una experiencia estructurada y adaptada a las necesidades espec\u00edficas de cada grupo.<\/p>\n<p>Quedamos a su disposici\u00f3n para cualquier consulta, y estaremos encantados de ayudarle a hacer realidad cualquier proyecto de viaje ilusionante para usted y su comunidad.<\/p>\n\t\t\n<style>\n#text-262574451 {\n  text-align: center;\n}\n<\/style>\n\t<\/div>\n\t\n\t\t<\/div>\n\t\t\t\t\t<\/div>\n\n\t\n<\/div>\n\t\t<\/div>\n\n\t\t\n<style>\n#section_598969593 {\n  padding-top: 30px;\n  padding-bottom: 30px;\n}\n<\/style>\n\t<\/section>\n\t\n\t<section class=\"section\" id=\"section_1834137800\">\n\t\t<div class=\"bg section-bg fill bg-fill  bg-loaded\" >\n\n\t\t\t\n\t\t\t\n\t\t\t\n\n\t\t<\/div>\n\n\t\t\n\n\t\t<div class=\"section-content relative\">\n\t\t\t\n<div class=\"row row-collapse align-equal\" style=\"max-width:1200px\" id=\"row-457716644\">\n\n\t<div id=\"col-383376751\" class=\"col medium-4 small-12 large-4\"  >\n\t\t\t\t<div class=\"col-inner\"  >\n\t\t\t\n\t\t\t\n\n  <div class=\"banner has-hover\" id=\"banner-901783472\">\n          <div class=\"banner-inner fill\">\n        <div class=\"banner-bg fill\" >\n            <div class=\"bg fill bg-fill \"><\/div>\n                                    \n                    <\/div>\n\t\t\n        <div class=\"banner-layers container\">\n            <div class=\"fill banner-link\"><\/div>            \n   <div id=\"text-box-1590977482\" class=\"text-box banner-layer x50 md-x50 lg-x50 y50 md-y50 lg-y50 res-text\">\n                                <div class=\"text-box-content text dark\">\n              \n              <div class=\"text-inner text-center\">\n                  \n              <\/div>\n           <\/div>\n                            \n<style>\n#text-box-1590977482 {\n  width: 60%;\n}\n#text-box-1590977482 .text-box-content {\n  font-size: 100%;\n}\n@media (min-width:550px) {\n  #text-box-1590977482 {\n    width: 60%;\n  }\n}\n<\/style>\n    <\/div>\n \n        <\/div>\n      <\/div>\n\n            \n<style>\n#banner-901783472 {\n  padding-top: 99.99%;\n  background-color: rgb(255, 255, 255);\n}\n#banner-901783472 .bg.bg-loaded {\n  background-image: url(https:\/\/pilgrimgroupstravel.com\/wp-content\/uploads\/2023\/12\/granada-cathedral-facade-at-plaza-de-las-paciegas-2023-11-27-05-03-18-utc-1-1024x801.jpg);\n}\n<\/style>\n  <\/div>\n\n\n\t\t<\/div>\n\t\t\t\t\t<\/div>\n\n\t\n\n\t<div id=\"col-1406583337\" class=\"col medium-4 small-12 large-4\"  >\n\t\t\t\t<div class=\"col-inner text-center\"  >\n\t\t\t\n\t\t\t\n\t<div id=\"gap-893322487\" class=\"gap-element clearfix\" style=\"display:block; height:auto;\">\n\t\t\n<style>\n#gap-893322487 {\n  padding-top: 25px;\n}\n<\/style>\n\t<\/div>\n\t\n\t<div class=\"img has-hover x md-x lg-x y md-y lg-y\" id=\"image_453625005\">\n\t\t\t\t\t\t\t\t<div class=\"img-inner dark\" >\n\t\t\t<img loading=\"lazy\" decoding=\"async\" width=\"120\" height=\"120\" src=\"https:\/\/pilgrimgroupstravel.com\/wp-content\/uploads\/2024\/01\/map-pin-2-fill-1-1.png\" class=\"attachment-large size-large\" alt=\"\" srcset=\"https:\/\/pilgrimgroupstravel.com\/wp-content\/uploads\/2024\/01\/map-pin-2-fill-1-1.png 120w, https:\/\/pilgrimgroupstravel.com\/wp-content\/uploads\/2024\/01\/map-pin-2-fill-1-1-100x100.png 100w\" sizes=\"auto, (max-width: 120px) 100vw, 120px\" \/>\t\t\t\t\t\t\n\t\t\t\t\t<\/div>\n\t\t\t\t\t\t\t\t\n<style>\n#image_453625005 {\n  width: 23%;\n}\n@media (min-width:550px) {\n  #image_453625005 {\n    width: 15%;\n  }\n}\n@media (min-width:850px) {\n  #image_453625005 {\n    width: 23%;\n  }\n}\n<\/style>\n\t<\/div>\n\t\n\t<div id=\"text-846078824\" class=\"text\">\n\t\t\n<h2>Direcci\u00f3n<\/h2>\n\t\t\n<style>\n#text-846078824 {\n  font-size: 1.75rem;\n  text-align: center;\n}\n@media (min-width:550px) {\n  #text-846078824 {\n    font-size: 1rem;\n  }\n}\n@media (min-width:850px) {\n  #text-846078824 {\n    font-size: 1.25rem;\n  }\n}\n<\/style>\n\t<\/div>\n\t\n\t<div id=\"text-2995787490\" class=\"text\">\n\t\t\n<p><b>MIAMI TOWER<\/b><\/p>\n<p><em>100SE 2nd St. Suite 2000, Off #29<\/em><br \/><em>Miami, 33131 (FL), USA<\/em><\/p>\n\t\t\n<style>\n#text-2995787490 {\n  font-size: 1rem;\n  text-align: center;\n}\n@media (min-width:550px) {\n  #text-2995787490 {\n    font-size: 0.9rem;\n  }\n}\n@media (min-width:850px) {\n  #text-2995787490 {\n    font-size: 1rem;\n  }\n}\n<\/style>\n\t<\/div>\n\t\n\t\t<\/div>\n\t\t\t\t\n<style>\n#col-1406583337 > .col-inner {\n  padding: 50px 50px 71px 50px;\n}\n@media (min-width:550px) {\n  #col-1406583337 > .col-inner {\n    padding: 10px 10px 10px 11px;\n  }\n}\n@media (min-width:850px) {\n  #col-1406583337 > .col-inner {\n    padding: 10% 10% 10% 10%;\n  }\n}\n<\/style>\n\t<\/div>\n\n\t\n\n\t<div id=\"col-1060419902\" class=\"col medium-4 small-12 large-4\"  >\n\t\t\t\t<div class=\"col-inner\"  >\n\t\t\t\n\t\t\t\n\n  <div class=\"banner has-hover\" id=\"banner-884774415\">\n          <div class=\"banner-inner fill\">\n        <div class=\"banner-bg fill\" >\n            <div class=\"bg fill bg-fill \"><\/div>\n                                    \n                    <\/div>\n\t\t\n        <div class=\"banner-layers container\">\n            <div class=\"fill banner-link\"><\/div>            \n   <div id=\"text-box-248080086\" class=\"text-box banner-layer x50 md-x50 lg-x50 y50 md-y50 lg-y50 res-text\">\n                                <div class=\"text-box-content text dark\">\n              \n              <div class=\"text-inner text-center\">\n                  \n              <\/div>\n           <\/div>\n                            \n<style>\n#text-box-248080086 {\n  width: 60%;\n}\n#text-box-248080086 .text-box-content {\n  font-size: 100%;\n}\n@media (min-width:550px) {\n  #text-box-248080086 {\n    width: 60%;\n  }\n}\n<\/style>\n    <\/div>\n \n        <\/div>\n      <\/div>\n\n            \n<style>\n#banner-884774415 {\n  padding-top: 99.99%;\n  background-color: rgb(255, 255, 255);\n}\n#banner-884774415 .bg.bg-loaded {\n  background-image: url(https:\/\/pilgrimgroupstravel.com\/wp-content\/uploads\/2023\/12\/the-beautiful-cathedral-of-santa-maria-from-wall-o-2023-11-27-05-12-44-utc-1-1024x683.jpg);\n}\n<\/style>\n  <\/div>\n\n\n\t\t<\/div>\n\t\t\t\t\t<\/div>\n\n\t\n\n<style>\n#row-457716644 > .col > .col-inner {\n  background-color: rgb(238, 238, 238);\n}\n<\/style>\n<\/div>\n<div class=\"row row-collapse align-equal\" style=\"max-width:1200px\" id=\"row-1202002922\">\n\n\t<div id=\"col-73905608\" class=\"col medium-4 small-12 large-4\"  >\n\t\t\t\t<div class=\"col-inner text-center\"  >\n\t\t\t\n\t\t\t\n\t<div id=\"gap-1859421484\" class=\"gap-element clearfix\" style=\"display:block; height:auto;\">\n\t\t\n<style>\n#gap-1859421484 {\n  padding-top: 25px;\n}\n<\/style>\n\t<\/div>\n\t\n\t<div class=\"img has-hover x md-x lg-x y md-y lg-y\" id=\"image_797632267\">\n\t\t\t\t\t\t\t\t<div class=\"img-inner dark\" >\n\t\t\t<img loading=\"lazy\" decoding=\"async\" width=\"120\" height=\"120\" src=\"https:\/\/pilgrimgroupstravel.com\/wp-content\/uploads\/2024\/01\/phone-fill-1-1.png\" class=\"attachment-large size-large\" alt=\"\" srcset=\"https:\/\/pilgrimgroupstravel.com\/wp-content\/uploads\/2024\/01\/phone-fill-1-1.png 120w, https:\/\/pilgrimgroupstravel.com\/wp-content\/uploads\/2024\/01\/phone-fill-1-1-100x100.png 100w\" sizes=\"auto, (max-width: 120px) 100vw, 120px\" \/>\t\t\t\t\t\t\n\t\t\t\t\t<\/div>\n\t\t\t\t\t\t\t\t\n<style>\n#image_797632267 {\n  width: 23%;\n}\n@media (min-width:550px) {\n  #image_797632267 {\n    width: 15%;\n  }\n}\n@media (min-width:850px) {\n  #image_797632267 {\n    width: 23%;\n  }\n}\n<\/style>\n\t<\/div>\n\t\n\t<div id=\"text-2759024479\" class=\"text\">\n\t\t\n<h2>Ll\u00e1manos<\/h2>\n\t\t\n<style>\n#text-2759024479 {\n  font-size: 1.75rem;\n  text-align: center;\n}\n@media (min-width:550px) {\n  #text-2759024479 {\n    font-size: 1rem;\n  }\n}\n@media (min-width:850px) {\n  #text-2759024479 {\n    font-size: 1.25rem;\n  }\n}\n<\/style>\n\t<\/div>\n\t\n\t<div id=\"text-1945348165\" class=\"text\">\n\t\t\n<p><strong>Oficina:<\/strong><br \/>(305) 491 &#8211; 7562<\/p>\n<p>(561) 299 &#8211; 4787<\/p>\n\t\t\n<style>\n#text-1945348165 {\n  font-size: 1rem;\n  text-align: center;\n}\n@media (min-width:550px) {\n  #text-1945348165 {\n    font-size: 0.9rem;\n  }\n}\n@media (min-width:850px) {\n  #text-1945348165 {\n    font-size: 1rem;\n  }\n}\n<\/style>\n\t<\/div>\n\t\n\t\t<\/div>\n\t\t\t\t\n<style>\n#col-73905608 > .col-inner {\n  padding: 50px 50px 71px 50px;\n}\n@media (min-width:550px) {\n  #col-73905608 > .col-inner {\n    padding: 10px 10px 10px 11px;\n  }\n}\n@media (min-width:850px) {\n  #col-73905608 > .col-inner {\n    padding: 10% 10% 10% 10%;\n  }\n}\n<\/style>\n\t<\/div>\n\n\t\n\n\t<div id=\"col-616123590\" class=\"col medium-4 small-12 large-4\"  >\n\t\t\t\t<div class=\"col-inner\"  >\n\t\t\t\n\t\t\t\n\n  <div class=\"banner has-hover\" id=\"banner-1026312646\">\n          <div class=\"banner-inner fill\">\n        <div class=\"banner-bg fill\" >\n            <div class=\"bg fill bg-fill \"><\/div>\n                                    \n                    <\/div>\n\t\t\n        <div class=\"banner-layers container\">\n            <div class=\"fill banner-link\"><\/div>            \n   <div id=\"text-box-584082457\" class=\"text-box banner-layer x50 md-x50 lg-x50 y50 md-y50 lg-y50 res-text\">\n                                <div class=\"text-box-content text dark\">\n              \n              <div class=\"text-inner text-center\">\n                  \n              <\/div>\n           <\/div>\n                            \n<style>\n#text-box-584082457 {\n  width: 60%;\n}\n#text-box-584082457 .text-box-content {\n  font-size: 100%;\n}\n@media (min-width:550px) {\n  #text-box-584082457 {\n    width: 60%;\n  }\n}\n<\/style>\n    <\/div>\n \n        <\/div>\n      <\/div>\n\n            \n<style>\n#banner-1026312646 {\n  padding-top: 99.99%;\n  background-color: rgb(255, 255, 255);\n}\n#banner-1026312646 .bg.bg-loaded {\n  background-image: url(https:\/\/pilgrimgroupstravel.com\/wp-content\/uploads\/2023\/12\/frescoes-inside-the-convent-of-santa-caterina-del-2023-11-27-04-53-12-utc-683x1024.jpg);\n}\n<\/style>\n  <\/div>\n\n\n\t\t<\/div>\n\t\t\t\t\t<\/div>\n\n\t\n\n\t<div id=\"col-1689211765\" class=\"col medium-4 small-12 large-4\"  >\n\t\t\t\t<div class=\"col-inner text-center\"  >\n\t\t\t\n\t\t\t\n\t<div id=\"gap-596536431\" class=\"gap-element clearfix\" style=\"display:block; height:auto;\">\n\t\t\n<style>\n#gap-596536431 {\n  padding-top: 25px;\n}\n<\/style>\n\t<\/div>\n\t\n\t<div class=\"img has-hover x md-x lg-x y md-y lg-y\" id=\"image_459509843\">\n\t\t\t\t\t\t\t\t<div class=\"img-inner dark\" >\n\t\t\t<img loading=\"lazy\" decoding=\"async\" width=\"120\" height=\"120\" src=\"https:\/\/pilgrimgroupstravel.com\/wp-content\/uploads\/2024\/01\/mail-fill-1-1.png\" class=\"attachment-large size-large\" alt=\"\" srcset=\"https:\/\/pilgrimgroupstravel.com\/wp-content\/uploads\/2024\/01\/mail-fill-1-1.png 120w, https:\/\/pilgrimgroupstravel.com\/wp-content\/uploads\/2024\/01\/mail-fill-1-1-100x100.png 100w\" sizes=\"auto, (max-width: 120px) 100vw, 120px\" \/>\t\t\t\t\t\t\n\t\t\t\t\t<\/div>\n\t\t\t\t\t\t\t\t\n<style>\n#image_459509843 {\n  width: 23%;\n}\n@media (min-width:550px) {\n  #image_459509843 {\n    width: 15%;\n  }\n}\n@media (min-width:850px) {\n  #image_459509843 {\n    width: 23%;\n  }\n}\n<\/style>\n\t<\/div>\n\t\n\t<div id=\"text-2022779535\" class=\"text\">\n\t\t\n<h2>Correo electr\u00f3nico<\/h2>\n\t\t\n<style>\n#text-2022779535 {\n  font-size: 1.75rem;\n  text-align: center;\n}\n@media (min-width:550px) {\n  #text-2022779535 {\n    font-size: 1rem;\n  }\n}\n@media (min-width:850px) {\n  #text-2022779535 {\n    font-size: 1.25rem;\n  }\n}\n<\/style>\n\t<\/div>\n\t\n\t<div id=\"text-3976239374\" class=\"text\">\n\t\t\n<p><strong>Oficina:<br \/><\/strong>info@pilgrimgroupstravel.com<\/p>\n<p>ceo@pilgrimgroupstravel.com<\/p>\n\t\t\n<style>\n#text-3976239374 {\n  font-size: 1rem;\n  text-align: center;\n}\n@media (min-width:550px) {\n  #text-3976239374 {\n    font-size: 0.9rem;\n  }\n}\n@media (min-width:850px) {\n  #text-3976239374 {\n    font-size: 1rem;\n  }\n}\n<\/style>\n\t<\/div>\n\t\n\t\t<\/div>\n\t\t\t\t\n<style>\n#col-1689211765 > .col-inner {\n  padding: 50px 50px 71px 50px;\n}\n@media (min-width:550px) {\n  #col-1689211765 > .col-inner {\n    padding: 10px 10px 10px 11px;\n  }\n}\n@media (min-width:850px) {\n  #col-1689211765 > .col-inner {\n    padding: 10% 10% 10% 10%;\n  }\n}\n<\/style>\n\t<\/div>\n\n\t\n\n<style>\n#row-1202002922 > .col > .col-inner {\n  background-color: rgb(238, 238, 238);\n}\n<\/style>\n<\/div>\n\t<div id=\"gap-2011136500\" class=\"gap-element clearfix\" style=\"display:block; height:auto;\">\n\t\t\n<style>\n#gap-2011136500 {\n  padding-top: 100px;\n}\n<\/style>\n\t<\/div>\n\t\n\t\t<\/div>\n\n\t\t\n<style>\n#section_1834137800 {\n  padding-top: 0px;\n  padding-bottom: 0px;\n}\n<\/style>\n\t<\/section>\n\t\n\t<section class=\"section has-mask mask-arrow\" id=\"section_957430973\">\n\t\t<div class=\"bg section-bg fill bg-fill  bg-loaded\" >\n\n\t\t\t\n\t\t\t\n\t\t\t\n\n\t\t<\/div>\n\n\t\t\n\n\t\t<div class=\"section-content relative\">\n\t\t\t\n\n\t<div id=\"gap-1905394168\" class=\"gap-element clearfix\" style=\"display:block; height:auto;\">\n\t\t\n<style>\n#gap-1905394168 {\n  padding-top: 40px;\n}\n<\/style>\n\t<\/div>\n\t\n\n<div class=\"row align-center\"  id=\"row-399619475\">\n\n\n\t<div id=\"col-228659763\" class=\"col medium-7 small-12 large-7\"  data-animate=\"fadeInUp\">\n\t\t\t\t<div class=\"col-inner text-center dark\"  >\n\t\t\t\n\t\t\t\n\n\t<div id=\"text-344114522\" class=\"text\">\n\t\t\n\n<h3><span style=\"font-size: 225%; color: #ffffff;\">Testimonios<\/span><\/h3>\n\t\t\n<style>\n#text-344114522 {\n  color: rgb(255,255,255);\n}\n#text-344114522 > * {\n  color: rgb(255,255,255);\n}\n<\/style>\n\t<\/div>\n\t\n\n\t\t<\/div>\n\t\t\t\t\t<\/div>\n\n\t\n\n\t<div id=\"col-990501151\" class=\"col medium-10 small-12 large-10\"  >\n\t\t\t\t<div class=\"col-inner\"  >\n\t\t\t\n\t\t\t\n\n<div class=\"row align-center\"  id=\"row-389326425\">\n\n\n\t<div id=\"col-1590565907\" class=\"col medium-9 small-12 large-5\"  data-animate=\"fadeInUp\">\n\t\t\t\t<div class=\"col-inner\" style=\"background-color:rgb(255,255,255);\" >\n\t\t\t\n\t\t\t\n\n  <div class=\"icon-box testimonial-box icon-box-left text-left\">\n                <div class=\"icon-box-img testimonial-image circle\" style=\"width: 80px\">\n              <img loading=\"lazy\" decoding=\"async\" width=\"150\" height=\"150\" src=\"https:\/\/pilgrimgroupstravel.com\/wp-content\/uploads\/2023\/12\/cathedral-in-barcelona-2023-11-27-05-30-59-utc-1-150x150.jpg\" class=\"attachment-thumbnail size-thumbnail\" alt=\"\" srcset=\"https:\/\/pilgrimgroupstravel.com\/wp-content\/uploads\/2023\/12\/cathedral-in-barcelona-2023-11-27-05-30-59-utc-1-150x150.jpg 150w, https:\/\/pilgrimgroupstravel.com\/wp-content\/uploads\/2023\/12\/cathedral-in-barcelona-2023-11-27-05-30-59-utc-1-scaled-100x100.jpg 100w\" sizes=\"auto, (max-width: 150px) 100vw, 150px\" \/>        <\/div>\n                <div class=\"icon-box-text p-last-0\">\n          <div class=\"star-rating\"><span style=\"width:100%\"><strong class=\"rating\"><\/strong><\/span><\/div>  \t\t\t\t<div class=\"testimonial-text line-height-small italic test_text first-reset last-reset is-italic\">\n            \n\n<p>Confiamos a PILGRIM la organizaci\u00f3n de nuestra peregrinaci\u00f3n parroquial y fue una bendici\u00f3n. Se ocuparon de todo con profesionalidad y cari\u00f1o, desde los vuelos hasta cada visita. Los peregrinos se sintieron acompa\u00f1ados en todo momento y yo pude centrarme en lo pastoral sin preocuparme de lo log\u00edstico.<\/p>\n\n          <\/div>\n          <div class=\"testimonial-meta pt-half\">\n             <strong class=\"testimonial-name test_name\"><\/strong>\n                          <span class=\"testimonial-company test_company\"><\/span>\n          <\/div>\n        <\/div>\n  <\/div>\n\n  \n\n\t\t<\/div>\n\t\t\t\t\n<style>\n#col-1590565907 > .col-inner {\n  border-radius: 20px;\n}\n<\/style>\n\t<\/div>\n\n\t\n\n\t<div id=\"col-855709457\" class=\"col medium-9 small-12 large-6\"  data-animate=\"fadeInUp\">\n\t\t\t\t<div class=\"col-inner\" style=\"background-color:rgb(255,255,255);\" >\n\t\t\t\n\t\t\t\n\n  <div class=\"icon-box testimonial-box icon-box-left text-left\">\n                <div class=\"icon-box-img testimonial-image circle\" style=\"width: 80px\">\n              <img loading=\"lazy\" decoding=\"async\" width=\"150\" height=\"150\" src=\"https:\/\/pilgrimgroupstravel.com\/wp-content\/uploads\/2023\/12\/thumb-1-150x150.jpeg\" class=\"attachment-thumbnail size-thumbnail\" alt=\"\" srcset=\"https:\/\/pilgrimgroupstravel.com\/wp-content\/uploads\/2023\/12\/thumb-1-150x150.jpeg 150w, https:\/\/pilgrimgroupstravel.com\/wp-content\/uploads\/2023\/12\/thumb-1-100x100.jpeg 100w\" sizes=\"auto, (max-width: 150px) 100vw, 150px\" \/>        <\/div>\n                <div class=\"icon-box-text p-last-0\">\n          <div class=\"star-rating\"><span style=\"width:100%\"><strong class=\"rating\"><\/strong><\/span><\/div>  \t\t\t\t<div class=\"testimonial-text line-height-small italic test_text first-reset last-reset is-italic\">\n            \n\n<p>En nombre de nuestra di\u00f3cesis quiero agradecer a Pilgrim GRoups Travel su dedicaci\u00f3n en la peregrinaci\u00f3n al Jubileo de Roma 2025. La coordinaci\u00f3n entre Espa\u00f1a y Am\u00e9rica fue perfecta, y se not\u00f3 que conocen los dos lados del Atl\u00e1ntico. Nuestros peregrinos quedaron encantados.<\/p>\n\n\n          <\/div>\n          <div class=\"testimonial-meta pt-half\">\n             <strong class=\"testimonial-name test_name\"><\/strong>\n                          <span class=\"testimonial-company test_company\"><\/span>\n          <\/div>\n        <\/div>\n  <\/div>\n\n  \n\n\t\t<\/div>\n\t\t\t\t\n<style>\n#col-855709457 > .col-inner {\n  border-radius: 20px;\n}\n<\/style>\n\t<\/div>\n\n\t\n\n\t<div id=\"col-2041551597\" class=\"col medium-9 small-12 large-6\"  data-animate=\"fadeInUp\">\n\t\t\t\t<div class=\"col-inner\" style=\"background-color:rgb(255,255,255);\" >\n\t\t\t\n\t\t\t\n\n  <div class=\"icon-box testimonial-box icon-box-left text-left\">\n                <div class=\"icon-box-img testimonial-image circle\" style=\"width: 80px\">\n              <img loading=\"lazy\" decoding=\"async\" width=\"150\" height=\"150\" src=\"https:\/\/pilgrimgroupstravel.com\/wp-content\/uploads\/2023\/12\/granada-cathedral-facade-at-plaza-de-las-paciegas-2023-11-27-05-03-18-utc-1-150x150.jpg\" class=\"attachment-thumbnail size-thumbnail\" alt=\"\" srcset=\"https:\/\/pilgrimgroupstravel.com\/wp-content\/uploads\/2023\/12\/granada-cathedral-facade-at-plaza-de-las-paciegas-2023-11-27-05-03-18-utc-1-150x150.jpg 150w, https:\/\/pilgrimgroupstravel.com\/wp-content\/uploads\/2023\/12\/granada-cathedral-facade-at-plaza-de-las-paciegas-2023-11-27-05-03-18-utc-1-scaled-100x100.jpg 100w\" sizes=\"auto, (max-width: 150px) 100vw, 150px\" \/>        <\/div>\n                <div class=\"icon-box-text p-last-0\">\n          <div class=\"star-rating\"><span style=\"width:100%\"><strong class=\"rating\"><\/strong><\/span><\/div>  \t\t\t\t<div class=\"testimonial-text line-height-small italic test_text first-reset last-reset is-italic\">\n            \n\n<p>Nuestra comunidad viaj\u00f3 a F\u00e1tima y Lourdes con pilgrim groups travel y la experiencia super\u00f3 todas las expectativas. La atenci\u00f3n personalizada, los precios competitivos y la cercan\u00eda de una empresa familiar hicieron que todo fuera f\u00e1cil y seguro. Sin duda volveremos a viajar con ellos.<\/p>\n\n          <\/div>\n          <div class=\"testimonial-meta pt-half\">\n             <strong class=\"testimonial-name test_name\"><\/strong>\n                          <span class=\"testimonial-company test_company\"><\/span>\n          <\/div>\n        <\/div>\n  <\/div>\n\n  \n\n\t\t<\/div>\n\t\t\t\t\n<style>\n#col-2041551597 > .col-inner {\n  border-radius: 20px;\n}\n<\/style>\n\t<\/div>\n\n\t\n\n\t<div id=\"col-1795760025\" class=\"col medium-9 small-12 large-6\"  data-animate=\"fadeInUp\">\n\t\t\t\t<div class=\"col-inner\" style=\"background-color:rgb(255,255,255);\" >\n\t\t\t\n\t\t\t\n\n  <div class=\"icon-box testimonial-box icon-box-left text-left\">\n                <div class=\"icon-box-img testimonial-image circle\" style=\"width: 80px\">\n              <img loading=\"lazy\" decoding=\"async\" width=\"150\" height=\"150\" src=\"https:\/\/pilgrimgroupstravel.com\/wp-content\/uploads\/2023\/12\/church-of-santa-maria-la-mayor-door-ronda-andal-2023-11-27-05-17-12-utc-150x150.jpg\" class=\"attachment-thumbnail size-thumbnail\" alt=\"\" srcset=\"https:\/\/pilgrimgroupstravel.com\/wp-content\/uploads\/2023\/12\/church-of-santa-maria-la-mayor-door-ronda-andal-2023-11-27-05-17-12-utc-150x150.jpg 150w, https:\/\/pilgrimgroupstravel.com\/wp-content\/uploads\/2023\/12\/church-of-santa-maria-la-mayor-door-ronda-andal-2023-11-27-05-17-12-utc-100x100.jpg 100w\" sizes=\"auto, (max-width: 150px) 100vw, 150px\" \/>        <\/div>\n                <div class=\"icon-box-text p-last-0\">\n          <div class=\"star-rating\"><span style=\"width:100%\"><strong class=\"rating\"><\/strong><\/span><\/div>  \t\t\t\t<div class=\"testimonial-text line-height-small italic test_text first-reset last-reset is-italic\">\n            \n\n<p>Era mi primera peregrinaci\u00f3n y estaba nerviosa, pero desde el primer d\u00eda el equipo me hizo sentir en familia. Cada detalle estuvo cuidado: los hoteles, las comidas, las visitas espirituales. Regres\u00e9 renovada en la fe y con amigos nuevos. Gracias por hacerlo posible.<\/p>\n\n          <\/div>\n          <div class=\"testimonial-meta pt-half\">\n             <strong class=\"testimonial-name test_name\"><\/strong>\n                          <span class=\"testimonial-company test_company\"><\/span>\n          <\/div>\n        <\/div>\n  <\/div>\n\n  \n\n\t\t<\/div>\n\t\t\t\t\n<style>\n#col-1795760025 > .col-inner {\n  border-radius: 20px;\n}\n<\/style>\n\t<\/div>\n\n\t\n\n\t<div id=\"col-926022539\" class=\"col medium-9 small-12 large-7\"  data-animate=\"fadeInUp\">\n\t\t\t\t<div class=\"col-inner\" style=\"background-color:rgb(255,255,255);\" >\n\t\t\t\n\t\t\t\n\n  <div class=\"icon-box testimonial-box icon-box-left text-left\">\n                <div class=\"icon-box-img testimonial-image circle\" style=\"width: 80px\">\n              <img loading=\"lazy\" decoding=\"async\" width=\"150\" height=\"150\" src=\"https:\/\/pilgrimgroupstravel.com\/wp-content\/uploads\/2023\/12\/low-angle-shot-of-st-patrick-cathedral-interior-i-2023-11-27-04-52-12-utc-150x150.jpg\" class=\"attachment-thumbnail size-thumbnail\" alt=\"\" srcset=\"https:\/\/pilgrimgroupstravel.com\/wp-content\/uploads\/2023\/12\/low-angle-shot-of-st-patrick-cathedral-interior-i-2023-11-27-04-52-12-utc-150x150.jpg 150w, https:\/\/pilgrimgroupstravel.com\/wp-content\/uploads\/2023\/12\/low-angle-shot-of-st-patrick-cathedral-interior-i-2023-11-27-04-52-12-utc-scaled-100x100.jpg 100w\" sizes=\"auto, (max-width: 150px) 100vw, 150px\" \/>        <\/div>\n                <div class=\"icon-box-text p-last-0\">\n          <div class=\"star-rating\"><span style=\"width:100%\"><strong class=\"rating\"><\/strong><\/span><\/div>  \t\t\t\t<div class=\"testimonial-text line-height-small italic test_text first-reset last-reset is-italic\">\n            \n\n<p>Viajamos a Italia con un grupo de la tercera edad y Pilgrims lo organiz\u00f3 todo pensando en nuestras necesidades: horarios c\u00f3modos, hoteles accesibles y un programa cultural y religioso riqu\u00edsimo. La organizaci\u00f3n fue impecable y el trato, inmejorable..<\/p>\n\n          <\/div>\n          <div class=\"testimonial-meta pt-half\">\n             <strong class=\"testimonial-name test_name\"><\/strong>\n                          <span class=\"testimonial-company test_company\"><\/span>\n          <\/div>\n        <\/div>\n  <\/div>\n\n  \n\n\t\t<\/div>\n\t\t\t\t\n<style>\n#col-926022539 > .col-inner {\n  border-radius: 20px;\n}\n<\/style>\n\t<\/div>\n\n\t\n\n\n<style>\n#row-389326425 > .col > .col-inner {\n  padding: 15px 15px 5px 15px;\n}\n<\/style>\n<\/div>\n\n\t\t<\/div>\n\t\t\t\t\t<\/div>\n\n\t\n\n<\/div>\n\n\t\t<\/div>\n\n\t\t\n<style>\n#section_957430973 {\n  padding-top: 100px;\n  padding-bottom: 100px;\n  background-color: #1b75bc;\n}\n<\/style>\n\t<\/section>\n\t\n","protected":false},"excerpt":{"rendered":"","protected":false},"author":1,"featured_media":0,"parent":0,"menu_order":0,"comment_status":"closed","ping_status":"closed","template":"page-blank.php","meta":{"footnotes":""},"class_list":["post-364","page","type-page","status-publish","hentry"],"_links":{"self":[{"href":"https:\/\/pilgrimgroupstravel.com\/es\/wp-json\/wp\/v2\/pages\/364","targetHints":{"allow":["GET"]}}],"collection":[{"href":"https:\/\/pilgrimgroupstravel.com\/es\/wp-json\/wp\/v2\/pages"}],"about":[{"href":"https:\/\/pilgrimgroupstravel.com\/es\/wp-json\/wp\/v2\/types\/page"}],"author":[{"embeddable":true,"href":"https:\/\/pilgrimgroupstravel.com\/es\/wp-json\/wp\/v2\/users\/1"}],"replies":[{"embeddable":true,"href":"https:\/\/pilgrimgroupstravel.com\/es\/wp-json\/wp\/v2\/comments?post=364"}],"version-history":[{"count":4,"href":"https:\/\/pilgrimgroupstravel.com\/es\/wp-json\/wp\/v2\/pages\/364\/revisions"}],"predecessor-version":[{"id":715,"href":"https:\/\/pilgrimgroupstravel.com\/es\/wp-json\/wp\/v2\/pages\/364\/revisions\/715"}],"wp:attachment":[{"href":"https:\/\/pilgrimgroupstravel.com\/es\/wp-json\/wp\/v2\/media?parent=364"}],"curies":[{"name":"wp","href":"https:\/\/api.w.org\/{rel}","templated":true}]}}