{"id":376,"date":"2023-12-30T03:53:26","date_gmt":"2023-12-30T03:53:26","guid":{"rendered":"https:\/\/pilgrimgroupstravel.gigdemo.xyz\/politica-de-privacidad\/"},"modified":"2026-04-02T04:45:10","modified_gmt":"2026-04-02T04:45:10","slug":"politica-de-privacidad","status":"publish","type":"page","link":"https:\/\/pilgrimgroupstravel.com\/es\/politica-de-privacidad\/","title":{"rendered":"Pol\u00edtica de privacidad"},"content":{"rendered":"\t<section class=\"section\" id=\"section_1503600385\">\n\t\t<div class=\"bg section-bg fill bg-fill  bg-loaded\" >\n\n\t\t\t\n\t\t\t\n\t\t\t\n\n\t\t<\/div>\n\n\t\t\n\n\t\t<div class=\"section-content relative\">\n\t\t\t\n<div class=\"row align-center\" style=\"max-width:1200px\" id=\"row-104524911\">\n\n\t<div id=\"col-450151482\" class=\"col medium-7 small-12 large-7\"  >\n\t\t\t\t<div class=\"col-inner\"  >\n\t\t\t\n\t\t\t\n\t<div id=\"gap-157612480\" class=\"gap-element clearfix\" style=\"display:block; height:auto;\">\n\t\t\n<style>\n#gap-157612480 {\n  padding-top: 50px;\n}\n<\/style>\n\t<\/div>\n\t\n\t<div id=\"text-4268224909\" class=\"text\">\n\t\t\n<h2>Pol\u00edtica de privacidad<\/h2>\n\t\t\n<style>\n#text-4268224909 {\n  font-size: 2.25rem;\n  text-align: center;\n}\n<\/style>\n\t<\/div>\n\t\n<div class=\"text-center\"><div class=\"is-divider divider clearfix\" style=\"margin-top:1.1em;margin-bottom:1.1em;max-width:120px;height:4px;\"><\/div><\/div>\n\t\t<\/div>\n\t\t\t\t\t<\/div>\n\n\t\n<\/div>\n<div class=\"row\"  id=\"row-341886152\">\n\n\t<div id=\"col-626683427\" class=\"col small-12 large-12\"  >\n\t\t\t\t<div class=\"col-inner\"  >\n\t\t\t\n\t\t\t\n<p>Pol\u00edtica de privacidad<\/p>\n<p>Bienvenido a la Pol\u00edtica de Privacidad de Pilgrim Groups Travel LLC. La protecci\u00f3n de sus datos personales es muy importante para nosotros. Nos comprometemos a garantizar la confidencialidad y seguridad de la informaci\u00f3n que nos proporciona.<\/p>\n<p>Pilgrim Groups Travel LLC es una empresa registrada en Estados Unidos, con direcci\u00f3n en 1712 Pioneer Ave #101, Cheyenne, WY 82001, y con operaciones en Miami (Florida) y en otros lugares de los Estados Unidos.<\/p>\n<p>Informaci\u00f3n que recopilamos<\/p>\n<p>Recopilamos diferentes tipos de informaci\u00f3n con el fin de proporcionar y mejorar nuestros servicios:<\/p>\n<p>\u2022 Informaci\u00f3n personal: nombre, direcci\u00f3n de correo electr\u00f3nico, n\u00famero de tel\u00e9fono y cualquier otra informaci\u00f3n que nos proporcione voluntariamente al contactarnos o registrarse en nuestros servicios.<\/p>\n<p>\u2022 Informaci\u00f3n de pago: en caso de contrataci\u00f3n de servicios, los datos necesarios para procesar pagos de forma segura a trav\u00e9s de proveedores externos.<\/p>\n<p>\u2022 Datos de uso: informaci\u00f3n sobre c\u00f3mo interact\u00faa con nuestro sitio web, incluyendo p\u00e1ginas visitadas, tiempo de navegaci\u00f3n y otros datos anal\u00edticos.<\/p>\n<p>\u2022 Cookies y tecnolog\u00edas de seguimiento: utilizamos cookies para mejorar su experiencia de navegaci\u00f3n y analizar el uso de nuestro sitio web.<\/p>\n<p>C\u00f3mo utilizamos su informaci\u00f3n<\/p>\n<p>Utilizamos la informaci\u00f3n recopilada para:<\/p>\n<p>\u2022 Prestar y gestionar nuestros servicios de organizaci\u00f3n de viajes y peregrinaciones.<br \/>\u2022 Comunicarnos con usted en relaci\u00f3n con consultas, reservas o solicitudes de informaci\u00f3n.<br \/>\u2022 Enviar informaci\u00f3n relevante sobre nuestros servicios, siempre que haya dado su consentimiento.<br \/>\u2022 Mejorar la funcionalidad y el contenido de nuestro sitio web.<br \/>\u2022 Cumplir con obligaciones legales y regulatorias.<\/p>\n<p>Compartici\u00f3n de datos personales<\/p>\n<p>Podremos compartir su informaci\u00f3n personal \u00fanicamente cuando sea necesario para la correcta prestaci\u00f3n de nuestros servicios, incluyendo:<\/p>\n<p>\u2022 Proveedores de servicios (aerol\u00edneas, hoteles, agencias receptivas, aseguradoras, etc.)<br \/>\u2022 Plataformas de pago seguras<br \/>\u2022 Autoridades competentes cuando sea requerido por ley<\/p>\n<p>En ning\u00fan caso vendemos ni cedemos sus datos personales a terceros con fines comerciales.<\/p>\n<p>Sus derechos<\/p>\n<p>Usted tiene derecho a:<\/p>\n<p>\u2022 Acceder a sus datos personales<br \/>\u2022 Solicitar la correcci\u00f3n de datos inexactos<br \/>\u2022 Solicitar la eliminaci\u00f3n de sus datos cuando ya no sean necesarios<br \/>\u2022 Oponerse al tratamiento de sus datos en determinadas circunstancias<\/p>\n<p>Para ejercer estos derechos, puede contactarnos en cualquier momento.<\/p>\n<p>Seguridad de los datos<\/p>\n<p>Aplicamos medidas t\u00e9cnicas y organizativas adecuadas para proteger sus datos personales frente a accesos no autorizados, p\u00e9rdida o alteraci\u00f3n.<\/p>\n<p>Cambios en esta pol\u00edtica<\/p>\n<p>Nos reservamos el derecho de actualizar esta Pol\u00edtica de Privacidad en cualquier momento. Cualquier cambio ser\u00e1 publicado en esta misma p\u00e1gina.<\/p>\n<p>Contacto<\/p>\n<p>Si tiene cualquier pregunta sobre esta Pol\u00edtica de Privacidad o sobre el tratamiento de sus datos, puede contactarnos en:<\/p>\n<p>Email: info@pilgrimgroupstravel.com<br \/>Tel\u00e9fono: +1 (305) 491-7562<\/p>\n<p>\u00a0<\/p>\n<h3>La presente pol\u00edtica se aplica a usuarios ubicados en los Estados Unidos y a nivel internacional.<\/h3>\n\t\t<\/div>\n\t\t\t\t\t<\/div>\n\n\t\n<\/div>\n\t\t<\/div>\n\n\t\t\n<style>\n#section_1503600385 {\n  padding-top: 30px;\n  padding-bottom: 30px;\n}\n<\/style>\n\t<\/section>\n\t\n\t<section class=\"section dark\" id=\"section_1232886900\">\n\t\t<div class=\"bg section-bg fill bg-fill  bg-loaded\" >\n\n\t\t\t\n\t\t\t\n\t\t\t\n\n\t\t<\/div>\n\n\t\t\n\n\t\t<div class=\"section-content relative\">\n\t\t\t\n\n<div class=\"row\"  id=\"row-920093254\">\n\n\n\t<div id=\"col-1157341984\" class=\"col small-12 large-12\"  >\n\t\t\t\t<div class=\"col-inner text-center\"  >\n\t\t\t\n\t\t\t\n\n<h2><span style=\"font-size: 200%;\">P\u00f3ngase en contacto<\/span><\/h2>\n<a href=\"https:\/\/pilgrimgroupstravel.com\/es\/pongase-en-contacto-con\/\" class=\"button white is-underline\"  >\n    <span>CONTACTO<\/span>\n  <\/a>\n\n\n\n\t\t<\/div>\n\t\t\t\t\n<style>\n#col-1157341984 > .col-inner {\n  padding: 30px 0px 0px 0px;\n}\n<\/style>\n\t<\/div>\n\n\t\n\n<\/div>\n\t<div id=\"gap-1118154630\" class=\"gap-element clearfix\" style=\"display:block; height:auto;\">\n\t\t\n<style>\n#gap-1118154630 {\n  padding-top: 30px;\n}\n<\/style>\n\t<\/div>\n\t\n\n<div class=\"row\"  id=\"row-500108795\">\n\n\n\t<div id=\"col-1886703357\" class=\"col medium-3 small-12 large-3\"  >\n\t\t\t\t<div class=\"col-inner text-center\"  >\n\t\t\t\n\t\t\t\n\n<p><span style=\"font-size: 14.4px;\">Miami Tower<br \/>\n100SE 2nd St. Suite 2000, Off #29<br \/>\nMiami, 33131 (FL), USA<\/span><\/p>\n\n\n\t\t<\/div>\n\t\t\t\t\t<\/div>\n\n\t\n\n\t<div id=\"col-1674643359\" class=\"col medium-3 small-12 large-3\"  >\n\t\t\t\t<div class=\"col-inner text-center\"  >\n\t\t\t\n\t\t\t\n\n<p>info@pilgrimgroupstravel.com<\/p>\n<p>(305) 491 - 7562<br \/>\n(561) 299 -4787<\/p>\n\n\n\t\t<\/div>\n\t\t\t\t\t<\/div>\n\n\t\n\n\t<div id=\"col-83108273\" class=\"col medium-3 small-12 large-3\"  >\n\t\t\t\t<div class=\"col-inner text-center\"  >\n\t\t\t\n\t\t\t\n\n<p>Services<br \/>\nBookings<\/p>\n\n\t\t<\/div>\n\t\t\t\t\t<\/div>\n\n\t\n\n\t<div id=\"col-78249326\" class=\"col medium-3 small-12 large-3\"  >\n\t\t\t\t<div class=\"col-inner text-center\"  >\n\t\t\t\n\t\t\t\n\n<p><a href=\"#\">About<\/a><br \/>\n<a href=\"#\">Contact<\/a><\/p>\n\n\t\t<\/div>\n\t\t\t\t\t<\/div>\n\n\t\n\n<\/div>\n<div class=\"social-icons follow-icons full-width text-center\" style=\"font-size:110%\"><a href=\"#\" target=\"_blank\" data-label=\"Facebook\" class=\"icon plain facebook tooltip\" title=\"S\u00edguenos en Facebook\" aria-label=\"S\u00edguenos en Facebook\" rel=\"noopener nofollow\" ><i class=\"icon-facebook\" ><\/i><\/a><a href=\"#\" target=\"_blank\" data-label=\"Instagram\" class=\"icon plain instagram tooltip\" title=\"S\u00edguenos en Instagram\" aria-label=\"S\u00edguenos en Instagram\" rel=\"noopener nofollow\" ><i class=\"icon-instagram\" ><\/i><\/a><a href=\"#\" target=\"_blank\" data-label=\"TikTok\" class=\"icon plain tiktok tooltip\" title=\"S\u00edguenos en TikTok\" aria-label=\"S\u00edguenos en TikTok\" rel=\"noopener nofollow\" ><i class=\"icon-tiktok\" ><\/i><\/a><a href=\"#\" data-label=\"Twitter\" target=\"_blank\" class=\"icon plain twitter tooltip\" title=\"S\u00edguenos en Twitter\" aria-label=\"S\u00edguenos en Twitter\" rel=\"noopener nofollow\" ><i class=\"icon-twitter\" ><\/i><\/a><a href=\"#\" data-label=\"LinkedIn\" target=\"_blank\" class=\"icon plain linkedin tooltip\" title=\"S\u00edguenos en LinkedIn\" aria-label=\"S\u00edguenos en LinkedIn\" rel=\"noopener nofollow\" ><i class=\"icon-linkedin\" ><\/i><\/a><a href=\"#\" data-label=\"YouTube\" target=\"_blank\" class=\"icon plain youtube tooltip\" title=\"S\u00edguenos en Youtube\" aria-label=\"S\u00edguenos en Youtube\" rel=\"noopener nofollow\" ><i class=\"icon-youtube\" ><\/i><\/a><\/div>\n\n\t<div id=\"gap-1367864707\" class=\"gap-element clearfix\" style=\"display:block; height:auto;\">\n\t\t\n<style>\n#gap-1367864707 {\n  padding-top: 30px;\n}\n<\/style>\n\t<\/div>\n\t\n\n\n\t\t<\/div>\n\n\t\t\n<style>\n#section_1232886900 {\n  padding-top: 60px;\n  padding-bottom: 60px;\n  background-color: #000000;\n}\n<\/style>\n\t<\/section>\n\t\n","protected":false},"excerpt":{"rendered":"","protected":false},"author":1,"featured_media":0,"parent":0,"menu_order":0,"comment_status":"closed","ping_status":"closed","template":"page-blank.php","meta":{"footnotes":""},"class_list":["post-376","page","type-page","status-publish","hentry"],"_links":{"self":[{"href":"https:\/\/pilgrimgroupstravel.com\/es\/wp-json\/wp\/v2\/pages\/376","targetHints":{"allow":["GET"]}}],"collection":[{"href":"https:\/\/pilgrimgroupstravel.com\/es\/wp-json\/wp\/v2\/pages"}],"about":[{"href":"https:\/\/pilgrimgroupstravel.com\/es\/wp-json\/wp\/v2\/types\/page"}],"author":[{"embeddable":true,"href":"https:\/\/pilgrimgroupstravel.com\/es\/wp-json\/wp\/v2\/users\/1"}],"replies":[{"embeddable":true,"href":"https:\/\/pilgrimgroupstravel.com\/es\/wp-json\/wp\/v2\/comments?post=376"}],"version-history":[{"count":4,"href":"https:\/\/pilgrimgroupstravel.com\/es\/wp-json\/wp\/v2\/pages\/376\/revisions"}],"predecessor-version":[{"id":721,"href":"https:\/\/pilgrimgroupstravel.com\/es\/wp-json\/wp\/v2\/pages\/376\/revisions\/721"}],"wp:attachment":[{"href":"https:\/\/pilgrimgroupstravel.com\/es\/wp-json\/wp\/v2\/media?parent=376"}],"curies":[{"name":"wp","href":"https:\/\/api.w.org\/{rel}","templated":true}]}}