{"id":449,"date":"2024-01-01T20:51:51","date_gmt":"2024-01-01T20:51:51","guid":{"rendered":"https:\/\/pilgrimgroupstravel.gigdemo.xyz\/product\/huellas-de-san-pablo\/"},"modified":"2024-02-07T14:48:19","modified_gmt":"2024-02-07T14:48:19","slug":"huellas-de-san-pablo","status":"publish","type":"product","link":"https:\/\/pilgrimgroupstravel.com\/es\/producto\/huellas-de-san-pablo\/","title":{"rendered":"Tras las huellas de San Pablo en Turqu\u00eda"},"content":{"rendered":"<p><b>D\u00cdA 1\u00ba.\u00a0<span class=\"Apple-converted-space\">\u00a0<\/span>Aeropuerto de Origen \u2013 Estambul \u2013 Adana<\/b><\/p>\n<p>Presentaci\u00f3n en el aeropuerto de origen dos horas antes de la salida de nuestro vuelo con destino Adana, v\u00eda Estambul. A la llegada nos trasladaremos al hotel para pasar la noche.\u00a0<b>Noche en Adana<\/b>.<\/p>\n<p><b>D\u00eda 2\u00ba. Adana \u2013 Tarso \u2013 Capadocia<\/b><\/p>\n<p>Esta ma\u00f1ana, nos dirigiremos a Tarso, que fue en su momento capital de la provincia de Cilicia. Tarso fue el lugar donde Marco Antonio y Cleopatra se conocieron, y es donde naci\u00f3 Pablo el Ap\u00f3stol. Seg\u00fan Hechos, Pablo naci\u00f3 como \u201cSaulo de Tarso\u201d, pero vivi\u00f3 en Jerusal\u00e9n y se convirti\u00f3 en \u201cPablo Ap\u00f3stol\u201d despu\u00e9s de su encuentro con Cristo (Hechos 9:11; 21:39; 22: 3). Visitaremos el pozo de San Pablo y la Puerta de Cleopatra. Luego nos dirigiremos hacia Capadocia. Haremos una parada en Pigeon Valley para disfrutar de una vista panor\u00e1mica de las formaciones rocosas \u00fanicas de esta regi\u00f3n, conocidas popularmente como chimeneas de hadas. Formadas durante muchos siglos por la erosi\u00f3n del viento y el agua sobre rocas volc\u00e1nicas suaves, estas formaciones rocosas se elevan desde el suelo del valle como chimeneas. Los primeros habitantes de esta regi\u00f3n tallaron estas chimeneas con pajareras para recolectar excrementos de palomas que los granjeros locales utilizaron como fertilizante.\u00a0<b>Pensi\u00f3n completa. Noche en Capadocia<\/b>.<\/p>\n<p><b>D\u00eda 3\u00ba. Capadocia<\/b><\/p>\n<p>Esta ma\u00f1ana, visitaremos el Centro Mon\u00e1stico de Goreme. Este museo al aire libre est\u00e1 salpicado de pintorescas iglesias talladas en roca y capillas adornadas con coloridos frescos. Luego, pararemos delaten de las Tres Bellezas, la m\u00e1s famosa de las muchas formaciones de roca c\u00f3nica de la regi\u00f3n. Hoy, tambi\u00e9n caminaremos por el valle de Zelve y veremos sus cientos de casas y capillas talladas en piedra. Luego terminaremos nuestro d\u00eda en el estudio del alfarero en Avanos, una ciudad establecida por los hititas a orillas del r\u00edo Halys. Esta ciudad ha continuado la tradici\u00f3n de alfarer\u00eda de los hititas, que utiliza la famosa arcilla roja del r\u00edo para hacer cer\u00e1mica.\u00a0<b>Pensi\u00f3n completa. Noche en Capadocia<\/b>.<\/p>\n<p><b>D\u00eda 4\u00ba. Capadocia \u2013 Konya \u2013 Antioqu\u00eda de Pisidia \u2013 Pamukkale<\/b><\/p>\n<p>Esta ma\u00f1ana saldremos de Capadocia con destino a Konya, el antiguo Iconio, donde Pablo el Ap\u00f3stol y San Bernab\u00e9 invirtieron muchos de sus esfuerzos misioneros predicando el Evangelio a pesar de la persecuci\u00f3n.<span class=\"Apple-converted-space\">\u00a0\u00a0<\/span>Konya es la tierra de los Derviches Danzantes (variante asc\u00e9tica isl\u00e1mica), y capital del imperio Sely\u00facida durante dos siglos. Visitaremos la tumba y museo de Mevlana, fil\u00f3sofo que fund\u00f3 la orden m\u00edstica de los Derviches Danzantes, famosos por su m\u00edstica girovaga \u00fanica en el mundo. Tambi\u00e9n visitaremos la Iglesia San Pablo en Konya, donde celebraremos la Eucarist\u00eda. Luego, continuaremos hacia Yalvac para visitar los restos de la antigua ciudad de Antioqu\u00eda de Pisidia. Ubicada en la encrucijada de las regiones mediterr\u00e1nea, egea y central de Anatolia, Antioqu\u00eda en Pisidia fue una ciudad capital para muchas culturas diferentes y fue un sitio importante del Cristianismo primitivo en Anatolia. Aqu\u00ed, el ap\u00f3stol Pablo dirigi\u00f3 la primera predicaci\u00f3n a los gentiles y visit\u00f3 la ciudad en cada uno de sus viajes misioneros (Hechos 13: 13\u201352). Se pueden ver los restos de la Plaza de Augusto y las piedras de \u00e9poca romana procedentes de las ruinas y reutilizadas en la construcci\u00f3n de la actual Yalvach. Luego, nos dirigimos a Pamukkale.\u00a0<b>Pensi\u00f3n completa. Noche en Pamukkale<\/b>.<\/p>\n<p><b>D\u00eda 5\u00ba. Pamukkale \u2013 Hier\u00e1polis \u2013 \u00c9feso \u2013 La Casa de la Virgen M<\/b><b>ar\u00eda \u2013 Kusadasi<\/b><\/p>\n<p>Hoy visitaremos los restos arqueol\u00f3gicos de Hier\u00e1polis, un sitio importante del Cristianismo primitivo, gracias a los esfuerzos misioneros de Pablo aqu\u00ed. Visitaremos m\u00e1s tarde \u00c9feso. Ubicado en la moderna ciudad de Sel\u00e7uk, el antiguo \u00c9feso es uno de los sitios arqueol\u00f3gicos mejorconservados de Turqu\u00eda. Originalmente una antigua ciudad j\u00f3nica griega construida en el siglo X aC, \u00c9feso se convirti\u00f3 en la metr\u00f3poli y capital m\u00e1s grande de la provincia romana de Asia Menor. A continuaci\u00f3n visitaremos la Casa de la Virgen Mar\u00eda para ver d\u00f3nde se cree que la madre de Jes\u00fas pas\u00f3 los \u00faltimos d\u00edas de su vida con el ap\u00f3stol Juan.\u00a0<b>Pensi\u00f3n completa. Noche en Kusadasi<\/b>.<span class=\"Apple-converted-space\">\u00a0<\/span><\/p>\n<p><b>D\u00eda 6\u00ba. Kusadasi \u2013 Tiatira \u2013 P\u00e9rgamo \u2013 Troya<\/b><\/p>\n<p>Despu\u00e9s del desayuno, nos trasladaremos hacia Akhisar y comenzaremos nuestro d\u00eda con una visita a Tiatira, una las Siete Iglesias alabada por su creciente fe, pero amonestada por su tolerancia con Jezabel (Apocalipsis 2: 18-28). Recorreremos la Acr\u00f3polis, que se encuentra en la cima de una monta\u00f1a azotada por el viento, de 1000 pies, que ofrece una vista de las ciudades modernas vecinas, de las aguas azules del Egeo y de las ruinas de P\u00e9rgamo que caen en cascada desde el antiguo centro de la ciudad. En P\u00e9rgamo, nuestra siguiente visita, veremos el Templo de Trajano, el Templo de Atenea y el Altar de Zeus. Luego continuaremos hacia la legendaria ciudad de Troya. Establecido ya en el a\u00f1o 3.000 aC, Troya se hizo famosa por la Il\u00edada de Homero, el poema \u00e9pico que narra la Guerra de Troya.\u00a0<b>Pensi\u00f3n completa. Noche en Troya.<\/b><\/p>\n<p><b>D\u00eda 7\u00ba. <span class=\"Apple-converted-space\">C<\/span>annakale \u2013 Bursa \u2013 Nicea \u2013 Estambul<\/b><\/p>\n<p>Por la ma\u00f1ana nos trasladaremos hasta Bursa para visitar la Mezquita Verde, la Tumba Verde, la Gran Mezquita y la Koza Han. Seguiremos hasta Iznik, anteriormente conocida como Nicea, originalmente una importante ciudad romana y bizantina donde se celebr\u00f3 el primer Concilio ecum\u00e9nico durante el reinado de Constantino en el a\u00f1o 325 DC. Tras la visita seguiremos hasta Estambul.\u00a0<b>Pensi\u00f3n completa. Noche en Estambul.<\/b><\/p>\n<p><b>D\u00eda 8\u00ba. Estambul<\/b><\/p>\n<p>Comenzaremos nuestro d\u00eda con una ma\u00f1ana de compras en el Bazar de las Especias de Emin\u00f6n\u00fc, conocido tambi\u00e9n como el Bazar egipcio. Este gran mercado cubierto ha seguido siendo el centro de la ciudad para el comercio de especias desde su creaci\u00f3n en el siglo XVII. Luego nos embarcaremos en un crucero por el B\u00f3sforo, que separa Europa y Asia y conecta el Mar Negro con el Mar interior de M\u00e1rmara. Este es el momento para disfrutar de las vistas de las antiguas mansiones de madera, los palacios otomanos y las antiguas fortalezas que salpican la costa del r\u00edo. Luego, nos dirigiremos a la Iglesia de San Salvador en Chora. Esta iglesia es un exquisito ejemplo de arquitectura bizantina y est\u00e1 adornada con frescos del siglo XIII y mosaicos dorados. Terminaremos nuestro d\u00eda en la Mezquita de S\u00fcleymaniye, el mayor logro de Mimar Sinan, que estaba tan orgulloso de su creaci\u00f3n que decidi\u00f3 ser enterrado al lado. Aqu\u00ed, vemos la magn\u00edfica c\u00fapula y recorremos el complejo de la mezquita, pasando los mausoleos de S\u00fcleyman y Roxelana. Y desde la terraza de la mezquita podemos disfrutar de una incre\u00edble vista panor\u00e1mica del Cuerno de Oro.\u00a0<b>Pensi\u00f3n completa. Noche en Estambul.<\/b><\/p>\n<p><b>D\u00eda 9\u00ba. <span class=\"Apple-converted-space\">E<\/span>stambul<\/b><\/p>\n<p><span class=\"Apple-converted-space\">\u00a0\u00a0 \u00a0 \u00a0 \u00a0\u00a0<\/span>Por la ma\u00f1ana comenzaremos nuestro recorrido por los lugares hist\u00f3ricos m\u00e1s destacados de Estambul. Primero, pasearemos por la Plaza del Hip\u00f3dromo, el antiguo centro deportivo y social de Constantinopla que fue sede de carreras de carros durante el per\u00edodo romano. Despu\u00e9s admiraremos la majestad y esplendor de la Mezquita del Sult\u00e1n Ahmet. Conocida popularmente como la Mezquita Azul, este santuario otomano del siglo XVII est\u00e1 adornado con seis minaretes y m\u00e1s de 20,000 azulejos de Iznik pintados a mano. Iremos a continuaci\u00f3n<span class=\"Apple-converted-space\">\u00a0\u00a0<\/span>frente a la mezquita para visitar la obra maestra de Hagia Sophia, que fue la gran Bas\u00edlica de la Constantinopla cristiana, antes de dirigirnos al Palacio de Topkapi. Ubicado en la misma parte de la pen\u00ednsula donde se fund\u00f3 Constantinopla, el Palacio de Topkapi es la antigua morada de los sultanes otomanos que a\u00fan alberga sus tesoros, entre ellos una extensa colecci\u00f3n de joyas reales. Luego, terminaremos el d\u00eda con una noche de compras en el Gran Bazar, el enorme mercado cubierto que alberga un laberinto de calles bordeadas de tiendas que venden joyas, productos de cuero y muchos otros recuerdos artesanales.\u00a0<b>Pensi\u00f3n completa. Noche en Estambul<\/b>.<\/p>\n<p><b>D\u00eda 10\u00ba. Estambul \u2013 Aeropuerto de origen<\/b><\/p>\n<p><span class=\"Apple-converted-space\">\u00a0\u00a0 \u00a0 \u00a0 \u00a0\u00a0<\/span>Tras el\u00a0<b>desayuno<\/b>, a la hora que se determine, nos trasladaremos al aeropuerto para coger nuestro vuelo con destino a nuestro aeropuerto de origen. Llegada. Fin del viaje y de nuestros servicios.<\/p>\n","protected":false},"excerpt":{"rendered":"<p><span data-aid=\"TRUNCATE_DESCRIPTION\">Se trata de una peregrinaci\u00f3n que pretende recorrer los mismos caminos que visit\u00f3 Pablo de Tarso en sus m\u00faltiples viajes. Es una experiencia \u00fanica e inolvidable.<\/span><\/p>\n","protected":false},"featured_media":543,"template":"","meta":[],"product_brand":[],"product_cat":[44],"product_tag":[],"class_list":{"0":"post-449","1":"product","2":"type-product","3":"status-publish","4":"has-post-thumbnail","6":"product_cat-rutas-de-los-apostoles","8":"first","9":"instock","10":"shipping-taxable","11":"product-type-simple"},"_links":{"self":[{"href":"https:\/\/pilgrimgroupstravel.com\/es\/wp-json\/wp\/v2\/product\/449","targetHints":{"allow":["GET"]}}],"collection":[{"href":"https:\/\/pilgrimgroupstravel.com\/es\/wp-json\/wp\/v2\/product"}],"about":[{"href":"https:\/\/pilgrimgroupstravel.com\/es\/wp-json\/wp\/v2\/types\/product"}],"wp:featuredmedia":[{"embeddable":true,"href":"https:\/\/pilgrimgroupstravel.com\/es\/wp-json\/wp\/v2\/media\/543"}],"wp:attachment":[{"href":"https:\/\/pilgrimgroupstravel.com\/es\/wp-json\/wp\/v2\/media?parent=449"}],"wp:term":[{"taxonomy":"product_brand","embeddable":true,"href":"https:\/\/pilgrimgroupstravel.com\/es\/wp-json\/wp\/v2\/product_brand?post=449"},{"taxonomy":"product_cat","embeddable":true,"href":"https:\/\/pilgrimgroupstravel.com\/es\/wp-json\/wp\/v2\/product_cat?post=449"},{"taxonomy":"product_tag","embeddable":true,"href":"https:\/\/pilgrimgroupstravel.com\/es\/wp-json\/wp\/v2\/product_tag?post=449"}],"curies":[{"name":"wp","href":"https:\/\/api.w.org\/{rel}","templated":true}]}}