{"id":477,"date":"2024-01-23T20:40:30","date_gmt":"2024-01-23T20:40:30","guid":{"rendered":"https:\/\/pilgrimgroupstravel.com\/?post_type=product&#038;p=477"},"modified":"2024-01-23T20:52:51","modified_gmt":"2024-01-23T20:52:51","slug":"ruta-de-san-pablo-en-grecia","status":"publish","type":"product","link":"https:\/\/pilgrimgroupstravel.com\/es\/producto\/ruta-de-san-pablo-en-grecia\/","title":{"rendered":"Ruta de San Pablo en Grecia"},"content":{"rendered":"<h5><b>D\u00cdA 1\u00ba<\/b>\u00a0AEROPUERTO DE ORIGEN \u2013 TESAL\u00d3NICA<\/h5>\n<p>Presentaci\u00f3n en el aeropuerto de origen dos horas antes de nuestro vuelo con destino Tesal\u00f3nica. A la llegada acogida por nuestro gu\u00eda y posterior traslado al hotel. <b>Cena. Noche en Tesal\u00f3nica.<span class=\"Apple-converted-space\">\u00a0<\/span><\/b><\/p>\n<h5><b>D\u00cdA 2\u00ba<\/b>\u00a0TESAL\u00d3NICA\u2013 FILIPOS \u2013 LIDIA \u2013 KAVALA \u2013 LEON DE AMPHIPOLIS \u2013 TESAL\u00d3NICA<\/h5>\n<p>Desayuno en el hotel, salida hacia Filipos, la antigua Crenides, construida por Felipe II de Macedonia en el a\u00f1o 356 a.C. Fue la primera ciudad europea en la que predic\u00f3 San Pablo el a\u00f1o 53 d.C. Visita de los restos arqueol\u00f3gicos: Los Foros y su Basilica, el teatro y la Bas\u00edlica superior \u201cLa Palestra\u201d, la Via Egnatia. Continuaci\u00f3n hacia el pueblo de Lidia, donde San Pablo bautiz\u00f3 a la primera mujer europea. Santa Misa. Llegada a Kavala, la antigua Neapolis, puerto en el que desembarc\u00f3 San Pablo por primera vez a su llegada a la Grecia continental. Ruta hacia Tesal\u00f3nica. En el camino parada en Amphipolis, antigua capital de Macedonia que visit\u00f3 San Pablo para visitar el famoso le\u00f3n de Amphipolis. Llegada a Tesal\u00f3nica, capital de la provincia de Macedonia, fundada en el a\u00f1o 316-315 a.C. Durante el invierno del 49 al 50 d.C. predic\u00f3 aqu\u00ed San Pablo en la Sinagoga de la pr\u00f3spera y opulenta comunidad jud\u00eda y fund\u00f3 una iglesia. Visita de la iglesia de San Demetrio o de Santa Sof\u00eda.<b>\u00a0Pensi\u00f3n Completa.<\/b>\u00a0<b>Noche en Tesal\u00f3nica.<span class=\"Apple-converted-space\">\u00a0<\/span><\/b><\/p>\n<h5><b>D\u00cdA 3\u00ba <\/b>TESALONICA \u2013 VERIA \u2013 METEORA \u2013 KALAMBAKA\u00a0<span class=\"Apple-converted-space\">\u00a0<\/span><\/h5>\n<p>Desayuno en el hotel. Salida hacia Veria (antigua Berea) y visita de la tribuna desde la cual San Pablo se dirigi\u00f3 al pueblo. Continuaci\u00f3n hacia Kalambaka. Almuerzo en un pintoresco restaurante a los pies de Meteora. Visita de dos de los Monasterios colgantes de Meteora, antiguo centro religioso mon\u00e1stico entre los siglos XII y XVII y visita panor\u00e1mica de los dem\u00e1s monasterios. Durante su esplendor exist\u00edan alrededor de 24 monasterios bizantinos de los que, hoy en d\u00eda, se conservan seis del siglo XIV.\u00a0<b>Pensi\u00f3n completa. Noche en Kalambaka.<\/b><\/p>\n<h5><b>D\u00cdA 4\u00ba<\/b>\u00a0KALAMBAKA \u2013 TERMOPILAS \u2013 DELFOS<\/h5>\n<p>Desayuno en el hotel y salida hacia Delfos, c\u00e9lebre por su Or\u00e1culo y situado sobre la vertiente meridional del Monte Parnaso, a cuyos pies se encuentra el santuario de Apolo, el mayor lugar de peregrinaciones de la Antig\u00fcedad, pasando por las Term\u00f3pilas. En el lugar de la famosa batalla se encuentra un monumento erigido en honor a Le\u00f3nidas, el rey espartano. Almuerzo. Visita del museo donde se puede admirar el renombrado Auriga de bronce y varias estatuas del conocido escultor antiguo Lisipo, la Via Sagrada, el Teatro y el Templo de Apolo.\u00a0<b>Pensi\u00f3n completa. Noche en los alrededores de Delfos.<\/b><\/p>\n<h5><b>D\u00cdA 5\u00ba<\/b>\u00a0DELFOS \u2013 OSSIOS LOUKAS \u2013 ATENAS<\/h5>\n<p>Desayuno en el hotel y salida hacia Atenas con una parada en Ossios Loukas para visitar el monasterio bizantino del s.XI situado en un apartado valle. Llegada a la capital helena y visita de la ciudad donde predic\u00f3 San Pablo: la Acr\u00f3polis, el Parten\u00f3n dedicado a Atenea, diosa protectora de la ciudad, el peque\u00f1o templo de estilo j\u00f3nico de la \u201cAtenea Nike\u201d \u2013 el Erecteion, sede del antiguo culto local, los Propileos y el Are\u00f3pago (antiguo tribunal supremo). Visita panor\u00e1mica de la ciudad. Santa Misa.\u00a0<b>Pensi\u00f3n completa. Noche en Atenas.<\/b><\/p>\n<h5><b>D\u00cdA 6\u00ba<\/b>\u00a0ATENAS \u2013 CORINTO \u2013 MICENAS \u2013 EPIDAURO \u2013 ATENAS<span class=\"Apple-converted-space\">\u00a0<\/span><\/h5>\n<p>Desayuno en el hotel, salida para una excursi\u00f3n de d\u00eda entero a la Arg\u00f3lida y Corinto, haciendo una parada en el canal de Corinto, punto de convergencia de los mares Egeo y J\u00f3nico. Visita de la ciudad antigua: El templo de Apolo y las fuentes de diferentes \u00e9pocas que la adornan. Continuaci\u00f3n hacia Micenas, con una parada para admirar la imponente fortaleza cicl\u00f3pea de las Atridas y la famosa puerta de los leones, que da acceso al antiguo palacio donde se conservan los enterramientos de Agamen\u00f3n. Almuerzo. Continuaci\u00f3n hacia Epidauro, en cuyo teatro, de perfecta ac\u00fastica, tienen lugar los festivales de tragedias cl\u00e1sicas. Regreso a Atenas.\u00a0<b>Pensi\u00f3n completa. Noche en Atenas.<\/b><\/p>\n<h5><b>D\u00cdA 7\u00ba<\/b>\u00a0ATENAS \u2013 CRUCERO POR EL GOLFO SAR\u00d3NICO \u2013 ATENAS<\/h5>\n<p>Desayuno en el hotel, traslado al puerto de Trocadero para embarcar en un crucero de d\u00eda completo, con almuerzo a bordo, por las islas del Golfo Sar\u00f3nico, las famosas Poros, a la cual se llega cruzando los estrechos de Peloponeso, Hydra, donde podremos visitar su tur\u00edstico pueblo y Egina la que fue la primera capital de Grecia con una rica historia, un hermoso paisaje con los famosos arbustos de pistachos, su puerto con el mercado de pescado y el mercado otante de verduras Posterior regreso al puerto de Atenas a \u00faltimas horas del d\u00eda. Traslado al hotel.\u00a0<b>Pensi\u00f3n completa. Noche en Atenas.<\/b><\/p>\n<h5><b>D\u00cdA 8\u00ba<\/b> ATENAS \u2013 AEROPUERTO DE ORIGEN<\/h5>\n<h5><b style=\"color: #555555; font-size: 14.4px;\">Desayuno<\/b><span style=\"color: #555555; font-size: 14.4px;\"> en el hotel. A la hora que se determine saldremos hacia el aeropuerto para coger nuestro vuelo con destino a nuestro lugar de origen. Tr\u00e1mites de facturaci\u00f3n y embarque. Llegada, fin del viaje y de nuestros servicios.<\/span><\/h5>\n","protected":false},"excerpt":{"rendered":"<div class=\"woocommerce-product-details__short-description\">\n<p>Tras los pasos del Ap\u00f3stol de los Gentiles<\/p>\n<\/div>\n","protected":false},"featured_media":492,"template":"","meta":[],"product_brand":[],"product_cat":[44],"product_tag":[],"class_list":{"0":"post-477","1":"product","2":"type-product","3":"status-publish","4":"has-post-thumbnail","6":"product_cat-rutas-de-los-apostoles","8":"first","9":"instock","10":"shipping-taxable","11":"product-type-simple"},"_links":{"self":[{"href":"https:\/\/pilgrimgroupstravel.com\/es\/wp-json\/wp\/v2\/product\/477","targetHints":{"allow":["GET"]}}],"collection":[{"href":"https:\/\/pilgrimgroupstravel.com\/es\/wp-json\/wp\/v2\/product"}],"about":[{"href":"https:\/\/pilgrimgroupstravel.com\/es\/wp-json\/wp\/v2\/types\/product"}],"wp:featuredmedia":[{"embeddable":true,"href":"https:\/\/pilgrimgroupstravel.com\/es\/wp-json\/wp\/v2\/media\/492"}],"wp:attachment":[{"href":"https:\/\/pilgrimgroupstravel.com\/es\/wp-json\/wp\/v2\/media?parent=477"}],"wp:term":[{"taxonomy":"product_brand","embeddable":true,"href":"https:\/\/pilgrimgroupstravel.com\/es\/wp-json\/wp\/v2\/product_brand?post=477"},{"taxonomy":"product_cat","embeddable":true,"href":"https:\/\/pilgrimgroupstravel.com\/es\/wp-json\/wp\/v2\/product_cat?post=477"},{"taxonomy":"product_tag","embeddable":true,"href":"https:\/\/pilgrimgroupstravel.com\/es\/wp-json\/wp\/v2\/product_tag?post=477"}],"curies":[{"name":"wp","href":"https:\/\/api.w.org\/{rel}","templated":true}]}}