{"id":511,"date":"2024-01-23T21:48:22","date_gmt":"2024-01-23T21:48:22","guid":{"rendered":"https:\/\/pilgrimgroupstravel.com\/?post_type=product&#038;p=511"},"modified":"2024-01-23T21:50:07","modified_gmt":"2024-01-23T21:50:07","slug":"tierra-santa","status":"publish","type":"product","link":"https:\/\/pilgrimgroupstravel.com\/es\/producto\/tierra-santa\/","title":{"rendered":"Tierra Santa"},"content":{"rendered":"<p><b>D\u00eda 1\u00ba ,<span class=\"Apple-converted-space\">\u00a0AEROPUERTO DE ORIGEN\u00a0<\/span>\u2013 TEL AVIV, NAZARET o TIBERIADES<\/b><\/p>\n<p>Presentaci\u00f3n en el aeropuerto de origen para coger nuestro vuelo con destino Tel Aviv. A la llegada traslado a nuestro hotel en Tel Aviv o en Galilea. <b>Cena. Noche en Tel Aviv, Tiberiades o Nazaret.<\/b><\/p>\n<p><b>D\u00cdA 2\u00ba, TIBER\u00cdADES o NAZARET \u2013 HAIFA: MONTE CARMELO \u2013 NAZARET \u2013\u00a0<span class=\"Apple-converted-space\">\u00a0<\/span><\/b><b>CAN\u00c1 \u2013 TIBERIADES o NAZARET<\/b><\/p>\n<p>Por la ma\u00f1ana, salida hacia Haifa para visitar el santuario Stella Maris en el Monte Carmelo. Tras esta visita nos trasladaremos a Nazaret para visitar la fuente de la Virgen, la bas\u00edlica de la Anunciaci\u00f3n y la iglesia de San Jos\u00e9. Por la tarde, salida hacia Can\u00e1 de Galilea, donde visitaremos el santuario del Primer Signo de Jes\u00fas; all\u00ed podr\u00e1n renovar sus promesas los matrimonios. Al final de la jornada, regresamos a nuestro hotel. Noche en Nazaret o Tiberiades. R\u00e9gimen de pensi\u00f3n completa.\u00a0<span class=\"Apple-converted-space\">\u00a0<\/span><\/p>\n<p><b>D\u00cdA 3\u00ba,\u00a0<span class=\"Apple-converted-space\">\u00a0<\/span><span class=\"Apple-converted-space\">\u00a0\u00a0<\/span>TIBER\u00cdADES o NAZARET \u2013 MONTE DE LAS BIENAVENTURANZAS<span class=\"Apple-converted-space\">\u00a0<\/span><\/b><b>TABGHA \u2013<span class=\"Apple-converted-space\">\u00a0\u00a0<\/span>PRIMADO DE PEDRO \u2013 CAFARNA\u00daN \u2013 LAGO DE GALILEA \u2013\u00a0Monte Tabor\u00a0\u2013<span class=\"Apple-converted-space\">\u00a0<\/span><\/b><b>TIBER\u00cdADES O NAZARET<\/b><\/p>\n<p>El d\u00eda estar\u00e1 dedicado a recorrer los principales lugares de Galilea en tiempos de Jes\u00fas. Por la ma\u00f1ana visitaremos el entorno del lago de Tiber\u00edades, el \u00ablago de Jes\u00fas\u00bb: el monte de las Bienaventuranzas; el santuario de Tabgha (multiplicaci\u00f3n de los panes y los peces); el santuario de la Mensa Christi y del Primado de Pedro; Cafarna\u00fan, la \u00abciudad de Jes\u00fas\u00bb y lugar de la Domus Petri; finalizar\u00e1 la ma\u00f1ana con una traves\u00eda en barco por las aguas del lago. Por la tarde subiremos al Monte Tabor, donde visitaremos la iglesia de la Transfiguraci\u00f3n. Noche en Nazaret o Tiberiades. R\u00e9gimen de pensi\u00f3n completa.<\/p>\n<p><b>D\u00cdA 4\u00ba,\u00a0<span class=\"Apple-converted-space\">\u00a0<\/span>TIBER\u00cdADES o NAZARET \u2013 RENOVACI\u00d3N DE LAS PROMESAS DEL BAUTISMO EN EL JORD\u00c1N<\/b><b>\u00a0\u2013 QUMR\u00c1N \u2013 MAR MUERTO \u2013 BEL\u00c9N<span class=\"Apple-converted-space\">\u00a0<\/span><\/b><\/p>\n<p>Por la ma\u00f1ana, siguiendo el curso del r\u00edo Jord\u00e1n, marchamos hacia la regi\u00f3n de Judea, donde visitaremos la antigua ciudad de Jeric\u00f3 y contemplaremos panor\u00e1micamente el monte de la Cuarentena y el oasis de la Fuente de Eliseo. A continuaci\u00f3n, junto al r\u00edo Jord\u00e1n, renovaremos las promesas del Bautismo.Seguiremos a Qumr\u00e1n para contemplar los restos arqueol\u00f3gicos del poblado esenio y las cuevas donde escondieron sus famosos manuscritos. A continuaci\u00f3n nos acercaremos al Mar Muerto, donde tendremos la posiblidad de tomar un ba\u00f1o (hay que llevar traje de ba\u00f1o y toalla). Seguiremos el viaje a trav\u00e9s del desierto de Judea y finalizamos nuestro itinerario en Bel\u00e9n. Noche en Bel\u00e9n. R\u00e9gimen de pensi\u00f3n completa.<\/p>\n<p><b>D\u00cdA 5\u00ba,\u00a0<span class=\"Apple-converted-space\">\u00a0\u00a0<\/span>BEL\u00c9N \u2013 CAMPO DE LOS PASTORES \u2013 AIN KAREM \u2013 BEL\u00c9N<span class=\"Apple-converted-space\">\u00a0<\/span><\/b><\/p>\n<p>Desayuno en el hotel. Por la ma\u00f1ana, salida hacia el Campo de los Pastores para visitar la Capilla de los \u00c1ngeles, los restos de varios monasterios bizantinos y la reconstrucci\u00f3n ideal de una gruta de pastores. En la ciudad de Bel\u00e9n, visita de la Gruta y Bas\u00edlica de la Natividad, Iglesia franciscana con la Capilla de San Jos\u00e9 y la Gruta de San Jer\u00f3nimo. Por la tarde, salida hacia Ain Karem, lugar del nacimiento de S. Juan Bautista, con visita a las Iglesias del Precursor y de la Visitaci\u00f3n. Regreso a nuestro hotel de Bel\u00e9n. Noche en Bel\u00e9n. R\u00e9gimen de pensi\u00f3n completa.<\/p>\n<p><b>D\u00cdA 6\u00ba,\u00a0<span class=\"Apple-converted-space\">\u00a0<\/span>BEL\u00c9N \u2013 JERUSAL\u00c9N; Monte de los Olivos y Monte Sion<\/b><\/p>\n<p>Por la ma\u00f1ana saldremos hacia Jerusal\u00e9n para visitar el monte de los Olivos, cargado de recuerdos de la vida de Jes\u00fas a trav\u00e9s de sus muchos santuarios: capilla de la Ascensi\u00f3n, iglesia del Padrenuestro, Dominus Flevit, iglesia de Getseman\u00ed, gruta del Prendimiento e iglesia de la Tumba de la Virgen, posterior visita a la Puerta de San Esteban: Santa Ana y Piscina Prob\u00e1tica. Por la tarde, visita al monte Sion y sus santuarios cristianos: iglesia de san Pedro in Gallicantu, el Cen\u00e1culo (renovaci\u00f3n de promesas sacerdotales) y la iglesia de la Dormici\u00f3n de la Virgen. Traslado a nuestro hotel en Jerusal\u00e9n para el alojamiento. Noche en Jerusal\u00e9n. R\u00e9gimen de pensi\u00f3n completa.<\/p>\n<p><b>D\u00cdA 7\u00ba,\u00a0<span class=\"Apple-converted-space\">\u00a0<\/span>JERUSAL\u00c9N: CIUDAD ANTIGUA, SANTO SEPULCRO<span class=\"Apple-converted-space\">\u00a0<\/span><\/b><b>y VIA CRUCIS\u00a0<span class=\"Apple-converted-space\">\u00a0<\/span><\/b><\/p>\n<p>Por la ma\u00f1ana haremos el V\u00eda Crucis y visitaremos el Muro de las Lamentaciones y la explanada del Templo viendo de forma panor\u00e1mica las mezquitas de Omar y Al-Aksa. Por la tarde visitaremos el Santo Sepulcro, dentro de la Bas\u00edlica de la Resurrecci\u00f3n y dispondremos de tiempo libre. Noche en Jerusal\u00e9n. R\u00e9gimen de pensi\u00f3n completa.<\/p>\n<p><b>D\u00cdA 8\u00ba, JERUSAL\u00c9N \u2013<span class=\"Apple-converted-space\">\u00a0\u00a0<\/span>TEL AVIV \u2013<span class=\"Apple-converted-space\">\u00a0\u00a0<\/span>AEROPUERTO DE ORIGEN<\/b><\/p>\n<p>Desayuno. A continuaci\u00f3n saldremos hacia el aeropuerto de Tel Aviv para coger nuestro vuelo con destino al aeropuerto de origen. Fin del viaje y de nuestros servicios.<span class=\"Apple-converted-space\">\u00a0<\/span><\/p>\n<p>&nbsp;<\/p>\n<p>Diariamente se celebrar\u00e1 la eucarist\u00eda en uno de los Santuarios visitados<\/p>\n","protected":false},"excerpt":{"rendered":"<p>Donde todo comenz\u00f3<\/p>\n","protected":false},"featured_media":510,"template":"","meta":[],"product_brand":[],"product_cat":[41],"product_tag":[],"class_list":{"0":"post-511","1":"product","2":"type-product","3":"status-publish","4":"has-post-thumbnail","6":"product_cat-tierra-santa","8":"first","9":"instock","10":"shipping-taxable","11":"product-type-simple"},"_links":{"self":[{"href":"https:\/\/pilgrimgroupstravel.com\/es\/wp-json\/wp\/v2\/product\/511","targetHints":{"allow":["GET"]}}],"collection":[{"href":"https:\/\/pilgrimgroupstravel.com\/es\/wp-json\/wp\/v2\/product"}],"about":[{"href":"https:\/\/pilgrimgroupstravel.com\/es\/wp-json\/wp\/v2\/types\/product"}],"wp:featuredmedia":[{"embeddable":true,"href":"https:\/\/pilgrimgroupstravel.com\/es\/wp-json\/wp\/v2\/media\/510"}],"wp:attachment":[{"href":"https:\/\/pilgrimgroupstravel.com\/es\/wp-json\/wp\/v2\/media?parent=511"}],"wp:term":[{"taxonomy":"product_brand","embeddable":true,"href":"https:\/\/pilgrimgroupstravel.com\/es\/wp-json\/wp\/v2\/product_brand?post=511"},{"taxonomy":"product_cat","embeddable":true,"href":"https:\/\/pilgrimgroupstravel.com\/es\/wp-json\/wp\/v2\/product_cat?post=511"},{"taxonomy":"product_tag","embeddable":true,"href":"https:\/\/pilgrimgroupstravel.com\/es\/wp-json\/wp\/v2\/product_tag?post=511"}],"curies":[{"name":"wp","href":"https:\/\/api.w.org\/{rel}","templated":true}]}}