{"id":512,"date":"2024-01-23T22:04:05","date_gmt":"2024-01-23T22:04:05","guid":{"rendered":"https:\/\/pilgrimgroupstravel.com\/?post_type=product&#038;p=512"},"modified":"2024-01-23T22:04:06","modified_gmt":"2024-01-23T22:04:06","slug":"las-dos-orillas-del-jordan","status":"publish","type":"product","link":"https:\/\/pilgrimgroupstravel.com\/es\/producto\/las-dos-orillas-del-jordan\/","title":{"rendered":"Las dos orillas del Jord\u00e1n"},"content":{"rendered":"<div class=\"woocommerce-tabs wc-tabs-wrapper\">\n<div id=\"tab-description\" class=\"woocommerce-Tabs-panel woocommerce-Tabs-panel--description panel entry-content wc-tab\" role=\"tabpanel\" aria-labelledby=\"tab-title-description\">\n<p><b>D\u00cdA 1\u00ba,\u00a0<span class=\"Apple-converted-space\">\u00a0<\/span>AEROPUERTO DE ORIGEN &#8211; TEL AVIV, NAZARET O TIBERIADES<\/b><\/p>\n<p>Presentaci\u00f3n en el aeropuerto de origen para coger nuestro vuelo con destino Tel Aviv. A la llegada traslado a Tel Aviv, Nazaret o Tiberiades. <strong>Cena. Noche en Tel Aviv, Nazaret o Tiberiades.<\/strong><\/p>\n<p><b>D\u00cdA 2\u00ba,<span class=\"Apple-converted-space\">\u00a0NAZARET O TIBERIADES<\/span>\u00a0\u2013 HAIFA \u2013 MONTE CARMELO \u2013 NAZARET-\u00a0<\/b><b>CAN\u00c1 \u2013 NAZARET O TIBERIADES<\/b><\/p>\n<p>Tras el desayiuno saldremos hacia Haifa para visitar el santuario Stella Maris en el Monte Carmelo. Tras esta visita nos trasladaremos a Nazaret para ver la fuente de la Virgen, la bas\u00edlica de la Anunciaci\u00f3n y la iglesia de San Jos\u00e9. Por la tarde, salida hacia Can\u00e1 de Galilea, donde visitaremos el santuario del Primer Signo de Jes\u00fas; all\u00ed podr\u00e1n renovar sus promesas los matrimonios. Al final de la jornada, regresamos a nuestro hotel. Noche en Nazaret o Tiberiades. R\u00e9gimen de pensi\u00f3n completa.\u00a0<span class=\"Apple-converted-space\">\u00a0<\/span><\/p>\n<p><b>D\u00cdA 3\u00ba,<span class=\"Apple-converted-space\">\u00a0\u00a0<\/span><span class=\"Apple-converted-space\">\u00a0\u00a0<\/span>TIBER\u00cdADES o NAZARET \u2013 MONTE DE LAS BIENAVENTURANZAS<span class=\"Apple-converted-space\">\u00a0\u2013\u00a0<\/span><\/b><b>TABGHA \u2013<span class=\"Apple-converted-space\">\u00a0\u00a0<\/span>PRIMADO DE PEDRO \u2013 CAFARNA\u00daN \u2013 MAGDALA \u2013 LAGO DE GALILEA \u2013\u00a0<\/b><b>MONTE TABOR \u2013 TIBER\u00cdADEs o NAZARET<\/b><\/p>\n<p>El d\u00eda estar\u00e1 dedicado a recorrer los principales lugares de Galilea en tiempos de Jes\u00fas. Por la ma\u00f1ana visitaremos el entorno del lago de Tiber\u00edades, el \u00ablago de Jes\u00fas\u00bb: el monte de las Bienaventuranzas; el santuario de Tabgha (multiplicaci\u00f3n de los panes y los peces); el santuario de la Mensa Christi y del Primado de Pedro; Cafarna\u00fan, la \u00abciudad de Jes\u00fas\u00bb y lugar de la Domus Petri y Magdala. finalizar\u00e1 la ma\u00f1ana con una traves\u00eda en barco por las aguas del lago. Por la tarde subiremos al Monte Tabor, donde visitaremos la iglesia de la Transfiguraci\u00f3n. Noche en Nazaret o Tiberiades. R\u00e9gimen de pensi\u00f3n completa.<\/p>\n<p><b>D\u00cdA 4\u00ba.\u00a0<span class=\"Apple-converted-space\">\u00a0NAZARET O TIBERIADES<\/span>\u2013 GERASA (JORDANIA) \u2013<span class=\"Apple-converted-space\">\u00a0\u00a0<\/span>PETRA<\/b><\/p>\n<p>Por la ma\u00f1ana nos trasladaremos a la frontera con Jordania. Tras pasar la frontera nos dirigiremos a Gerasa, una de las ciudades m\u00e1s importantes de la Dec\u00e1polis y recorrido por sus ruinas, excelentemente conservadas. Por la tarde seguiremos hacia Petra, donde llegaremos a \u00faltima hora del d\u00eda. Pensi\u00f3n Completa. Noche en Petra.<\/p>\n<p><b>D\u00cdA 5\u00ba.<span class=\"Apple-converted-space\">\u00a0\u00a0<\/span><span class=\"Apple-converted-space\">\u00a0<\/span>VISITA DE PETRA \u2013 MAR MUERTO<\/b><\/p>\n<p>Desayuno en el hotel y entrada en Petra por la ruta de los Reyes (v\u00eda Regis) Petra es la \u201cCiudad Rosa\u201d de los nabateos, excavada totalmente en la pura roca de la monta\u00f1a. Recorrido por el Siq (corredor estrecho) hasta el Templo del Tesoro. Visita tambi\u00e9n a las tumbas reales, la Casa de la Justicia, el Teatro. Almuerzo incluido. A la hora a convenir salida hacia la zona del Mar Muerto, donde dispondremos de tiempo libre para tomar un ba\u00f1o. Pensi\u00f3n completa. Noche en el Mar Muerto.<\/p>\n<p><b>d\u00eda 6\u00ba.<span class=\"Apple-converted-space\">\u00a0 MAR MUERTO<\/span>\u00a0\u2013 JERIC\u00d3 \u2013 QUMR\u00c1N \u2013 BEL\u00c9N<\/b><\/p>\n<p>Por la ma\u00f1ana nos dirigiremos a la frontera con Israel. Una vez cruzada la frontera, en el Jord\u00e1n, renovaremos las promesas del Bautismo. A continuaci\u00f3n seguiremos hacia Jeric\u00f3, desde donde tendremos una panor\u00e1mica del Monte de la Cuarentena. Podremos visitar el conjunto arqueol\u00f3gico de Qumran antes de seguir nuestro camino a Bel\u00e9n.\u00a0<b>Pensi\u00f3n completa. Noche en Bel\u00e9n.<\/b><\/p>\n<p><b>D\u00cdA 7\u00ba.<span class=\"Apple-converted-space\">\u00a0<\/span>BEL\u00c9N- CAMPO DE LOS PASTORES- AIN KAREM \u2013 BEL\u00c9N<span class=\"Apple-converted-space\">\u00a0<\/span><\/b><\/p>\n<p>Desayuno en el hotel. Por la ma\u00f1ana, salida hacia el Campo de los Pastores para visitar la Capilla de los \u00c1ngeles, los restos de varios monasterios bizantinos y la reconstrucci\u00f3n ideal de una gruta de pastores. En la ciudad de Bel\u00e9n, visita de la Gruta y Bas\u00edlica de la Natividad, Iglesia franciscana con la Capilla de San Jos\u00e9 y la Gruta de San Jer\u00f3nimo. Por la tarde, salida hacia Ain Karem, lugar del nacimiento de S. Juan Bautista, con visita a las Iglesias del Precursor y de la Visitaci\u00f3n. Regreso a nuestro hotel de Bel\u00e9n.\u00a0<b>Pensi\u00f3n completa. Noche en Bel\u00e9n.<\/b><\/p>\n<p><b>D\u00cdA 8\u00ba, \u00a0BEL\u00c9N \u2013 JERUSAL\u00c9N; Monte de los Olivos y Monte<span class=\"Apple-converted-space\">\u00a0S<\/span><\/b><b>i\u00f3n<\/b><\/p>\n<p>Por la ma\u00f1ana saldremos a Jerusal\u00e9n para visitar el monte de los Olivos, cargado de recuerdos de la vida de Jes\u00fas a trav\u00e9s de sus muchos santuarios: capilla de la Ascensi\u00f3n, iglesia del Padrenuestro,<span class=\"Apple-converted-space\">\u00a0\u00a0<\/span>Dominus Flevit, iglesia de Getseman\u00ed, gruta del Prendimiento e iglesia de la Tumba de la Virgen. Por la tarde, visita al monte Sion y sus santuarios cristianos: iglesia de san Pedro in Gallicantu, el Cen\u00e1culo (renovaci\u00f3n de promesas sacerdotales) y la iglesia de la Dormici\u00f3n de la Virgen. Traslado a nuestro hotel en Jerusal\u00e9n para el alojamiento.\u00a0<b>Pensi\u00f3n completa. Noche en Jerusal\u00e9n.<\/b><\/p>\n<p><b>D\u00cdA 9\u00ba.<span class=\"Apple-converted-space\">\u00a0\u00a0<\/span>\u00a0JERUSAL\u00c9N: CIUDAD ANTIGUA, SANTO SEPULCRO y VIA<span class=\"Apple-converted-space\">\u00a0<\/span><\/b><b>CRUCIS\u00a0<span class=\"Apple-converted-space\">\u00a0<\/span><\/b><\/p>\n<p>Por la ma\u00f1ana visitaremos el muro de las Lamentaciones y la explanada del Templo viendo de forma panor\u00e1mica las mezquitas de Omar y El-Aksa. Haremos el V\u00eda Crucis y<span class=\"Apple-converted-space\">\u00a0\u00a0<\/span>en el Santo Sepulcro, dentro de la Bas\u00edlica de la Resurrecci\u00f3n. Por la tarde dispondremos de tiempo libre.\u00a0<b>Pensi\u00f3n completa. Noche en Jerusal\u00e9n.<\/b>.<\/p>\n<p><b>D\u00cdA 10\u00ba,JERUSAL\u00c9N \u2013 AEROPUERTO DE TEL AVIV \u2013<span class=\"Apple-converted-space\">\u00a0\u00a0<\/span>AEROPUERTO DE ORIGEN<\/b><\/p>\n<p>Tras el desayuno nos trasladaremos al aeropuerto de Tel Aviv para coger nuestro vuelo con destino a nuestro aeropuerto de origen. Llegada. Fin del viaje y de nuestros servicios.<span class=\"Apple-converted-space\">\u00a0<\/span><\/p>\n<p>&nbsp;<\/p>\n<p><strong>Diariamente se celebrar\u00e1 la eucarist\u00eda en uno de los Santuarios visitados<\/strong><\/p>\n<\/div>\n<\/div>\n","protected":false},"excerpt":{"rendered":"<div class=\"woocommerce-product-details__short-description\">\n<p>Tierra Santa al completo; Israel, Palestina y Jordania<\/p>\n<\/div>\n","protected":false},"featured_media":515,"template":"","meta":[],"product_brand":[],"product_cat":[41],"product_tag":[],"class_list":{"0":"post-512","1":"product","2":"type-product","3":"status-publish","4":"has-post-thumbnail","6":"product_cat-tierra-santa","8":"first","9":"instock","10":"shipping-taxable","11":"product-type-simple"},"_links":{"self":[{"href":"https:\/\/pilgrimgroupstravel.com\/es\/wp-json\/wp\/v2\/product\/512","targetHints":{"allow":["GET"]}}],"collection":[{"href":"https:\/\/pilgrimgroupstravel.com\/es\/wp-json\/wp\/v2\/product"}],"about":[{"href":"https:\/\/pilgrimgroupstravel.com\/es\/wp-json\/wp\/v2\/types\/product"}],"wp:featuredmedia":[{"embeddable":true,"href":"https:\/\/pilgrimgroupstravel.com\/es\/wp-json\/wp\/v2\/media\/515"}],"wp:attachment":[{"href":"https:\/\/pilgrimgroupstravel.com\/es\/wp-json\/wp\/v2\/media?parent=512"}],"wp:term":[{"taxonomy":"product_brand","embeddable":true,"href":"https:\/\/pilgrimgroupstravel.com\/es\/wp-json\/wp\/v2\/product_brand?post=512"},{"taxonomy":"product_cat","embeddable":true,"href":"https:\/\/pilgrimgroupstravel.com\/es\/wp-json\/wp\/v2\/product_cat?post=512"},{"taxonomy":"product_tag","embeddable":true,"href":"https:\/\/pilgrimgroupstravel.com\/es\/wp-json\/wp\/v2\/product_tag?post=512"}],"curies":[{"name":"wp","href":"https:\/\/api.w.org\/{rel}","templated":true}]}}