{"id":524,"date":"2024-01-23T22:15:50","date_gmt":"2024-01-23T22:15:50","guid":{"rendered":"https:\/\/pilgrimgroupstravel.com\/?post_type=product&#038;p=524"},"modified":"2024-01-26T10:56:19","modified_gmt":"2024-01-26T10:56:19","slug":"jordan","status":"publish","type":"product","link":"https:\/\/pilgrimgroupstravel.com\/es\/producto\/jordan\/","title":{"rendered":"Jordania"},"content":{"rendered":"<div class=\"flex-1 overflow-hidden\">\n<div class=\"react-scroll-to-bottom--css-ktygk-79elbk h-full\">\n<div class=\"react-scroll-to-bottom--css-ktygk-1n7m0yu\">\n<div class=\"flex flex-col pb-9 text-sm\">\n<div class=\"w-full text-token-text-primary\" data-testid=\"conversation-turn-77\">\n<div class=\"px-4 py-2 justify-center text-base md:gap-6 m-auto\">\n<div class=\"flex flex-1 text-base mx-auto gap-3 md:px-5 lg:px-1 xl:px-5 md:max-w-3xl lg:max-w-[40rem] xl:max-w-[48rem] group final-completion\">\n<div class=\"relative flex w-full flex-col lg:w-[calc(100%-115px)] agent-turn\">\n<div class=\"flex-col gap-1 md:gap-3\">\n<div class=\"flex flex-grow flex-col max-w-full\">\n<div class=\"min-h-[20px] text-message flex flex-col items-start gap-3 whitespace-pre-wrap break-words [.text-message+&amp;]:mt-5 overflow-x-auto\" data-message-author-role=\"assistant\" data-message-id=\"9a884318-fd86-4b5a-96bd-7f035fb75e0b\">\n<div class=\"markdown prose w-full break-words dark:prose-invert light\">\n<p><b>DIA 1\u00b0,<span class=\"Apple-converted-space\">\u00a0\u00a0<\/span>AEROPUERTO DE ORIGEN \u2013<span class=\"Apple-converted-space\">\u00a0\u00a0<\/span>AMM\u00c1N<\/b><\/p>\n<p>Presentaci\u00f3n en el<span class=\"Apple-converted-space\">\u00a0\u00a0<\/span>aeropuerto de origen para coger nuestro vuelo \u00a0con destino Amm\u00e1n. A la llegada traslado a nuestro hotel.\u00a0<b>Noche en Amm\u00e1n<\/b>.<span class=\"Apple-converted-space\">\u00a0<\/span><\/p>\n<p><b>DIA 2\u00b0,\u00a0<span class=\"Apple-converted-space\">\u00a0<\/span>AMMAN \u2013 GERASA \u2013 AJLOUN \u2013 AMMAN<\/b><\/p>\n<p>Por la ma\u00f1ana iniciaremos el itinerario pasando por el valle de Yaboq hacia Gerasa. Visita de la amplia ciudad romano-bizantina; Foro, Termas, P\u00f3rticos, Templos, Iglesias. Continuamos con la visita a la fortaleza de AJLOUN. Regreso a Amman a \u00faltimas horas del d\u00eda. Pensi\u00f3n completa. Noche en Amm\u00e1n.<\/p>\n<p><b>DIA 3\u00b0.\u00a0<span class=\"Apple-converted-space\">\u00a0\u00a0<\/span>AMMAN \u2013 MADABA \u2013 BETANIA \u2013 MONTE NEBO \u2013 SHOBAK \u2013<span class=\"Apple-converted-space\">\u00a0LITTLE\u00a0<\/span><\/b><b>PETRA \u2013 PETRA<\/b><\/p>\n<p>Por la ma\u00f1ana saldremos hacia la iglesia ortodoxa de San Jorge, donde se encuentra el primer mapa-mosaico de Palestina. Continuaremos hacia el Monte Nebo para admirar la vista panor\u00e1mica del Valle del Jord\u00e1n y del Mar Muerto desde la monta\u00f1a. Este lugar es importante porque fue el \u00faltimo lugar visitado por Moises y desde donde el profeta divis\u00f3 la Tierra Prometida, a la que nunca llegar\u00eda. Visitaremos el lugar del Bautismo de Jes\u00fas, \u201cAl otro lado del Jord\u00e1n\u201d. A la hora que se determine traslado al Castillo de Shobak que data del mismo periodo turbulento que Karak y que est\u00e1 enclavado en la ladera de una monta\u00f1a. El exterior del castillo de Shobak es impresionante, con una imponente puerta\u00a0y una triple pared a su alrededor. A pesar de las precauciones tomadas por su constructor, la fortaleza cay\u00f3 en manos saladinas solo 75 a\u00f1os despu\u00e9s de su construcci\u00f3n. Las inscripciones de sus orgullosos sucesores aparecen en las paredes del castillo. Continuaci\u00f3n a Little Petra (Peque\u00f1a Petra) que fue habitada por los Nabateos y tiene muchas tumbas, recipientes de agua y cauces. Seguiremos a Petra. Pensi\u00f3n Completa. Noche en Petra.<\/p>\n<p><b>DIA 4\u00b0.\u00a0<span class=\"Apple-converted-space\">\u00a0\u00a0<\/span>PETRA<\/b><\/p>\n<p>D\u00eda dedicado por completo a la visita de Petra, conocida como la \u201cciudad rosa\u201d, donde hace m\u00e1s de 2.000 a\u00f1os los nabateos ubicaron la capital de su imperio a lo largo de 500 a\u00f1os, esculpiendo admirables templos y tumbas en las monta\u00f1as rosa das y utilizando sistemas avanzados agr\u00edcolas y de conducci\u00f3n del agua. El recorrido comienza por la Tumba de los Obeliscos y continuando por el Siq, canon de m\u00e1s de 1 Km de longitud tras el cual se descubre el Tesoro, una tumba colosal decorada con columnas y esculturas de un refinamiento y una belleza incomparables. Continuaci\u00f3n hacia la calle de las fachadas y el teatro para acercarnos a los 850 escalones que nos llevar\u00e1n hasta el imponente Monasterio \u201cEl Deir\u201d. Regreso al hotel. Pensi\u00f3n Completa. Noche en Petra.<\/p>\n<p><b>DIA 5\u00b0. PETRA \u2013 WADI RUM<\/b><\/p>\n<p>Por la ma\u00f1ana saldremos hacia Wadi Rum. Excursi\u00f3n al desierto de Wadi Rum y paseo en veh\u00edculos 4\u00d74. Nos adentraremos en las arenas rosadas de este desierto, que posee un encanto especial proporcionado por los macizos gran\u00edticos que la naturaleza ha modelado con formas caprichosas. Pensi\u00f3n Completa.Noche en Wadi Rum.<\/p>\n<p><b>DIA 6\u00b0.\u00a0<span class=\"Apple-converted-space\">\u00a0<\/span>WADI RUM \u2013 MAR MUERTO<\/b><\/p>\n<p>Por la ma\u00f1ana, a la hora a convenir salida hacia el Mar Muerto donde se podr\u00e1 disfrutar de un d\u00eda en las aguas del mar muerto donde podremos tomar el ba\u00f1o y disfrutar de las instalaciones de nuestro Resort. Pensi\u00f3n Completa. Noche en el Mar Muerto.<\/p>\n<p><b>DIA 7\u00b0.\u00a0<span class=\"Apple-converted-space\">\u00a0\u00a0<\/span>MAR MUERTO \u2013 AEROPUERTO DE AMMAN \u2013 AEROPUERTO DE ORIGEN<\/b><\/p>\n<p>Por la ma\u00f1ana, tras el\u00a0<b>desayuno<\/b>, saldremos hacia el aeropuerto de Amm\u00e1n para coger nuestro vuelo con destino al aeropuerto de origen. Llegada. \u00a0Fin del viaje y de nuestro servicios.<\/p>\n<\/div>\n<\/div>\n<\/div>\n<\/div>\n<\/div>\n<\/div>\n<\/div>\n<\/div>\n<\/div>\n<\/div>\n<\/div>\n<\/div>\n","protected":false},"excerpt":{"rendered":"<div class=\"woocommerce-product-details__short-description\">\n<p><strong>Jordania b\u00edblica<\/strong><\/p>\n<\/div>\n","protected":false},"featured_media":513,"template":"","meta":[],"product_brand":[],"product_cat":[41],"product_tag":[],"class_list":{"0":"post-524","1":"product","2":"type-product","3":"status-publish","4":"has-post-thumbnail","6":"product_cat-tierra-santa","8":"first","9":"instock","10":"shipping-taxable","11":"product-type-simple"},"_links":{"self":[{"href":"https:\/\/pilgrimgroupstravel.com\/es\/wp-json\/wp\/v2\/product\/524","targetHints":{"allow":["GET"]}}],"collection":[{"href":"https:\/\/pilgrimgroupstravel.com\/es\/wp-json\/wp\/v2\/product"}],"about":[{"href":"https:\/\/pilgrimgroupstravel.com\/es\/wp-json\/wp\/v2\/types\/product"}],"wp:featuredmedia":[{"embeddable":true,"href":"https:\/\/pilgrimgroupstravel.com\/es\/wp-json\/wp\/v2\/media\/513"}],"wp:attachment":[{"href":"https:\/\/pilgrimgroupstravel.com\/es\/wp-json\/wp\/v2\/media?parent=524"}],"wp:term":[{"taxonomy":"product_brand","embeddable":true,"href":"https:\/\/pilgrimgroupstravel.com\/es\/wp-json\/wp\/v2\/product_brand?post=524"},{"taxonomy":"product_cat","embeddable":true,"href":"https:\/\/pilgrimgroupstravel.com\/es\/wp-json\/wp\/v2\/product_cat?post=524"},{"taxonomy":"product_tag","embeddable":true,"href":"https:\/\/pilgrimgroupstravel.com\/es\/wp-json\/wp\/v2\/product_tag?post=524"}],"curies":[{"name":"wp","href":"https:\/\/api.w.org\/{rel}","templated":true}]}}