{"id":537,"date":"2024-01-31T09:20:04","date_gmt":"2024-01-31T09:20:04","guid":{"rendered":"https:\/\/pilgrimgroupstravel.com\/?post_type=product&#038;p=537"},"modified":"2024-01-31T09:47:10","modified_gmt":"2024-01-31T09:47:10","slug":"tierra-santa-con-opcion-de-extension-a-jordania","status":"publish","type":"product","link":"https:\/\/pilgrimgroupstravel.com\/es\/producto\/tierra-santa-con-opcion-de-extension-a-jordania\/","title":{"rendered":"TIERRA SANTA CON OPCI\u00d3N DE EXTENSI\u00d3N A JORDANIA"},"content":{"rendered":"<p><strong>D\u00cdA 1, AEROPUERTO DE SALIDA \u2013 AEROPUERTO \u2013 TEL AVIV \u2013 NAZARET o TIBER\u00cdADES<\/strong><\/p>\n<p>Presentaci\u00f3n en el aeropuerto de salida para tomar nuestro vuelo a Tel Aviv. A la llegada al aeropuerto de Tel Aviv, traslado a nuestro hotel en Nazaret o Tiber\u00edades. Noche en Nazaret o Tiber\u00edades. Cena incluida.<\/p>\n<p><strong>D\u00cdA 2, TIBER\u00cdADES o NAZARET \u2013 CAN\u00c1 DE GALILEA \u2013 HAIFA: MONTE CARMELO \u2013 TIBER\u00cdADES o NAZARET<\/strong><\/p>\n<p>Por la ma\u00f1ana, partimos a Nazaret para visitar la Fuente de la Virgen, la Bas\u00edlica de la Anunciaci\u00f3n (Eucarist\u00eda y renovaci\u00f3n de votos religiosos) y la Iglesia de San Jos\u00e9. Por la tarde, nos dirigimos a Can\u00e1 de Galilea para visitar el Santuario del Primer Milagro de Jes\u00fas, donde las parejas pueden renovar sus votos. M\u00e1s tarde, visitamos Haifa y el Santuario Stella Maris en el Monte Carmelo. Al final del d\u00eda, regresamos a nuestro hotel. Noche en Nazaret o Tiber\u00edades. Pensi\u00f3n completa.<\/p>\n<p><strong>D\u00cdA 3, TIBER\u00cdADES o NAZARET \u2013 MONTE DE LAS BIENAVENTURANZAS \u2013 TABGHA \u2013 PRIMADO DE PEDRO \u2013 CAPERNAUM \u2013 MAR DE GALILEA \u2013 TIBER\u00cdADES<\/strong><\/p>\n<p>Este d\u00eda est\u00e1 dedicado a explorar los principales sitios de Galilea en la \u00e9poca de Jes\u00fas. Por la ma\u00f1ana, visitamos los alrededores del Mar de Galilea, el \u00abMar de Jes\u00fas\u00bb: el Monte de las Bienaventuranzas (Eucarist\u00eda), el Santuario de Tabgha (Multiplicaci\u00f3n de los Panes y los Peces), el Santuario de la Mensa Christi y el Primado de Pedro, y Caperna\u00fam, la \u00abCiudad de Jes\u00fas\u00bb, y el lugar de la Domus Petri. La ma\u00f1ana concluye con un paseo en barco por el lago. Por la tarde, continuamos al r\u00edo Jord\u00e1n, donde se renovar\u00e1n las promesas bautismales. Noche en Nazaret o Tiber\u00edades. Pensi\u00f3n completa.<\/p>\n<p><strong>D\u00cdA 4, TIBER\u00cdADES o NAZARET \u2013 MONTE TABOR \u2013 R\u00cdO JORD\u00c1N \u2013 JERIC\u00d3 \u2013 MAR MUERTO \u2013 QUMR\u00c1N \u2013 BEL\u00c9N<\/strong><\/p>\n<p>Por la ma\u00f1ana, tomamos un taxi al Monte Tabor y visitamos la Iglesia de la Transfiguraci\u00f3n (Eucarist\u00eda). Luego, siguiendo el curso del r\u00edo Jord\u00e1n, viajamos a la regi\u00f3n de Judea, donde visitaremos la antigua ciudad de Jeric\u00f3 y veremos el Monte de la Tentaci\u00f3n y el oasis del Manantial de Eliseo. Continuamos hacia el Mar Muerto, con la posibilidad de nadar (se requiere traje de ba\u00f1o, toalla y jab\u00f3n). Por la tarde, visitamos Qumr\u00e1n para ver los restos arqueol\u00f3gicos del asentamiento esenio y las cuevas donde escondieron sus famosos manuscritos. Continuamos el viaje por el Desierto de Judea, concluyendo el itinerario en Bel\u00e9n. Registro en el hotel. Noche en Bel\u00e9n. Pensi\u00f3n completa.<\/p>\n<p><strong>D\u00cdA 5, BEL\u00c9N \u2013 CAMPO DE LOS PASTORES \u2013 AIN KAREM \u2013 BEL\u00c9N<\/strong><\/p>\n<p>Desayuno en el hotel. Por la ma\u00f1ana, nos dirigimos al Campo de los Pastores para visitar la Capilla de los \u00c1ngeles, los restos de varios monasterios bizantinos y una reconstrucci\u00f3n ideal de la cueva de un pastor. En la ciudad de Bel\u00e9n, visitamos la Gruta y la Bas\u00edlica de la Natividad, la Iglesia Franciscana con la Capilla de San Jos\u00e9 y la Gruta de San Jer\u00f3nimo. Por la tarde, partimos hacia Ain Karem, el lugar de nacimiento de San Juan Bautista, y visitamos las Iglesias del Precursor y la Visitaci\u00f3n. Regreso a nuestro hotel en Bel\u00e9n. Noche en Bel\u00e9n. Pensi\u00f3n completa.<\/p>\n<p><strong>D\u00cdA 6, BEL\u00c9N \u2013 JERUSAL\u00c9N; Monte de los Olivos y Monte Si\u00f3n<\/strong><\/p>\n<p>Por la ma\u00f1ana, viajamos a Jerusal\u00e9n para visitar el Monte de los Olivos, lleno de recuerdos de la vida de Jes\u00fas a trav\u00e9s de sus numerosos santuarios: la Capilla de la Ascensi\u00f3n, la Iglesia del Padre Nuestro, Dominus Flevit (donde habr\u00e1 Eucarist\u00eda), la Iglesia de Getseman\u00ed, la Gruta de la Agon\u00eda y la Iglesia del Sepulcro de la Virgen. Por la tarde, visitamos el Monte Si\u00f3n y sus santuarios cristianos: la Iglesia de San Pedro en Gallicantu, el Cen\u00e1culo (renovaci\u00f3n de promesas sacerdotales) y la Iglesia de la Dormici\u00f3n de la Virgen. Traslado a nuestro hotel en Jerusal\u00e9n para el alojamiento. Noche en Jerusal\u00e9n. Pensi\u00f3n completa.<\/p>\n<p><strong>D\u00cdA 7, JERUSAL\u00c9N: CIUDAD VIEJA, SANTO SEPULCRO Y V\u00cdA CRUCIS<\/strong><\/p>\n<p>Por la ma\u00f1ana, visitamos el Muro Occidental y el Monte del Templo, con vistas panor\u00e1micas de las mezquitas de Omar y Al-Aqsa. Seguimos la V\u00eda Crucis y visitamos el Santo Sepulcro dentro de la Iglesia de la Resurrecci\u00f3n. Por la tarde, tiempo libre. Noche en Jerusal\u00e9n. Pensi\u00f3n completa.<\/p>\n<p><strong>D\u00cdA 8, JERUSAL\u00c9N \u2013 EMA\u00daS \u2013 AEROPUERTO DE TEL AVIV \u2013 AEROPUERTO DE SALIDA<\/strong><\/p>\n<p>Desayuno y visita a la Puerta de San Esteban: Santa Ana y la Piscina Prob\u00e1tica. Vista panor\u00e1mica de despedida de Jerusal\u00e9n. Salida a Ema\u00fas. Almuerzo y traslado al aeropuerto de Tel Aviv. Check-in y procedimientos de embarque acompa\u00f1ados por nuestro personal. Salida en vuelo regular al aeropuerto de salida. Traslado a nuestro lugar de origen. Fin del viaje y de nuestros servicios.<\/p>\n<p><strong>ALTERNATIVA: EXTENSI\u00d3N PARA VISITAR JORDANIA B\u00cdBLICA *IMPORTANTE: Se llevar\u00e1 a cabo si hay un m\u00ednimo de 15 viajeros.<\/strong><\/p>\n<p><strong>D\u00cdA 8, JERUSAL\u00c9N \u2013 MONTE NEBO \u2013 PETRA<\/strong><\/p>\n<p>Por la ma\u00f1ana, partimos hacia la frontera jordana y traslado al Monte Nebo, donde la tradici\u00f3n sit\u00faa a Mois\u00e9s contemplando la Tierra Prometida que nunca pisar\u00eda. En un momento designado, traslado al hotel en Petra, llegando al final de la tarde. Pensi\u00f3n completa. Noche en Petra.<\/p>\n<p><strong>D\u00cdA 9, PETRA \u2013 MAR MUERTO<\/strong><\/p>\n<p>Por la ma\u00f1ana, visita a Petra, la ciudad perdida de los nabateos. Atravesamos el legendario Siq, la gran garganta de arenisca que conduce al Tesoro. Continuamos viendo templos, tumbas reales, teatros y casas romanas. Despu\u00e9s de la visita, traslado a nuestro hotel en el Mar Muerto. Pensi\u00f3n completa. Noche en el Mar Muerto.<\/p>\n<p><strong>D\u00cdA 10, MAR MUERTO \u2013 AEROPUERTO DE TEL AVIV \u2013 AEROPUERTO DE SALIDA<\/strong><\/p>\n<p>Por la ma\u00f1ana, traslado a la frontera y luego continuamos al aeropuerto de Tel Aviv para nuestro vuelo al aeropuerto de salida. Legada a nuestro pa\u00eds de origen. Fin del viaje y de nuestros servicios.<\/p>\n","protected":false},"excerpt":{"rendered":"<div class=\"flex-1 overflow-hidden\">\n<div class=\"react-scroll-to-bottom--css-jbfpf-79elbk h-full\">\n<div class=\"react-scroll-to-bottom--css-jbfpf-1n7m0yu\">\n<div class=\"flex flex-col pb-9 text-sm\">\n<div class=\"w-full text-token-text-primary\" data-testid=\"conversation-turn-11\">\n<div class=\"px-4 py-2 justify-center text-base md:gap-6 m-auto\">\n<div class=\"flex flex-1 text-base mx-auto gap-3 md:px-5 lg:px-1 xl:px-5 md:max-w-3xl lg:max-w-[40rem] xl:max-w-[48rem] group final-completion\">\n<div class=\"relative flex w-full flex-col lg:w-[calc(100%-115px)] agent-turn\">\n<div class=\"flex-col gap-1 md:gap-3\">\n<div class=\"flex flex-grow flex-col max-w-full\">\n<div class=\"min-h-[20px] text-message flex flex-col items-start gap-3 whitespace-pre-wrap break-words [.text-message+&amp;]:mt-5 overflow-x-auto\" data-message-author-role=\"assistant\" data-message-id=\"fa0362ad-bef9-4479-8890-1af41eff2a06\">\n<div class=\"result-streaming markdown prose w-full break-words dark:prose-invert light\">\n<p>Tierra Santa con la opci\u00f3n de que una parte del grupo visite Jordania<\/p>\n<\/div>\n<\/div>\n<\/div>\n<\/div>\n<\/div>\n<\/div>\n<\/div>\n<\/div>\n<\/div>\n<\/div>\n<\/div>\n<\/div>\n","protected":false},"featured_media":508,"template":"","meta":[],"product_brand":[],"product_cat":[41],"product_tag":[],"class_list":{"0":"post-537","1":"product","2":"type-product","3":"status-publish","4":"has-post-thumbnail","6":"product_cat-tierra-santa","8":"first","9":"instock","10":"shipping-taxable","11":"product-type-simple"},"_links":{"self":[{"href":"https:\/\/pilgrimgroupstravel.com\/es\/wp-json\/wp\/v2\/product\/537","targetHints":{"allow":["GET"]}}],"collection":[{"href":"https:\/\/pilgrimgroupstravel.com\/es\/wp-json\/wp\/v2\/product"}],"about":[{"href":"https:\/\/pilgrimgroupstravel.com\/es\/wp-json\/wp\/v2\/types\/product"}],"wp:featuredmedia":[{"embeddable":true,"href":"https:\/\/pilgrimgroupstravel.com\/es\/wp-json\/wp\/v2\/media\/508"}],"wp:attachment":[{"href":"https:\/\/pilgrimgroupstravel.com\/es\/wp-json\/wp\/v2\/media?parent=537"}],"wp:term":[{"taxonomy":"product_brand","embeddable":true,"href":"https:\/\/pilgrimgroupstravel.com\/es\/wp-json\/wp\/v2\/product_brand?post=537"},{"taxonomy":"product_cat","embeddable":true,"href":"https:\/\/pilgrimgroupstravel.com\/es\/wp-json\/wp\/v2\/product_cat?post=537"},{"taxonomy":"product_tag","embeddable":true,"href":"https:\/\/pilgrimgroupstravel.com\/es\/wp-json\/wp\/v2\/product_tag?post=537"}],"curies":[{"name":"wp","href":"https:\/\/api.w.org\/{rel}","templated":true}]}}