{"id":560,"date":"2024-02-07T15:09:23","date_gmt":"2024-02-07T15:09:23","guid":{"rendered":"https:\/\/pilgrimgroupstravel.com\/?post_type=product&#038;p=560"},"modified":"2024-02-07T15:18:51","modified_gmt":"2024-02-07T15:18:51","slug":"sicilia-de-san-pablo","status":"publish","type":"product","link":"https:\/\/pilgrimgroupstravel.com\/es\/producto\/sicilia-de-san-pablo\/","title":{"rendered":"Sicilia de San Pablo"},"content":{"rendered":"<p><strong>D\u00cdA 1\u00ba. PUNTO DE ORIGEN &#8211; CATANIA<\/strong><\/p>\n<p>Presentaci\u00f3n en el Aeropuerto de origen para coger nuestro vuelo con destino Catania. A la llegada nos trasladaremos a nuestro hotel en Catania. Esta tarde visitaremos Catania. Esta ciudad, la m\u00e1s importante de la costa oriental, se caracteriza fundamentalmente por sus construcciones realizadas en piedra volc\u00e1nica, haremos una visita panor\u00e1mica. Almuerzo y cena. Noche en Catania.<\/p>\n<p><strong>D\u00cdA 2\u00ba. CATANIA &#8211; ETNA &#8211; TAORMINA &#8211; CATANIA<\/strong><\/p>\n<p>Esta ma\u00f1ana saldremos, si las condiciones meteorol\u00f3gicas lo permiten, hacia el monte Etna: el volc\u00e1n m\u00e1s alto, y a\u00fan activo, de Europa (3.345 metros): el autob\u00fas llegar\u00e1 hasta el Refugio Sapienza a 1.800 metros de altitud. Visitaremos los cr\u00e1teres apagados, los llamados \u201cCrateri Silvestri\u201d. Espl\u00e9ndida es la variedad de flora y espl\u00e9ndidos son tambi\u00e9n los paisajes lunares que se pueden ver por el camino. Durante siglos, el volc\u00e1n ha creado un lugar donde naturaleza, cultura e historia se han unido para dar lugar a un paraje \u00fanico en el mundo. Continuaremos a Taormina para hacer una visita panor\u00e1mica. Regreso a Catania. Pensi\u00f3n completa. Noche en Catania.<\/p>\n<p><strong>D\u00cdA 3\u00ba. CATANIA &#8211; MESSINA &#8211; SIRACUSA<\/strong><\/p>\n<p>Hoy nos trasladaremos a Messina. Recorreremos con nuestro gu\u00eda local los lugares m\u00e1s representativos, que veremos exteriormente; la Catedral, impresionante obra de arquitectura del siglo XII, con una fachada de m\u00e1rmol adornada con figuras y esculturas, la Fuente de Ori\u00f3n, fuente monumental que cuenta con una escultura del dios griego Ori\u00f3n y es un lugar popular para tomar fotograf\u00edas y relajarse, el Castillo de Milazzo, una impresionante fortificaci\u00f3n del siglo XVI que domina la costa, el Estrecho de Messina que separa la pen\u00ednsula italiana de Sicilia y es famoso por su belleza natural y sus corrientes marinas \u00fanicas. La Piazza del Duomo, coraz\u00f3n del centro hist\u00f3rico de Messina es el lugar perfecto para pasear y disfrutar de la arquitectura, el Teatro Vittorio Emanuele II, ejemplo de arquitectura neocl\u00e1sica y a\u00fan hoy se utiliza para funciones y eventos culturales. Continuaremos hasta Siracusa. Pensi\u00f3n completa. Noche en Siracusa.<\/p>\n<p><strong>D\u00cdA 4\u00ba. SIRACUSA &#8211; NOTO &#8211; SIRACUSA<\/strong><\/p>\n<p>Hoy nos trasladaremos a Noto para visitar la capital del Barroco Siciliano donde se puede admirar la Catedral totalmente renovada, tras varios a\u00f1os de restauraci\u00f3n, que ha seguido los procedimientos tradicionales de construcci\u00f3n. Regreso a Siracusa. Pensi\u00f3n completa. Noche en Siracusa.<\/p>\n<p><strong>D\u00cdA 5\u00ba. SIRACUSA &#8211; AGRIGENTO<\/strong><\/p>\n<p>Por la ma\u00f1ana visita de Siracusa: la ciudad m\u00e1s grande de la antig\u00fcedad, fundada en el 734- 733 a.c. y llamada Syraka. Se extiende a lo largo del mar, junto a la isla de Ortigia, que est\u00e1 unida a la tierra firme por un puente, y ofrece al visitante los restos de su glorioso pasado: El Templo de Minerva, transformado en Catedral Cristiana, la legendaria Fontana de Arethusa, el Templo de Apolo, el Teatro Griego y el Anfiteatro Romano situado cerca de las Latomie, el Orecchio di Dionisio. Continuaci\u00f3n a Agrigento. Pensi\u00f3n completa. Noche en Agrigento.<\/p>\n<p><strong>D\u00cdA 6\u00ba. AGRIGENTO &#8211; SEGESTA &#8211; PALERMO<\/strong><\/p>\n<p>Por la ma\u00f1ana visita de Agrigento \u201cLa Ciudad m\u00e1s bella de los mortales\u201d, donde, hoy en d\u00eda, se pueden admirar todav\u00eda diez templos d\u00f3ricos que se levantan a lo largo del valle. Visita de la ciudad y del famoso y \u00fanico \u201cValle de los Templos\u201d. Continuaci\u00f3n hasta Segesta para visitar su sitio arqueol\u00f3gico, en el que se puede ver el Templo de Segesta, impresionante estructura griega del siglo V a.C. Se encuentra en una colina a las afueras de la ciudad. Cuenta con 36 columnas d\u00f3ricas y el Teatro, con capacidad para 4000 personas, se encuentra en el centro de la ciudad antigua y ofrece vistas panor\u00e1micas del paisaje circundante. Continuaremos hacia Palermo, Pensi\u00f3n completa. Noche en Agrigento.<\/p>\n<p><strong>D\u00cdA 7\u00ba. PALERMO &#8211; MONREALE &#8211; CEFAL\u00da &#8211; PALERMO<\/strong><br \/>\nPor la ma\u00f1ana nos trasladaremos a Monreale, donde visitaremos su Catedral y el Claustro. Tras la visita, continuaremos hacia Cefal\u00f9, donde tendremos ocasi\u00f3n de visitar la Catedral del Salvador y la Transfiguraci\u00f3n de Jes\u00fas, que es el principal monumento normando de la isla. Regreso a Palermo. Haremos la visita de la ciudad. Pensi\u00f3n completa. Noche en Palermo.<\/p>\n<p><strong>D\u00cdA 8\u00ba. PALERMO &#8211; AEROPUERTO DE PALERMO &#8211; AEROPUERTO DE ORIGEN<\/strong><br \/>\nDesayuno. Tiempo libre. Debe dejarse la habitaci\u00f3n antes de las 11:00. A la hora que se determine saldremos hacia el Aeropuerto de Palermo para coger nuestro vuelo con destino a nuestro lugar de origen. Traslado a nuestro lugar de origen. Llegada y fin de nuestros servicios.<\/p>\n","protected":false},"excerpt":{"rendered":"<p>Ruta de San Pablo en Sicilia: Fe, Tradici\u00f3n y Sabor<\/p>\n","protected":false},"featured_media":565,"template":"","meta":[],"product_brand":[],"product_cat":[44],"product_tag":[],"class_list":{"0":"post-560","1":"product","2":"type-product","3":"status-publish","4":"has-post-thumbnail","6":"product_cat-rutas-de-los-apostoles","8":"first","9":"instock","10":"shipping-taxable","11":"product-type-simple"},"_links":{"self":[{"href":"https:\/\/pilgrimgroupstravel.com\/es\/wp-json\/wp\/v2\/product\/560","targetHints":{"allow":["GET"]}}],"collection":[{"href":"https:\/\/pilgrimgroupstravel.com\/es\/wp-json\/wp\/v2\/product"}],"about":[{"href":"https:\/\/pilgrimgroupstravel.com\/es\/wp-json\/wp\/v2\/types\/product"}],"wp:featuredmedia":[{"embeddable":true,"href":"https:\/\/pilgrimgroupstravel.com\/es\/wp-json\/wp\/v2\/media\/565"}],"wp:attachment":[{"href":"https:\/\/pilgrimgroupstravel.com\/es\/wp-json\/wp\/v2\/media?parent=560"}],"wp:term":[{"taxonomy":"product_brand","embeddable":true,"href":"https:\/\/pilgrimgroupstravel.com\/es\/wp-json\/wp\/v2\/product_brand?post=560"},{"taxonomy":"product_cat","embeddable":true,"href":"https:\/\/pilgrimgroupstravel.com\/es\/wp-json\/wp\/v2\/product_cat?post=560"},{"taxonomy":"product_tag","embeddable":true,"href":"https:\/\/pilgrimgroupstravel.com\/es\/wp-json\/wp\/v2\/product_tag?post=560"}],"curies":[{"name":"wp","href":"https:\/\/api.w.org\/{rel}","templated":true}]}}