{"id":585,"date":"2024-02-15T15:34:15","date_gmt":"2024-02-15T15:34:15","guid":{"rendered":"https:\/\/pilgrimgroupstravel.com\/?post_type=product&#038;p=585"},"modified":"2024-02-15T17:46:13","modified_gmt":"2024-02-15T17:46:13","slug":"paray-le-monial","status":"publish","type":"product","link":"https:\/\/pilgrimgroupstravel.com\/es\/producto\/paray-le-monial\/","title":{"rendered":"Paray Le Monial"},"content":{"rendered":"<div class=\"woocommerce-tabs wc-tabs-wrapper\">\n<div id=\"tab-description\" class=\"woocommerce-Tabs-panel woocommerce-Tabs-panel--description panel entry-content wc-tab\" role=\"tabpanel\" aria-labelledby=\"tab-title-description\">\n<p><b>DIA 1\u00ba,<span class=\"Apple-converted-space\">\u00a0<\/span><span class=\"Apple-converted-space\">\u00a0Aeropuerto de origen<\/span>\u00a0 \u2013<span class=\"Apple-converted-space\">\u00a0L<\/span><\/b><b>yon \u2013 Paray le<span class=\"Apple-converted-space\">\u00a0 M<\/span>onial<\/b><\/p>\n<p>Presentaci\u00f3n en el aeropuerto de origen para coger nuestro vuelo con destino Lyon. \u00a0A la llegada nos trasladaremos a Lyon para la\u00a0<b>comida<\/b>. Por la tarde tendremos ocasi\u00f3n de dar un paseo por la ciudad. A la hora que se determine nos trasladaremos a Paray le Monial. Alojamiento en nuestro hotel. <b>Cena<\/b>.\u00a0<b>Noche en Paray le Monial<\/b><\/p>\n<p><b>D\u00cdA 2\u00ba y 3\u00ba.\u00a0<span class=\"Apple-converted-space\">\u00a0<\/span>Paray Le Monial<\/b><\/p>\n<p>Paray la Monial es el lugar donde tuvieron lugar las apariciones, y los planes de difusi\u00f3n en la iglesia, de la figura del Sagrado Coraz\u00f3n revelados a Santa Margarita Mar\u00eda de Alacoque, bajo las orientaciones del jesuita San Claudio de la Colombier.<\/p>\n<p>Estos dos d\u00edas los dedicaremos a aprovechar espiritualmente este lugar de oraci\u00f3n.<\/p>\n<p>Adem\u00e1s de la presencia de varias comunidades contemplativas, los visitantes y los peregrinos pueden orar en diferentes lugares :<span class=\"Apple-converted-space\">\u00a0<\/span><\/p>\n<p>\u2013 la Capilla de las Apariciones donde descansa Santa Margarita-Mar\u00eda.<span class=\"Apple-converted-space\">\u00a0<\/span><\/p>\n<p>\u2013 la Capilla de la Colombiere : contiene las replicas de San Claudio de la Colombiere.<\/p>\n<p>\u2013 la Bas\u00edlica del Sagrado Coraz\u00f3n donde Juan Pablo II oro en peregrino en 1986.<span class=\"Apple-converted-space\">\u00a0<\/span><\/p>\n<p>\u2013 la Capilla Nuestra Se\u00f1ora de Romay ; antiguo lugar de peregrinacion de Maria.<span class=\"Apple-converted-space\">\u00a0<\/span><\/p>\n<p>\u2013 la Capilla San Juan edificada por la direccion de la Peregrinacion encima del nuevo espacio de acigoda (en la entrada del Parc des Chapelllains, detr\u00e1s de la Bas\u00edlica)<\/p>\n<p>Celebraremos la Santa Misa cada d\u00eda adem\u00e1s de conocer la ciuad y participar en los momentos de oraci\u00f3n y actos lit\u00fargicos que se determinen.<\/p>\n<p><b>Pensi\u00f3n completa. Noche en Paray le Monial<\/b>.<\/p>\n<p><b>D\u00cdA 4\u00ba,<span class=\"Apple-converted-space\">\u00a0P<\/span>aray le Monial<span class=\"Apple-converted-space\">\u00a0\u00a0<\/span>\u2013 Ars \u2013 aeropuerto<span class=\"Apple-converted-space\">\u00a0<\/span><\/b><b>de Lyon \u2013 Aeropuerto de origen<\/b><\/p>\n<p>Tras el\u00a0<b>desayuno<\/b>\u00a0nos trasladaremos hasta Cluny, donde se pueden admirar los pocos restos del gran monasterio de Cluny, que lleg\u00f3 a tener en torno a los mil monjes y que gobernaba m\u00e1s de doscientos prioratos por toda Europa, con gran influencia espiritual, cultural, econ\u00f3mica y pol\u00edtica, propiciando el movimiento cluniacense que cambi\u00f3 el rostro de muchos monasterios europeos. Despu\u00e9s seguiremos a Ars, donde San Juan Mar\u00eda Vianney, el santo cura de Ars, dedic\u00f3 su vida a los fieles de la parroquia, con una entrega particular al Sacramento de la Panitencia.\u00a0<b>Almuerzo<\/b>. A la hora que se determine nos trasladaremos al aeropuerto de Lyon para coger nuestro vuelo con destino a nuestro aeropuerto de origen. Llegada. Fin del viaje y de nuestros servicios.<\/p>\n<p>&nbsp;<\/p>\n<\/div>\n<\/div>\n","protected":false},"excerpt":{"rendered":"<p>DIA 1\u00ba,\u00a0\u00a0Aeropuerto de origen\u00a0 \u2013\u00a0Lyon \u2013 Paray le\u00a0 Monial Presentaci\u00f3n en el aeropuerto de origen para coger nuestro vuelo con destino Lyon. \u00a0A la llegada nos trasladaremos a Lyon para la\u00a0comida. Por la tarde tendremos ocasi\u00f3n de dar un paseo por la ciudad. A la hora que se determine nos trasladaremos a Paray le Monial. [&#8230;]\n","protected":false},"featured_media":0,"template":"","meta":[],"product_brand":[],"product_cat":[51],"product_tag":[],"class_list":{"0":"post-585","1":"product","2":"type-product","3":"status-publish","5":"product_cat-francia","7":"first","8":"instock","9":"shipping-taxable","10":"product-type-simple"},"_links":{"self":[{"href":"https:\/\/pilgrimgroupstravel.com\/es\/wp-json\/wp\/v2\/product\/585","targetHints":{"allow":["GET"]}}],"collection":[{"href":"https:\/\/pilgrimgroupstravel.com\/es\/wp-json\/wp\/v2\/product"}],"about":[{"href":"https:\/\/pilgrimgroupstravel.com\/es\/wp-json\/wp\/v2\/types\/product"}],"wp:attachment":[{"href":"https:\/\/pilgrimgroupstravel.com\/es\/wp-json\/wp\/v2\/media?parent=585"}],"wp:term":[{"taxonomy":"product_brand","embeddable":true,"href":"https:\/\/pilgrimgroupstravel.com\/es\/wp-json\/wp\/v2\/product_brand?post=585"},{"taxonomy":"product_cat","embeddable":true,"href":"https:\/\/pilgrimgroupstravel.com\/es\/wp-json\/wp\/v2\/product_cat?post=585"},{"taxonomy":"product_tag","embeddable":true,"href":"https:\/\/pilgrimgroupstravel.com\/es\/wp-json\/wp\/v2\/product_tag?post=585"}],"curies":[{"name":"wp","href":"https:\/\/api.w.org\/{rel}","templated":true}]}}