{"id":589,"date":"2024-02-15T15:44:01","date_gmt":"2024-02-15T15:44:01","guid":{"rendered":"https:\/\/pilgrimgroupstravel.com\/?post_type=product&#038;p=589"},"modified":"2024-02-15T17:57:24","modified_gmt":"2024-02-15T17:57:24","slug":"las-misiones-jesuiticas-en-argentina-paraguay-y-brasil","status":"publish","type":"product","link":"https:\/\/pilgrimgroupstravel.com\/es\/producto\/las-misiones-jesuiticas-en-argentina-paraguay-y-brasil\/","title":{"rendered":"Las Misiones Jesu\u00edticas en Argentina, Paraguay y Brasil"},"content":{"rendered":"<p><strong>D\u00cdA 1\u00ba.- Aeropuerto de origen \u2013 Buenos Aires<\/strong><\/p>\n<p>Presentaci\u00f3n en el aeropuerto de origen para tomar nuestro vuelo con destino Buenos Aires.\u00a0<strong>Noche de vuelo<\/strong><\/p>\n<p><strong>D\u00cdA 2\u00ba.- Buenos Aires<\/strong><\/p>\n<p>A la llegada nos trasladaremos a nuestro hotel. Early check-in y desayuno. A la hora que se determine saldremos para realizar la visita a la ciudad zona sur con almuerzo en restaurante en servicio privado. En el recorrido visitaremos la Plaza de Mayo frente a la Casa Rosa, entraremos en el antiguo barrio de San Telmo cuna del Tango. Tambi\u00e9n visitaremos el barrio de La Boca donde se encuentra el famoso Caminito. Finalizaremos en el barrio de Puerto Madero. <strong>Pensi\u00f3n completa<\/strong>. <strong>noche en Buenos Aires.<\/strong><\/p>\n<p><strong>D\u00cdA 3\u00ba.- Buenos Aires<\/strong><\/p>\n<p>Por la ma\u00f1ana, salida del hotel para realizar la visita a la ciudad zona norte en servicio privado. Comenzaremos la visita por la famosa Avenida 9 de Julio sobre la que se encuentra el Obelisco, continuaremos por el barrio de Palermo (bohemios, artistas, gente joven), el barrio de Recoleta (donde se situa el cementerio cuyas b\u00f3vedas descansan familias aristocr\u00e1ticas), tambi\u00e9n pasaremos junto a la Biblioteca Nacional, el Museo Nacional de Bellas Artes y el Centro Cultural Recoleta. Por la noche partiremos en servicio privado a Caf\u00e9 de Los Angelitos<span class=\"Apple-converted-space\">\u00a0\u00a0<\/span>para disfrutar de una cena show de tango.\u00a0Luego, regreso al hotel.<strong>Pensi\u00f3n completa.<\/strong>\u00a0<strong>Noche en Buenos Aires<\/strong><\/p>\n<p><strong><span class=\"Apple-converted-space\">D\u00cdA 4\u00ba.- Buenos Aires \u2013 Puerto Iguaz\u00fa; Cataratas<\/span><\/strong><\/p>\n<p><span class=\"Apple-converted-space\">A la hora que se determine saldremos a tomar nuestro vuelo con destino Iguaz\u00fa.\u00a0<\/span>Llegada a la ciudad de Puerto Iguaz\u00fa, recepci\u00f3n por nuestro personal y traslado en servicio regular al hotel. Posterior salida por la avenida Das Cataratas, para efectuar la visita a las Cataratas Brasile\u00f1as. Al comienzo del recorrido nos deslumbra su primer paisaje, teniendo una vista panor\u00e1mica de la Isla San Mart\u00edn, Salto Bozzetti, saltos que pertenecen al lado argentino. Realizamos este paseo por medio de una pasarela donde encontraremos innumerables miradores con majestuosos paisajes.- Finalizando el recorrido se llega al salto Floriano, teniendo acceso a un elevador panor\u00e1mico donde se da por concluido el paseo. Regreso al hotel y cena.\u00a0<strong>Pensi\u00f3n completa.\u00a0<\/strong><strong>Noche en Puerto Iguaz\u00fa<\/strong>.<\/p>\n<p><strong>D\u00cdA 5\u00ba.- Puerto Iguaz\u00fa \u2013 Misiones jesu\u00edticas \u2013 Puerto Iguaz\u00fa<\/strong><\/p>\n<div class=\"page\" title=\"Page 11\">\n<div class=\"section\">\n<div class=\"layoutArea\">\n<div class=\"column\">\n<p>Hoy dedicaremos el d\u00eda a recorrer los restos de varias de las Misiones jesu\u00edticas, tambi\u00e9n conocidas como Reducciones jesu\u00edticas, que se fundaron en el siglo XVII con el fin de evangelizar a la poblaci\u00f3n ind\u00edgena. Fueron treinta en total y de ellas conoceremos los restos de tres de ellas; Las\u00a0Ruinas de San Ignacio en Posadas y San Ignacio Min\u00ed de Argentina y Encarnaci\u00f3n de Paraguay. Estas misiones ser\u00edan el argumento de la conocida pel\u00edcula \u00abLa Misi\u00f3n\u00bb. Regreso a nuestro hotel y cena.\u00a0<strong>Pensi\u00f3n completa.\u00a0<\/strong><strong>Noche en Puerto Iguaz\u00fa<\/strong><\/p>\n<\/div>\n<\/div>\n<\/div>\n<\/div>\n<p><strong>D\u00cdA 6\u00ba.- Puerto Iguaz\u00fa \u2013 Porto Alegre (Brasil)<\/strong><\/p>\n<p>A la hora que se determine nos trasladaremos al aeropuerto para tomar nuestro vuelo con destino Porto Alegre, en Brasil. A la llegada traslado a nuestro hotel.\u00a0<strong>Pensi\u00f3n completa.\u00a0<\/strong><strong>Noche en Porto Alegre.<\/strong><\/p>\n<p><strong>D\u00cdA 7\u00ba.- Porto Alegre \u2013 Sao Paulo<\/strong><\/p>\n<p>A la hora que se determine nos trasladaremos al aeropuerto para tomar nuestro vuelo con destino Sao Paulo. A la llegada nos trasladaremos a la ciudad para iniciar nuestro recorrido. Visitaremos el lugar de la primera Misi\u00f3n jesu\u00edtica de la ciudad y el Museo Anchieta que nos permite conocer la influencia jesu\u00edtica en los inicios de la ciudad. Tambi\u00e9n podremos ver lugares emblem\u00e1ticos como la Catedral, la Avenida Paulista, el Monasterio de San Bento, dedicado a la Virgen de Montserrat entre otros.\u00a0<strong>Pensi\u00f3n completa. Noche en Sao Paulo<\/strong>.<\/p>\n<p><strong>D\u00cdA 8\u00ba.- Sao Paulo<\/strong><\/p>\n<p>Durante el d\u00eda de hoy seguiremos visitando la ciudad con el Barrio da Liberdade o el Teatro municipal.\u00a0<strong>Pensi\u00f3n completa. Noche en Sao Paulo<\/strong><\/p>\n<p><strong>D\u00cdA 9\u00ba.- Sao Paulo \u2013 Santuario nacional de Nuestra Se\u00f1ora Aparecida \u2013 Rio de Janeiro<\/strong><\/p>\n<p>A la hora que se determine saldremos hacia R\u00edo de Janeiro. En el camino pararemos en el Santuario de Nuestra Se\u00f1or Aparecida, patrona de Brasil. La Bas\u00edlica que la alberga es la mayor de Am\u00e9rica y la segunda mayor del mundo y es un important\u00edsimo centro de peregrinaciones. Tras la visita seguiremos hacia R\u00edo de Janeiro.\u00a0<strong>Pensi\u00f3n completa. Noche en R\u00edo de Janeiro.<\/strong><\/p>\n<p><strong>D\u00cdA 10\u00ba.- R\u00edo de Janeiro<\/strong><\/p>\n<p>Hoy dedicaremos el d\u00eda a esta gran ciudad brasile\u00f1a. Entre otros lugares de inter\u00e9s est\u00e1n la original catedral de Santiago, con forma de pir\u00e1mide y la subida al Cristo Redentor que preside desde el Cerro de Corcovado la ciudad. Tiempo libre.\u00a0<strong>Pensi\u00f3n completa. Noche en R\u00edo de Janeiro<\/strong><\/p>\n<p><strong>D\u00cdA 11\u00ba.- R\u00edo de Janeiro \u2013 Aeropuerto de origen<\/strong><\/p>\n<p>Tras el\u00a0<strong>desayuno<\/strong>, a la hora que se determine, nos dirigiremos al aeropuerto para tomar nuestro vuelo de regreso al aeropuerto de origen. Llegada. Fin del viaje y de nuestros servicios.<\/p>\n","protected":false},"excerpt":{"rendered":"<p>D\u00cdA 1\u00ba.- Aeropuerto de origen \u2013 Buenos Aires Presentaci\u00f3n en el aeropuerto de origen para tomar nuestro vuelo con destino Buenos Aires.\u00a0Noche de vuelo D\u00cdA 2\u00ba.- Buenos Aires A la llegada nos trasladaremos a nuestro hotel. Early check-in y desayuno. A la hora que se determine saldremos para realizar la visita a la ciudad zona [&#8230;]\n","protected":false},"featured_media":0,"template":"","meta":[],"product_brand":[],"product_cat":[53],"product_tag":[],"class_list":{"0":"post-589","1":"product","2":"type-product","3":"status-publish","5":"product_cat-america","7":"first","8":"instock","9":"shipping-taxable","10":"product-type-simple"},"_links":{"self":[{"href":"https:\/\/pilgrimgroupstravel.com\/es\/wp-json\/wp\/v2\/product\/589","targetHints":{"allow":["GET"]}}],"collection":[{"href":"https:\/\/pilgrimgroupstravel.com\/es\/wp-json\/wp\/v2\/product"}],"about":[{"href":"https:\/\/pilgrimgroupstravel.com\/es\/wp-json\/wp\/v2\/types\/product"}],"wp:attachment":[{"href":"https:\/\/pilgrimgroupstravel.com\/es\/wp-json\/wp\/v2\/media?parent=589"}],"wp:term":[{"taxonomy":"product_brand","embeddable":true,"href":"https:\/\/pilgrimgroupstravel.com\/es\/wp-json\/wp\/v2\/product_brand?post=589"},{"taxonomy":"product_cat","embeddable":true,"href":"https:\/\/pilgrimgroupstravel.com\/es\/wp-json\/wp\/v2\/product_cat?post=589"},{"taxonomy":"product_tag","embeddable":true,"href":"https:\/\/pilgrimgroupstravel.com\/es\/wp-json\/wp\/v2\/product_tag?post=589"}],"curies":[{"name":"wp","href":"https:\/\/api.w.org\/{rel}","templated":true}]}}