{"id":591,"date":"2024-02-15T16:01:47","date_gmt":"2024-02-15T16:01:47","guid":{"rendered":"https:\/\/pilgrimgroupstravel.com\/?post_type=product&#038;p=591"},"modified":"2024-02-15T18:04:18","modified_gmt":"2024-02-15T18:04:18","slug":"fatima-y-centro-de-portugal","status":"publish","type":"product","link":"https:\/\/pilgrimgroupstravel.com\/es\/producto\/fatima-y-centro-de-portugal\/","title":{"rendered":"F\u00e1tima y Centro de Portugal"},"content":{"rendered":"<p><b>D\u00eda 1\u00ba.<span class=\"Apple-converted-space\">\u00a0<\/span><span class=\"Apple-converted-space\">\u00a0<\/span>LUGAR DE ORIGEN \u2013 TOLEDO \u2013 TRUJILLO<\/b><\/p>\n<p>A la hora que se determine saldremos desde nuestro lugar de origen hacia Toledo. Tendremos el almuerzo incluido en restaurante y un breve pero interesante recorrido por la ciudad atravesando sus m\u00e1s insignes monumentos como la Catedral, la Iglesia de Santo Tom\u00e9, La Casa del Greco, etc. Posteriormente, continuaremos hasta Trujillo, donde llegaremos a \u00faltimas horas del d\u00eda.\u00a0<b>Almuerzo y cena. Noche en Trujillo<\/b>.<\/p>\n<p><b>D\u00eda 2\u00ba.\u00a0<span class=\"Apple-converted-space\">\u00a0\u00a0<\/span>TRUJILLO \u2013 FATIMA<\/b><\/p>\n<p>Desayuno y salida con direcci\u00f3n al Santuario Mariano de Ntra. Sra. de F\u00e1tima a la llegada almuerzo en el hotel y posterior tiempo a disposici\u00f3n dedicado a visitar la ciudad de F\u00e1tima, importante Centro de Peregrinaci\u00f3n: la Bas\u00edlica del Rosario, la Columnata y los Lugares de las Apariciones. Durante este d\u00eda podremos participar en los actos all\u00ed celebrados como procesiones, misas, etc.\u00a0<b>Pensi\u00f3n completa. Noche en F\u00e1tima<\/b>.<\/p>\n<p><strong>D\u00cdA 3\u00ba. F\u00c1TIMA \u2013 BATALHA \u2013 ALCOBA\u00c7A \u2013 NAZAR\u00c9 \u2013 F\u00c1TIMA<\/strong><\/p>\n<p>Desayuno y salida en direcci\u00f3n a Batalha, donde se encuentra el Monasterio que el rey Juan I de Portugal mand\u00f3 edificar en 1386 para conmemorar la batalla de Aljubarrota, en la que los portugueses vencieron a los castellanos. Seguiremos hasta Alcoba\u00e7a, conocida por su monasterio cisterciense. Acabaremos las visitas del d\u00eda en la pintoresca localidad costera de Nazar\u00e9, donde podremos disfrutar de un paseo. Regreso a F\u00e1tima.\u00a0<b>Pensi\u00f3n completa. Noche en F\u00e1tima<\/b><\/p>\n<p><b>D\u00eda 4\u00ba.\u00a0<span class=\"Apple-converted-space\">\u00a0\u00a0<\/span>FATIMA \u2013 OPORTO \u2013 COIMBRA \u2013 FATIMA<\/b><\/p>\n<p>Desayuno y salida en excursi\u00f3n de todo el d\u00eda para conocer la segunda ciudad en importancia de Portugal, Oporto, situada en la desembocadura de Duero, con sus puentes hist\u00f3ricos, como el de Mar\u00eda Pia o el de Luis I ; su Catedral ,Torre de los Cl\u00e9rigos etc. Almuerzo en restaurante . De regreso nos detendremos en la ciudad portuguesa universitaria por excelencia, Coimbra, situada en un cerro sobre el r\u00edo, con vistas preciosas desde la terraza de la Universidad. Destacan tambi\u00e9n el Monasterio de Santa Cruz, la Catedral Vieja y la Nueva , as\u00ed como su bello trazado urbano. Regreso a F\u00e1tima a la hora que se determine.\u00a0<b>Pensi\u00f3n completa. Noche en F\u00e1tima<\/b>.<\/p>\n<p><b>D\u00eda 5\u00ba. \u00a0<span class=\"Apple-converted-space\">\u00a0\u00a0<\/span>FATIMA \u2013 LISBOA \u2013 M\u00c9RIDA (o zona)<\/b><\/p>\n<p>Desayuno y salida hacia Lisboa, capital lusa e importante ciudad monumental , donde recorreremos panor\u00e1micamente sus m\u00e1s significativos monumentos, como el Monasterio de los Jer\u00f3nimos, El Monumento a los Descubridores, La Plaza del Comercio, Marques de Pombal, etc. Almuerzo en restaurante y posterior continuaci\u00f3n hacia M\u00e9rida atravesando la bonita zona portuguesa de La Extremadura. Llegada a M\u00e9rida (o Zona)\u00a0<b>Pensi\u00f3n completa. Noche en M\u00e9rida<\/b>.<\/p>\n<p><b>D\u00eda 6\u00ba.<span class=\"Apple-converted-space\">\u00a0\u00a0<\/span>M\u00c9RIDA (o zona) \u2013 GUADALUPE \u2013 TALAVERA \u2013 LUGAR DE ORIGEN<\/b><\/p>\n<p><b>Desayuno<\/b>\u00a0y salida para visitar Guadalupe con sus numerosos edificios de<span class=\"Apple-converted-space\">\u00a0\u00a0<\/span>los siglos XIV y XV, entre ellos el Palacio del Marqu\u00e9s de la Romana, la Hospeder\u00eda de Nobles con claustro mud\u00e9jar; esta ciudad monumental es muy t\u00edpica con callejuelas, plazas y rincones llenos de sabor serrano. Su principal monumento es el monasterio de la Orden Jer\u00f3nima tuviese en Espa\u00f1a. Su origen coincide con la aparici\u00f3n de la Virgen de Nuestra Se\u00f1ora de Guadalupe que seg\u00fan la tradici\u00f3n hab\u00eda sido enviada desde Roma a Sevilla por San Gregorio Magno a San Isidoro. M\u00e1s tarde, ser\u00eda enterrada para que en el siglo XIII, un pastor hallara milagrosamente su imagen. Se levant\u00f3 una ermita que pronto fue muy concurrida por los peregrinos que hasta all\u00ed se acercaban. A la hora a convenir, continuaci\u00f3n hacia Talavera de la Reina. Llegada y\u00a0<b>Almuerzo<\/b>\u00a0incluido en restaurante. Posterior continuaci\u00f3n de viaje de regreso hacia nuestro punto de origen realizando las paradas necesarias. <strong>Llegada, fin del viaje y fin de nuestros servicios.<\/strong><\/p>\n","protected":false},"excerpt":{"rendered":"<p>D\u00eda 1\u00ba.\u00a0\u00a0LUGAR DE ORIGEN \u2013 TOLEDO \u2013 TRUJILLO A la hora que se determine saldremos desde nuestro lugar de origen hacia Toledo. Tendremos el almuerzo incluido en restaurante y un breve pero interesante recorrido por la ciudad atravesando sus m\u00e1s insignes monumentos como la Catedral, la Iglesia de Santo Tom\u00e9, La Casa del Greco, etc. [&#8230;]\n","protected":false},"featured_media":0,"template":"","meta":[],"product_brand":[],"product_cat":[38],"product_tag":[],"class_list":{"0":"post-591","1":"product","2":"type-product","3":"status-publish","5":"product_cat-santuarios-marianos","7":"first","8":"instock","9":"shipping-taxable","10":"product-type-simple"},"_links":{"self":[{"href":"https:\/\/pilgrimgroupstravel.com\/es\/wp-json\/wp\/v2\/product\/591","targetHints":{"allow":["GET"]}}],"collection":[{"href":"https:\/\/pilgrimgroupstravel.com\/es\/wp-json\/wp\/v2\/product"}],"about":[{"href":"https:\/\/pilgrimgroupstravel.com\/es\/wp-json\/wp\/v2\/types\/product"}],"wp:attachment":[{"href":"https:\/\/pilgrimgroupstravel.com\/es\/wp-json\/wp\/v2\/media?parent=591"}],"wp:term":[{"taxonomy":"product_brand","embeddable":true,"href":"https:\/\/pilgrimgroupstravel.com\/es\/wp-json\/wp\/v2\/product_brand?post=591"},{"taxonomy":"product_cat","embeddable":true,"href":"https:\/\/pilgrimgroupstravel.com\/es\/wp-json\/wp\/v2\/product_cat?post=591"},{"taxonomy":"product_tag","embeddable":true,"href":"https:\/\/pilgrimgroupstravel.com\/es\/wp-json\/wp\/v2\/product_tag?post=591"}],"curies":[{"name":"wp","href":"https:\/\/api.w.org\/{rel}","templated":true}]}}