{"id":593,"date":"2024-02-15T16:07:15","date_gmt":"2024-02-15T16:07:15","guid":{"rendered":"https:\/\/pilgrimgroupstravel.com\/?post_type=product&#038;p=593"},"modified":"2024-02-15T18:05:33","modified_gmt":"2024-02-15T18:05:33","slug":"la-puglia-y-el-padre-pio","status":"publish","type":"product","link":"https:\/\/pilgrimgroupstravel.com\/es\/producto\/la-puglia-y-el-padre-pio\/","title":{"rendered":"La Puglia y Padre P\u00edo"},"content":{"rendered":"<p><strong>D\u00eda 1\u00ba.-AEROPUERTO DE ORIGEN \u2013 BARI<\/strong><\/p>\n<p>Presentaci\u00f3n en el aeropuerto de origen. Tr\u00e1mites de facturaci\u00f3n y embarque. Llegada a la ciudad y traslado. Si el tiempo lo permite, recorrido por la ciudad de San Nicol\u00e1s: Bas\u00edlica de S. Nicola, Fortaleza Sveva y Casco Antiguo Medieval. Instalaci\u00f3n en el hotel y servicios de cena y alojamiento.<\/p>\n<p><strong>D\u00eda 2\u00ba.- BARI \u2013 BARLLETTA \u2013 TRANI \u2013 CASTEL DEL MONTE<\/strong><\/p>\n<p>Desayuno d\u00eda dedicado a realizar las visitas de las bonitas ciudades ribere\u00f1as del Adri\u00e1tico de Barletta y Trani. Almuerzo en restaurante y posterior salida hacia Castell de Monte, curioso castillo de caza de Federico II, actualmente Patrimonio de la Humanidad. Regreso al hotel. <strong>Pensi\u00f3n completa. Noche en Bari<\/strong>..<\/p>\n<p><strong>Dia 3\u00ba.- BARI \u2013 SAN GIOVANNI ROTONDO \u2013 FOGGIA- BARI<\/strong><\/p>\n<p>Desayuno y posterior salida hacia San Giovanni Rotondo , donde se encuentra en santuario dedicado al Padre Pio, venerado en toda Italia y lugar de Peregrinaci\u00f3n Especial. Visita al santuario y a sus distintas dependencias. Almuerzo y posterior salida hacia Foggia con breve recorrido por la ciudad y sus monumentos. <strong>Pensi\u00f3n completa. Noche en Bari<\/strong>.<\/p>\n<p><strong>Dia 4\u00ba.- BARI \u2013 OSTUNI \u2013 BRINDISI \u2013 LECCE\u00a0<\/strong><\/p>\n<div class=\"page\" title=\"Page 33\">\n<div class=\"section\">\n<div class=\"layoutArea\">\n<div class=\"column\">\n<p>Desayuno y posterior salida hacia Ostuni, la \u00abCiudad blanca\u00bb, deliciosa ciudad de bellos paisajes y joyas arquitect\u00f3nicas. Visitaremos la Catedral g\u00f3tica y la columna de San Oronzo. Posterior continuaci\u00f3n hacia Brindisi, donde encontramos el Puerto Antiguo que coincide con el fin de la V\u00eda Apia, la Catedral, \u00a0el monumento al Marinero, as\u00ed como su \u00e1rea antigua y comercial.Almuerzo en restaurante y posterior continuaci\u00f3n hacia Lecce, a donde llegaremos con servicios de cena y alojamiento. <strong>Pensi\u00f3n completa. Noche en Lecce<\/strong>.<\/p>\n<\/div>\n<\/div>\n<\/div>\n<\/div>\n<p><strong>D\u00eda 5\u00ba. \u2013 LECCE \u2013 OTRANTO \u2013 LECCE<\/strong><\/p>\n<p>Desayuno y ma\u00f1ana dedicada a la visita de Lecce, tambi\u00e9n llamada la \u201cFlorencia del Sur\u201d, donde destacan la Ermita, el Anfiteatro romano, el Duomo, el Castillo, el Palacio del Seminario y la Bas\u00edlica de la Santa Cruz. Almuerzo. Continuaremos nuestro camino hacia Otranto, conocido como la \u00abPuerta de Oriente\u00bb, donde destaca el centro medieval, con el Castillo Alfonsino y la catedral bizantina (con un suelo de mosaico del s. XII y la Capilla de los Beatos m\u00e1rtires Otranto. Regreso a nuestro hotel. <strong>Pensi\u00f3n completa. Noche en Lecce<\/strong><\/p>\n<p><strong>Dia 6\u00ba.- LECCE \u2013 GALATINA \u2013 SANTA CESAREA TERME \u2013 GALLIPOLI \u2013 TARANTO<\/strong><\/p>\n<p>Desayuno y posterior salida hacia Galatina , bella localidad interior sobre una monta\u00f1a con bonitos rincones y casonas pugliesas. Continuaci\u00f3n hacia Gallipoli, pen\u00ednsula sobre el mar que forma un bello itsmo de encanto sin igual. Almuerzo y recorrido por la bonita poblaci\u00f3n. Posterior continuaci\u00f3n hacia Taranto , importante localidad de glorioso pasado Greco-Romano, donde destaca su Museo del Oro.\u00a0<strong>Pensi\u00f3n completa. Noche en Taranto.<\/strong><\/p>\n<p><strong>D\u00eda 7\u00ba.- TARANTO \u2013 MARTINA FRANCA \u2013 LOCOROTONDO \u2013 ALBEROBELLO \u2013 TARANTO<\/strong><\/p>\n<p>Desayuno y salida visitando las poblaciones de Martina Franca y Locorotondo, t\u00edpicas localidades pugliesas encaramadas a un monte y con bonitas casonas y palacetes t\u00edpicos. Almuerzo y continuaci\u00f3n por Alberobello ,el pa\u00eds de los \u201ctrullos\u201d.Visita de la Santa Iglesia de los SS Cosme y Damiano y del \u201cTrullo\u201d Soberano.\u00a0<strong>Pensi\u00f3n completa. Noche en Taranto.<\/strong>.<\/p>\n<p><strong>D\u00eda 8\u00ba. -TARANTO \u2013 MATERA \u2013 AEROPUERTO DE BARI \u2013 AEROPUERTO DE ORIGEN<\/strong><\/p>\n<p>Salida con direcci\u00f3n a Matera. Visita de los famosos \u201cSassi\u201d habitaciones pre-hist\u00f3ricas excavadas en la piedra, actualmente patrimonio de la Unesco. Seguiremos hacia el aeropuerto de Bari y presentaci\u00f3n al menos dos \u00a0horas antes de la salida del vuelo.Tr\u00e1mites de facturaci\u00f3n y embarque y posterior salida en nuestro vuelo hacia el aeropuerto de origen.<\/p>\n<p><strong>Llegada. Fin del viaje y de nuestros servicios.<\/strong><\/p>\n","protected":false},"excerpt":{"rendered":"<p>D\u00eda 1\u00ba.-AEROPUERTO DE ORIGEN \u2013 BARI Presentaci\u00f3n en el aeropuerto de origen. Tr\u00e1mites de facturaci\u00f3n y embarque. Llegada a la ciudad y traslado. Si el tiempo lo permite, recorrido por la ciudad de San Nicol\u00e1s: Bas\u00edlica de S. Nicola, Fortaleza Sveva y Casco Antiguo Medieval. Instalaci\u00f3n en el hotel y servicios de cena y alojamiento. [&#8230;]\n","protected":false},"featured_media":0,"template":"","meta":[],"product_brand":[],"product_cat":[49],"product_tag":[],"class_list":{"0":"post-593","1":"product","2":"type-product","3":"status-publish","5":"product_cat-italy","7":"first","8":"instock","9":"shipping-taxable","10":"product-type-simple"},"_links":{"self":[{"href":"https:\/\/pilgrimgroupstravel.com\/es\/wp-json\/wp\/v2\/product\/593","targetHints":{"allow":["GET"]}}],"collection":[{"href":"https:\/\/pilgrimgroupstravel.com\/es\/wp-json\/wp\/v2\/product"}],"about":[{"href":"https:\/\/pilgrimgroupstravel.com\/es\/wp-json\/wp\/v2\/types\/product"}],"wp:attachment":[{"href":"https:\/\/pilgrimgroupstravel.com\/es\/wp-json\/wp\/v2\/media?parent=593"}],"wp:term":[{"taxonomy":"product_brand","embeddable":true,"href":"https:\/\/pilgrimgroupstravel.com\/es\/wp-json\/wp\/v2\/product_brand?post=593"},{"taxonomy":"product_cat","embeddable":true,"href":"https:\/\/pilgrimgroupstravel.com\/es\/wp-json\/wp\/v2\/product_cat?post=593"},{"taxonomy":"product_tag","embeddable":true,"href":"https:\/\/pilgrimgroupstravel.com\/es\/wp-json\/wp\/v2\/product_tag?post=593"}],"curies":[{"name":"wp","href":"https:\/\/api.w.org\/{rel}","templated":true}]}}