{"id":596,"date":"2024-02-15T16:09:53","date_gmt":"2024-02-15T16:09:53","guid":{"rendered":"https:\/\/pilgrimgroupstravel.com\/?post_type=product&#038;p=596"},"modified":"2024-02-15T16:19:10","modified_gmt":"2024-02-15T16:19:10","slug":"polonia","status":"publish","type":"product","link":"https:\/\/pilgrimgroupstravel.com\/es\/producto\/polonia\/","title":{"rendered":"Polonia"},"content":{"rendered":"<p><b>D\u00eda 1\u00ba,<span class=\"Apple-converted-space\">\u00a0A<\/span>eropuerto. de origen \u2013 Cracovia\u00a0<\/b><\/p>\n<p>Presentaci\u00f3n en el aeropuerto de origen para coger el vuelo con destino a Cracovia. A la llegada encuentro en el aeropuerto de Cracovia con el gu\u00eda acompa\u00f1ante con el que ir\u00e1n al centro de la ciudad para realizar un paseo de orientaci\u00f3n por el casco antiguo. Almuerzo. Traslado al hotel. Por la tarde visita del barrio Kazimierz, que fue la ciudad jud\u00eda. Ah\u00ed destacan especialmente sus dos sinagogas, la Vieja Sinagoga, que alberga un museo judaico y la Sinagoga Remuh que se sigue utilizando con fines religiosos. El dram\u00e1tico exterminio de los jud\u00edos de Cracovia fue tema de la pel\u00edcula \u201cLa lista de Schindler\u201d de Steven Spielberg que la rod\u00f3 en el original entorno de Kazimierz. Originalmente el barrio fue fundado en el siglo XIV como una ciudad separada de Cracovia, con su propia Plaza del Mercado y propio Ayuntamiento (solo vistas exteriores). Cena en un restaurante en el barrio jud\u00edo.\u00a0<b>Almuerzo y cena. Noche en Cracovia<\/b>.<\/p>\n<p><b>d\u00eda 2\u00ba,\u00a0<span class=\"Apple-converted-space\">\u00a0C<\/span>racovia \u2013 Minas de sal de Wielicka \u2013 Cracovia<\/b><\/p>\n<p>Por la ma\u00f1ana visita<span class=\"Apple-converted-space\">\u00a0\u00a0<\/span>de Cracovia, una de las ciudades m\u00e1s antiguas y bellas de Polonia. Veremos la colina de Wawel donde se encuentra el Castillo con la corte renacentista (vista exterior, sin Camaras Reales), la Catedral g\u00f3tica (entrada incluida), la Ciudad Antigua (Stare Miasto), la plaza del mercado m\u00e1s grande de Europa (Rynek Glowny), la torre del Ayuntamiento, el antiguo Mercado de Pa\u00f1os, la Iglesia de Santa Mar\u00eda Virgen (entrada incluida), con el altar del genial escultor Vito Stoss, breve visita de la muralla antigua cerca de la Puerta de San Flori\u00e1n y a la Barbacana. Almuerzo en un restaurante local. Visita a la mina de sal de Wieliczka (entrada incluida), un impresionante laberinto de galer\u00edas, lagos subterr\u00e1neos, c\u00e1maras y capillas excavadas en roca salina hace 700 a\u00f1os,<span class=\"Apple-converted-space\">\u00a0\u00a0<\/span>a profundidad de m\u00e1s de 300 metros. La mina, aparte de su belleza excepcional es la m\u00e1s antigua de Europa y declarada por la UNESCO Patrimonio de la Humanidad. Regreso a Cracovia.\u00a0<b>Pensi\u00f3n completa. Noche en Cracovia<\/b><\/p>\n<p><b>D\u00eda 3\u00ba,\u00a0 Cracovia \u2013 Lagiewniki \u2013 Cracovia<\/b><\/p>\n<p>Por la ma\u00f1ana haremos la visita del Santuario de la Divina Misericordia donde vivi\u00f3 y trabaj\u00f3 Santa Faustina Kowalska, la misionera y predicadora de la Divina Misericordia. All\u00e1 se encuentra su tumba, las reliquias y la copia del cuadro maravilloso del Jes\u00fas Misericordioso, y el Santuario cercano de San Juan Pablo II que custodia sus reliquias. Por la tarde visitaremos el Museo en el antiguo edificio administrativo de la F\u00e1brica de Oscar Schindler (entrada incluida) con la exposici\u00f3n: Cracovia bajo ocupaci\u00f3n nazi 1939-1945. La exposici\u00f3n representa la historia de Cracovia y de sus habitantes durante la Segunda Guerra Mundial junto con el personaje heroico de Oscar Schindler, qui\u00e9n salv\u00f3 la vida de m\u00e1s de mil personas.Tiempo libre.\u00a0<b>Pensi\u00f3n completa. Noche en Cracovia<\/b><\/p>\n<p><b>D\u00eda 4\u00ba,<span class=\"Apple-converted-space\">\u00a0\u00a0<\/span>Cracovia \u2013 Auschwitz \u2013 Wadowice \u2013 Kalwaria\u00a0 <\/b><b>Zebrzydowska \u2013 Cracovia<\/b><\/p>\n<p>Por la ma\u00f1ana saldremos hacia Oswiecim. Visita de Auschwitz (Oswiecim) (entrada incluida), el antiguo campo de concentraci\u00f3n durante la II Guerra Mundial, hoy d\u00eda convertido en el Museo Martiriol\u00f3gico. Visita gu\u00edada por el campo levantado por los nazis en 1940, que junto con otro campo construido en 1942 en Brzezinka (Birkenau) lleg\u00f3 a ser el lugar de exterminio de un mill\u00f3n y medio de personas. Salida a Wadowice. Por la tarde visitaremos Wadowice: ell museo de Papa Juan Pablo II (entrada incluida), y de la iglesia parroquial del s.XV, veremos la Iglesia de San Pedro, construida en ofrenda por la ciudad como gratitud por la recuperaci\u00f3n del Papa tras el atentado de 1983. Salida a Kalwaria Zebrzydowska (UNESCO), el destino de peregrinaciones del joven Karol Wojtyla con su padre donde se encuentra el famoso santuario de la Virgen Mar\u00eda rodeado de un conjunto de pintorescas capillas, insertadas en el bello paisaje de Beskidy. Regresamos a Cracovia.\u00a0<b>Pensi\u00f3n completa. Noche en Cracovia<\/b>.<\/p>\n<p><b>D\u00eda 5\u00ba, Cracovia \u2013 Sromowce Ni\u017cnie \u2013 Zakopane \u2013 Cracovia <\/b><\/p>\n<p>Por la ma\u00f1ana saldremos hacia Sromowce Ni\u017cnie. Realizaremos una de las excursiones m\u00e1s peculiares del viaje: el suave descenso del R\u00edo Dunajec en balsas de madera (incluido), entre el sistema monta\u00f1oso y disfrutando de un panorama de f\u00e1bula. Continuamos a Zakopane. Por la tarde comenzamos la visita por Krup\u00f3wki, la avenida central, con restaurantes, caf\u00e9s y tiendas; se seguir\u00e1 la calle hasta la iglesia neo-rom\u00e1nica y su capilla, r\u00fastica construcci\u00f3n de madera del a\u00f1o 1847, con una bella decoraci\u00f3n popular, situada junto al antiguo cementerio. Subida en funicular (incluido) a una de sus monta\u00f1as m\u00e1s bellas, la de Gubal\u00f3wka* desde donde se ve una magn\u00edfica panor\u00e1mica de la cordillera.Regreso a<span class=\"Apple-converted-space\">\u00a0\u00a0<\/span>Cracovia.\u00a0<b>Pensi\u00f3n completa. Noche en Cracovia<\/b>.<\/p>\n<p><i>* Esta subida depender\u00e1 del tiempo atmosf\u00e9rico.<\/i><\/p>\n<p><b>D\u00eda 6\u00ba,\u00a0<span class=\"Apple-converted-space\">\u00a0\u00a0<\/span>Cacovia \u2013 Czestochowa \u2013 Varsovia <\/b><\/p>\n<p>Por la ma\u00f1ana saldremos hacia Czestochowa. Visita de Czestochowa, una ciudad donde se encuentra el Monasterio \u2013 Fortaleza de Jasna G\u00f3ra (entrada incluida) con su famosa imagen de \u201cla Virgen Negra\u201d lugar de visita obligada y centro de espiritualidad mundial, visitado anualmente por m\u00e1s de 5 millones de peregrinos y turistas. Es mas importante Monasterio Mariano de Polonia. El tesoro mas importante aqu\u00ed es la imagen de la Virgen. La Visita incluye la Capilla de La Virgen Negra, La Capilla de la Ultima Cena. Continuamos a Varsovia.\u00a0<b>Pensi\u00f3n completa. Noche en Varsovia<\/b>.<\/p>\n<p><b>D\u00eda 7\u00ba,\u00a0<span class=\"Apple-converted-space\">\u00a0\u00a0<\/span>Varsovia \u2013 Niepokal\u00e1now \u2013 Varsovia <\/b><\/p>\n<p>Por la ma\u00f1ana visitaremos Varsovia. Aunque la destrucci\u00f3n de Varsovia durante la II Guerra Mundial result\u00f3 pr\u00e1cticamente total, gracias a una reconstrucci\u00f3n meticulosa la ciudad ha logrado volver a lucir su antiguo resplandor. Veremos los monumentos m\u00e1s importantes: El Castillo Real, la Catedral de San Juan, la Ciudad Vieja de Varsovia con su Plaza de la Ciudad Vieja, la Barbacana y restos de murallas rodeando la ciudad en la \u00e9poca medieval donde podemos disfrutar de vistas excepcionales del r\u00edo V\u00edstula. Veremos tambi\u00e9n el Parque Lazienki, uno de los parques m\u00e1s antiguos de Europa, un jard\u00edn que hasta hoy conserva su encanto de los tiempo: el \u00faltimo rey de Polonia, Estanislao Augusto Poniatowski (solo vistas exteriores). Por la tarde salida en direcci\u00f3n a Niepokalanow. Visita de Niepokalanow, uno de los Santuarios m\u00e1s recientes de Polonia, vinculado con la figura de San Maximiliano Kolbe, fraile franciscano que fue prisionero en el campo de concentraci\u00f3n de Auschwitz, se ofreci\u00f3 voluntariamente a sustituir a otro prisionero condenado a muerte. En 1982 fue canonizado por San Juan Pablo II, dos a\u00f1os antes el Papa hab\u00eda elevado la Iglesia en Niepokalanow a la condici\u00f3n de Bas\u00edlica Menor. Regreso a Varsovia.\u00a0<b>Pensi\u00f3n completa. Noche en Varsovia<\/b><\/p>\n<p><b>D\u00eda 8\u00ba, \u00a0<span class=\"Apple-converted-space\">\u00a0 V<\/span>arsovia<span class=\"Apple-converted-space\">\u00a0\u00a0<\/span>\u2013 <span class=\"Apple-converted-space\">A<\/span>eropuerto. de origen\u00a0<\/b><\/p>\n<p><b>Desayuno<\/b>\u00a0en el hotel. Tiempo libre hasta que se determine el traslado al aeropuerto para coger nuestro vuelo de regreso a nuestro aeropuerto de origen. Llegada. \u00a0Fin del viaje y de nuestros servicios.<\/p>\n","protected":false},"excerpt":{"rendered":"<p>D\u00eda 1\u00ba,\u00a0Aeropuerto. de origen \u2013 Cracovia\u00a0 Presentaci\u00f3n en el aeropuerto de origen para coger el vuelo con destino a Cracovia. A la llegada encuentro en el aeropuerto de Cracovia con el gu\u00eda acompa\u00f1ante con el que ir\u00e1n al centro de la ciudad para realizar un paseo de orientaci\u00f3n por el casco antiguo. Almuerzo. Traslado al [&#8230;]\n","protected":false},"featured_media":0,"template":"","meta":[],"product_brand":[],"product_cat":[],"product_tag":[],"class_list":{"0":"post-596","1":"product","2":"type-product","3":"status-publish","6":"first","7":"instock","8":"shipping-taxable","9":"product-type-simple"},"_links":{"self":[{"href":"https:\/\/pilgrimgroupstravel.com\/es\/wp-json\/wp\/v2\/product\/596","targetHints":{"allow":["GET"]}}],"collection":[{"href":"https:\/\/pilgrimgroupstravel.com\/es\/wp-json\/wp\/v2\/product"}],"about":[{"href":"https:\/\/pilgrimgroupstravel.com\/es\/wp-json\/wp\/v2\/types\/product"}],"wp:attachment":[{"href":"https:\/\/pilgrimgroupstravel.com\/es\/wp-json\/wp\/v2\/media?parent=596"}],"wp:term":[{"taxonomy":"product_brand","embeddable":true,"href":"https:\/\/pilgrimgroupstravel.com\/es\/wp-json\/wp\/v2\/product_brand?post=596"},{"taxonomy":"product_cat","embeddable":true,"href":"https:\/\/pilgrimgroupstravel.com\/es\/wp-json\/wp\/v2\/product_cat?post=596"},{"taxonomy":"product_tag","embeddable":true,"href":"https:\/\/pilgrimgroupstravel.com\/es\/wp-json\/wp\/v2\/product_tag?post=596"}],"curies":[{"name":"wp","href":"https:\/\/api.w.org\/{rel}","templated":true}]}}