{"id":597,"date":"2024-02-15T16:13:00","date_gmt":"2024-02-15T16:13:00","guid":{"rendered":"https:\/\/pilgrimgroupstravel.com\/?post_type=product&#038;p=597"},"modified":"2024-02-15T16:13:01","modified_gmt":"2024-02-15T16:13:01","slug":"lourdes","status":"publish","type":"product","link":"https:\/\/pilgrimgroupstravel.com\/es\/producto\/lourdes\/","title":{"rendered":"Lourdes"},"content":{"rendered":"<p><strong>D\u00eda 1. PUNTO DE ORIGEN \u2013 ZARAGOZA \u2013 JACA<\/strong><\/p>\n<p>Salida\u00a0 a la hora acordada con direcci\u00f3n\u00a0 a\u00a0 ZARAGOZA. Despu\u00e9s de comer realizaremos la visita de la Bas\u00edlica del PILAR. A la hora a convenir, continuaci\u00f3n hacia JACA. Llegada e instalaci\u00f3n en el hotel reservado. Cena y Alojamiento.<\/p>\n<p><strong>D\u00eda 2.\u00a0JACA \u2013 MONASTERIO DE SAN JUAN DE LA PE\u00d1A \u2013 LOURDES<\/strong><\/p>\n<p>Desayuno y visita de la bella poblaci\u00f3n de JACA, capital del antiguo reino de Arag\u00f3n y joya rom\u00e1nica. Visitaremos la Ciudadela, El Museo Rom\u00e1nico, La Catedral y la Torre del Reloj. Comida en Jaca. Y por la tarde, visita del Monasterio de San Juan de la Pe\u00f1a, uno de los m\u00e1s importantes monumentos del Pirineo Aragon\u00e9s y donde se encontraba el santo C\u00e1liz. Continuaci\u00f3n hacia Lourdes; instalaci\u00f3n en el hotel reservado cercano a la Bas\u00edlica. Cena y alojamiento.<\/p>\n<p><strong>D\u00eda\u00a03 y D\u00eda 4.\u00a0LOURDES\u00a0 \u00a0<\/strong><\/p>\n<p>Pasaremos\u00a0 ambos d\u00edas \u00a0para poder visitar la peque\u00f1a LOURDES,\u00a0 centro de peregrinaci\u00f3n\u00a0 mundial : el Santuario, la\u00a0 Bas\u00edlica del Rosario\u00a0 , Gruta Milagrosa,\u00a0 Casa Bernardette, Camino del Calvario, etc. Posibilidad de asistir a los actos religiosos (Celebraci\u00f3n de la Santa Misa, Procesi\u00f3n de las antorchas y de los Enfermos) Ambos d\u00edas servicios de desayuno, almuerzo, cena y alojamiento en el\u00a0 hotel.<\/p>\n<p>Dispondremos tambi\u00e9n de tiempo libre para realizar compras.<\/p>\n<p><strong>D\u00eda 5. LOURDES \u2013 TORRECIUDAD \u2013 PUNTO DE ORIGEN<\/strong><\/p>\n<p>Desayuno\u00a0 y\u00a0 salida\u00a0 hacia Espa\u00f1a, para visitar el Santuario\u00a0 de TORRECIUDAD,\u00a0 importante centro\u00a0 de devoci\u00f3n mariana, creado por el fundador del Opus Dei ; Realizaremos el almuerzo en restaurante (Incluido). Continuaci\u00f3n del viaje y llegada hasta nuestro punto de origen a \u00faltimas horas del d\u00eda. Fin de nuestros servicios.<\/p>\n","protected":false},"excerpt":{"rendered":"<p>D\u00eda 1. PUNTO DE ORIGEN \u2013 ZARAGOZA \u2013 JACA Salida\u00a0 a la hora acordada con direcci\u00f3n\u00a0 a\u00a0 ZARAGOZA. Despu\u00e9s de comer realizaremos la visita de la Bas\u00edlica del PILAR. A la hora a convenir, continuaci\u00f3n hacia JACA. Llegada e instalaci\u00f3n en el hotel reservado. Cena y Alojamiento. D\u00eda 2.\u00a0JACA \u2013 MONASTERIO DE SAN JUAN DE [&#8230;]\n","protected":false},"featured_media":0,"template":"","meta":[],"product_brand":[],"product_cat":[51,38],"product_tag":[],"class_list":{"0":"post-597","1":"product","2":"type-product","3":"status-publish","5":"product_cat-francia","6":"product_cat-santuarios-marianos","8":"first","9":"instock","10":"shipping-taxable","11":"product-type-simple"},"_links":{"self":[{"href":"https:\/\/pilgrimgroupstravel.com\/es\/wp-json\/wp\/v2\/product\/597","targetHints":{"allow":["GET"]}}],"collection":[{"href":"https:\/\/pilgrimgroupstravel.com\/es\/wp-json\/wp\/v2\/product"}],"about":[{"href":"https:\/\/pilgrimgroupstravel.com\/es\/wp-json\/wp\/v2\/types\/product"}],"wp:attachment":[{"href":"https:\/\/pilgrimgroupstravel.com\/es\/wp-json\/wp\/v2\/media?parent=597"}],"wp:term":[{"taxonomy":"product_brand","embeddable":true,"href":"https:\/\/pilgrimgroupstravel.com\/es\/wp-json\/wp\/v2\/product_brand?post=597"},{"taxonomy":"product_cat","embeddable":true,"href":"https:\/\/pilgrimgroupstravel.com\/es\/wp-json\/wp\/v2\/product_cat?post=597"},{"taxonomy":"product_tag","embeddable":true,"href":"https:\/\/pilgrimgroupstravel.com\/es\/wp-json\/wp\/v2\/product_tag?post=597"}],"curies":[{"name":"wp","href":"https:\/\/api.w.org\/{rel}","templated":true}]}}