{"id":601,"date":"2024-02-15T16:21:19","date_gmt":"2024-02-15T16:21:19","guid":{"rendered":"https:\/\/pilgrimgroupstravel.com\/?post_type=product&#038;p=601"},"modified":"2024-02-15T16:21:20","modified_gmt":"2024-02-15T16:21:20","slug":"croacia-y-medjugorje","status":"publish","type":"product","link":"https:\/\/pilgrimgroupstravel.com\/es\/producto\/croacia-y-medjugorje\/","title":{"rendered":"Croacia y Medjugorje"},"content":{"rendered":"<p><b>D\u00eda 1\u00ba.- AEROPUERTO DE ORIGEN \u2013 \u00a0 ZAGREB<\/b><\/p>\n<p>Presentaci\u00f3n en el aeropuerto de origen para coger nuestro vuelo con destino Zagreb. \u00a0Llegada al aeropuerto internacional de Zagre.. Recogido el equipaje nos trasladaremos a la ciudad. Visita de Zagreb con gu\u00eda local. Se conocer\u00e1 la ciudad alta que es la zona hist\u00f3rica y la ciudad baja, zona m\u00e1s moderna con edificios de la \u00e9poca del Imperio austroh\u00fangaro con numerosos museos y centros comerciales. Posterior traslado al hotel. Cena. Noche en Zagreb.<span class=\"Apple-converted-space\">\u00a0<\/span><\/p>\n<p><b>D\u00eda 2\u00ba.\u00a0<span class=\"Apple-converted-space\">\u00a0<\/span>ZAGREB \u2013 PLITVICE<span class=\"Apple-converted-space\">\u00a0<\/span><\/b><\/p>\n<p>Por la ma\u00f1ana saldremos hacia Plitvice para visita del Parque Nacional de Plitvice (entrada). Se trata del Parque Nacional de Croacia m\u00e1s conocido y su \u00fanico fen\u00f3meno natural inscrito en la Lista del Patrimonio Mundial de la UNESCO. La parte m\u00e1s atractiva son sus 16 lagos unidos a trav\u00e9s de cascadas, cataratas y saltos que se originan por la acci\u00f3n de la acumulaci\u00f3n de sedimentos de un tipo especial de mineral calc\u00e1reo, llamado sedra. El complejo de los lagos de Plitvice se divide en dos partes, en la que abarca los Lagos Superiores de grandes dimensiones, con ca\u00eddas boscosas y suaves y en los Lagos Inferiores, m\u00e1s peque\u00f1os y que se hallan en un abrupto y pedregoso ca\u00f1\u00f3n. Durante la visita al parque se har\u00e1 parte del recorrido a pie por las pasarelas de madera que conectan las cascadas y lagos as\u00ed como tambi\u00e9n se podr\u00e1 utilizar barco de madera o trenecillo para recorrer alguna de sus fant\u00e1sticas zonas. Pensi\u00f3n completa. Noche en Plitvice.<span class=\"Apple-converted-space\">\u00a0<\/span><\/p>\n<p><b>D\u00eda 3\u00ba. \u00a0PLITVICE \u2013 ZADAR \u2013 SIBENIK \u2013 AREA SPLIT<span class=\"Apple-converted-space\">\u00a0<\/span><\/b><\/p>\n<p>Por la ma\u00f1ana saldremos de Plitvice en direcci\u00f3n a Split. De camino visitaremos las bellas ciudades de Zadar y Sibenik. Nuestra primera parada ser\u00e1 en Zadar centro administrativo, tur\u00edstico y cultural de la regi\u00f3n de Dalmacia. Se visitar\u00e1 en compa\u00f1\u00eda de un gu\u00eda local, para conocer el casco antiguo, la iglesia de San Donato (entrada), uno de los s\u00edmbolos de la ciudad. Almuerzo en restaurante local. Posterior salida hacia Sibenik; esta poblaci\u00f3n jug\u00f3 un papel militar y estrat\u00e9gico muy importante en las luchas que los croatas mantuvieron en el mar contra Bizancio, el Imperio Otomano y la Rep\u00fablica Veneciana. A nuestra llegada visita de la ciudad donde conoceremos su centro en el que destacamos uno de los edificios m\u00e1s importantes, la Catedral de San Jacobo (entrada), impresionante construcci\u00f3n, con un estilo art\u00edstico que es consecuencia de los importantes intercambios en el \u00e1rea del arte monumental entre la Italia del norte, Dalmacia y Toscana en los siglos XV y XVI y tanto por la belleza como por las soluciones arquitect\u00f3nicas empleadas en su construcci\u00f3n, fue declarada Patrimonio de la Humanidad por la UNESCO en el a\u00f1o 2001. Finalizada la visita, traslado al hotel. Pensi\u00f3n completa. Noche en \u00e1rea de Split.\u00a0<span class=\"Apple-converted-space\">\u00a0<\/span><\/p>\n<p><b>D\u00eda 4\u00ba. \u00a0SPLIT \u2013 TROGIR \u2013 SPLIT<span class=\"Apple-converted-space\">\u00a0<\/span><\/b><\/p>\n<p>Por la ma\u00f1ana tendremos una visita de medio d\u00eda de Split, capital de Dalmacia y localidad declarada patrimonio de la humanidad por la UNESCO. Visita acompa\u00f1ados de gu\u00eda local en la que se conocer\u00e1 la ciudad antigua, los restos del Palacio de Diocleciano (entrada), la catedral de Saint Duje y el templo de J\u00fapiter (entrada). Almuerzo. Por la tarde salida para visitar la bella ciudad de Trogir. La ciudad est\u00e1 situada sobre una isla apenas separada del continente, de estilo g\u00f3tico-rom\u00e1nica que remonta sus or\u00edgenes a cuando se estableci\u00f3 all\u00ed una colonia griega. Lo sorprendente es que a trav\u00e9s de los siglos la ciudad fue creciendo y modific\u00e1ndose, pero siempre guardando una planta urbana helen\u00edstica. Por este motivo, la medieval Trogir fue declarada Patrimonio Mundial de la Humanidad por la UNESCO. Amurallada, blanca y reluciente (sus calles est\u00e1n enlosadas con m\u00e1rmol), llena de palacios, torres, casas nobles, e iglesias rom\u00e1nicas entra\u00f1ables. Al terminar la visita, regreso a Split.<span class=\"Apple-converted-space\">\u00a0\u00a0<\/span>Pensi\u00f3n completa. Noche en \u00e1rea de Split.<span class=\"Apple-converted-space\">\u00a0<\/span><\/p>\n<p><b>D\u00eda 5\u00ba. \u00a0SPLIT \u2013 MEDJUGORJE<span class=\"Apple-converted-space\">\u00a0<\/span><\/b><\/p>\n<p>Por la ma\u00f1ana saldremos de Split (Croacia) para dirigirnos hacia Medjugorje (Bosnia y Herzegovina). A nuestra llegada almuerzo en restaurante local. Por la tarde visita del lugar con el Santuario de la Virgen de Medjugorje. Seg\u00fan se cuenta la Virgen apareci\u00f3 en este mismo lugar a seis ni\u00f1os el 24 de Junio de 1981. M\u00e1s de 20 millones de personas han visitado este lugar en los \u00faltimos 20 a\u00f1os. Pensi\u00f3n completa. Noche en Medjugorje.<span class=\"Apple-converted-space\">\u00a0<\/span><\/p>\n<p><b>D\u00eda 6\u00ba. \u00a0 MEDJUGORJE \u2013 STON \u2013 DUBROVNIK<span class=\"Apple-converted-space\">\u00a0<\/span><\/b><\/p>\n<p>Por la ma\u00f1ana de nuevo regreso hacia Croacia, con parada en la poblaci\u00f3n de Ston, famosa en el Adri\u00e1tico por su larga muralla defensiva y sus criaderos de ostras y mejillones. Tras una parada para conocer la poblaci\u00f3n almuerzo en restaurante local. Continuaremos hacia Dubrovnik llegando a primera hora de la tarde. Tras el registro, saldremos hacia el centro para tener un primer contacto de esta bell\u00edsima ciudad amurallada. Pensi\u00f3n completa. Noche en Dubrovnik.\u00a0<span class=\"Apple-converted-space\">\u00a0<\/span><\/p>\n<p><b>D\u00eda 7\u00ba. \u00a0DUBROVNIK<span class=\"Apple-converted-space\">\u00a0<\/span><\/b><\/p>\n<p>Por la ma\u00f1ana, visita de la ciudad de Dubrovnik, la famosa \u201cPerla del Adri\u00e1tico\u201d, con el gu\u00eda local. La antigua ciudad, tambi\u00e9n declarada patrimonio universal de la UNESCO, rodeada por 1490 metros de largas murallas g\u00f3ticas y renacentistas, guarda en su interior numerosas iglesias, palacios de estilo renacentista, construidos en el siglo XVI. Una obra maestra del renacimiento que sirvi\u00f3 tambi\u00e9n de defensa a los ciudadanos es Minceta, la torre m\u00e1s grande en la zona continental de la muralla de Dubrovnik, y mejor conservada en Europa. Durante la visita de la ciudad incluimos la visita interior del Monasterio franciscano con su antigua farmacia (entrada). Tarde libre. Pensi\u00f3n completa. Noche en Dubrovnik.\u00a0<span class=\"Apple-converted-space\">\u00a0<\/span><\/p>\n<p><b>D\u00eda 8\u00ba. \u00a0DUBROVNIK \u2013 \u00a0AEROPUERTO DE ORIGEN<\/b><\/p>\n<p>Desayuno en el hotel. A la hora prevista traslado hacia el aeropuerto con el gu\u00eda para tomar el vuelo con destino al aeropuerto de origen. Llegada.\u00a0\u00a0Fin del viaje y de nuestros servicios.<\/p>\n","protected":false},"excerpt":{"rendered":"<p>D\u00eda 1\u00ba.- AEROPUERTO DE ORIGEN \u2013 \u00a0 ZAGREB Presentaci\u00f3n en el aeropuerto de origen para coger nuestro vuelo con destino Zagreb. \u00a0Llegada al aeropuerto internacional de Zagre.. Recogido el equipaje nos trasladaremos a la ciudad. Visita de Zagreb con gu\u00eda local. Se conocer\u00e1 la ciudad alta que es la zona hist\u00f3rica y la ciudad baja, [&#8230;]\n","protected":false},"featured_media":0,"template":"","meta":[],"product_brand":[],"product_cat":[],"product_tag":[],"class_list":{"0":"post-601","1":"product","2":"type-product","3":"status-publish","6":"first","7":"instock","8":"shipping-taxable","9":"product-type-simple"},"_links":{"self":[{"href":"https:\/\/pilgrimgroupstravel.com\/es\/wp-json\/wp\/v2\/product\/601","targetHints":{"allow":["GET"]}}],"collection":[{"href":"https:\/\/pilgrimgroupstravel.com\/es\/wp-json\/wp\/v2\/product"}],"about":[{"href":"https:\/\/pilgrimgroupstravel.com\/es\/wp-json\/wp\/v2\/types\/product"}],"wp:attachment":[{"href":"https:\/\/pilgrimgroupstravel.com\/es\/wp-json\/wp\/v2\/media?parent=601"}],"wp:term":[{"taxonomy":"product_brand","embeddable":true,"href":"https:\/\/pilgrimgroupstravel.com\/es\/wp-json\/wp\/v2\/product_brand?post=601"},{"taxonomy":"product_cat","embeddable":true,"href":"https:\/\/pilgrimgroupstravel.com\/es\/wp-json\/wp\/v2\/product_cat?post=601"},{"taxonomy":"product_tag","embeddable":true,"href":"https:\/\/pilgrimgroupstravel.com\/es\/wp-json\/wp\/v2\/product_tag?post=601"}],"curies":[{"name":"wp","href":"https:\/\/api.w.org\/{rel}","templated":true}]}}