{"id":603,"date":"2024-02-15T16:23:43","date_gmt":"2024-02-15T16:23:43","guid":{"rendered":"https:\/\/pilgrimgroupstravel.com\/?post_type=product&#038;p=603"},"modified":"2024-02-15T16:23:44","modified_gmt":"2024-02-15T16:23:44","slug":"armenia-y-georgia","status":"publish","type":"product","link":"https:\/\/pilgrimgroupstravel.com\/es\/producto\/armenia-y-georgia\/","title":{"rendered":"Armenia y Georgia"},"content":{"rendered":"<p><strong>D\u00cdA 1. AEROPUERTO DE ORIGEN \u2013 TBILISI:<\/strong><strong>\u00a0<\/strong><\/p>\n<p>Salida del aeropuerto de origne con direcci\u00f3n a Tbilisi (Georgia). Asistencia en el aeropuerto de destino y posteror traslado al hotel. Por la tarde, paseo por la ciudad. Cena y noche en Tbilisi<\/p>\n<p><strong>D\u00cdA 2. TBILISI \u2013 KAKHETI \u2013 TIERRA DE VINO \u2013 TBILISI:<\/strong><strong>\u00a0<\/strong><\/p>\n<p>Recorrido por Kakheti, la parte m\u00e1s f\u00e9rtil y pintoresca de Georgia. Kakheti se encuentra junto a las grandes monta\u00f1as del C\u00e1ucaso, al norte del valle Alazani, cuyas cimas superan los 3.000 metros de altura. Esta regi\u00f3n es la cuna de la viticultura. La rica tierra, el sol ardiente y el trabajo duro han desarrollado alrededor de 500 tipos diferentes de vino en Georgia. Visitas: el convento de mojas Bobde, la ciudad real de Signagi con sus 23 torres, la Finca familiar Tsinandali y el complejo arquitect\u00f3nico de Gremi (s. XVI-XVII). Almuerzo en un restaurante local. (*Se puede realizar una cata de vinos, pagando un suplemento). Regreso a Tbilisi donde tendremos la cena y el alojamiento.<\/p>\n<p><strong>D\u00cdA 3. TBILISI \u2013 SADAKHLO \u2013 HAGHPAT- AKHTALA \u2013 HOVHAN- NAVANK:<\/strong><\/p>\n<p>Despu\u00e9s del desayuno nos trasladaremos a la frontera de Sadakhlo. Asistencia en la frontera, cambio de gu\u00eda y veh\u00edculo y paso a Armenia. Formalidades de aduana. Visita de la ciudad de Alaverdi y el Monasterio de Hagpat (ss.X-XIII). Celebraci\u00f3n de la Eucarist\u00eda. Almuerzo en un restaurante ECO con vista panor\u00e1mica al Ca\u00f1\u00f3n Debet. Salida hacia la regi\u00f3n de Lorri para visitar el monasterio forti cado de Akhtala del siglo X, a 185 kil\u00f3metros al norte de Erev\u00e1n. La iglesia principal es famosa por sus frescos, de alta calidad art\u00edstica. Mas tarde, visitaremos el Monasterio de Hovhanavank (s.IV) en la provincia de Aragatsons. Llegada a la Erev\u00e1n. Cena y alojamiento.<\/p>\n<p><strong>D\u00cdA 4. EREV\u00c1N. MONASTERIO GEGHARD. \u2013 TEMPLO DE GARNI:<\/strong><\/p>\n<p>Despu\u00e9s del desayuno, recorreremos la ciudad y subiremos al punto m\u00e1s alto para ver la panor\u00e1mica: Cascade, City Park, Abovyan Street, Plaza de la Rep\u00fablica etc. A continuaci\u00f3n visita del Museo de Manuscritos, Matenadaran, donde se conservan museo en el que se conservan 14.000 manuscritos antiguos, la colecci\u00f3n m\u00e1s grande del mundo. Visita de la Cascada y el Centro de Arte contempor\u00e1neo Gafesjian, edificio concebido por el arquitecto Alejandro Tamanyan (1878-1936) para conectar el barrio hist\u00f3rico, con los centros culturales de la ciudad.<\/p>\n<p>Despu\u00e9s nos dirigimos a la region de Kotayk. Almuerzo en una casa\/restaurante rural para conocer la elaboraci\u00f3n del \u201clavash\u201d (pan armenio) en un horno tradicional bajo tierra, \u201ctonir\u201d. La comida ser\u00e1 una Barbacoa tradicional (cordero marinado fresco o carne de cerdo, pollo o de conejo), patata y verduras de temporada (pimientos, berenjenas, tomates) preparados en Tonir. El grupo podr\u00e1 participar en la preparaci\u00f3n\/cocci\u00f3n de estos platos t\u00edpicos y deliciosos, disfrutando de la comida armenia m\u00e1s tradicional. Despu\u00e9s, la visita del Templo Pagano Garni (s. I a.C.) dedicado al dios solar Mitra y Patrimonio Mundial por la UNESCO) dedicado al dios solar Mitra. El emplazamiento es impresionante, ca\u00f1ones y paisajes, Reserva del estado de Khosrov.) Viaje en coches militares sov\u00ed\u00e9ticos por el des ladero de Garni, llamado la \u201cSinfon\u00eda de las Piedras\u201d, y compuesto por formaciones de columnas del basalto. Regreso para seguir hacia el Monasterio de Geghard, Patrimonio Mundial de la UNESCO. All\u00ed podremos escuchar un Concierto Vocal de m\u00fasica armenia medieval. (15-20 min). El Monasterio est\u00e1 construido en la monta\u00f1a y tiene una ac\u00fastica inmejorable Regreso a Erevan. Cena y alojamiento.<\/p>\n<p><strong>D\u00cdA 5. EREV\u00c1N \u2013 ECHMIADZIN \u2013 KHOR VIRAP \u2013 EREV\u00c1N:<\/strong><\/p>\n<p>Desayuno en el hotel. Viajaremos al complejo de Echmiadzin, sede del \u201ckatholikos\u201d o Patriarca principal de toda la Iglesia apost\u00f3lica armenia, primer pa\u00eds en declararse cristiano, a principios del siglo IV). Visita del Museo de Tesoros de los Armenios. Luego realizaremos la visita a las ruinas de la catedral de Zvartnots, patrimonio mundial de la UNESCO, (s. VII ). Almuerzo en CUA (Cruz de la Unidad Armenia \u2013 www.cau.am). A continuaci\u00f3n sa\u00f1dremos hacia el sur, para contemplar el b\u00edblico monte Ararat. Visita del monasterio de Khor Virap, junto a la frontera de Turqu\u00eda. Este monasterio se encuentra en la orilla izquierda del r\u00edo Arax, al pie del monte b\u00edblico Ararat, en una colina, donde antiguamente se emplazaba la ciudadela de la antigua capital de Armenia Artashat. Su nombre signi ca Pozo Profundo y est\u00e1 estrechamente ligado a la gura de San Gregorio el Iluminador. Tiene una especial importancia cultural e hist\u00f3rica para Armenia. Desde aqu\u00ed contemplamos la impresionante vista del Monte Ararat. Cerca del monasterio podremos soltar palomas blancas como s\u00edmbolo de paz. Regreso a Erevan. Cena y alojamiento.<\/p>\n<p><strong>D\u00cdA 6. EREV\u00c1N \u2013 LAGO SEVAN \u2013 DILIJAN \u2013 TBILISI:<\/strong><\/p>\n<p>Desayuno y salida del hotel y visita de Tsitsernakaberd (Monumento y museo dedicado a las v\u00edctimas del genocidio del a\u00f1o 1915). Despu\u00e9s nos dirigiremos hacia el Lago Sevan, el segundo lago alpino m\u00e1s grande del mundo, situado a 2000 metros sobre el nivel del mar. Visita a los monasterios del siglo IX que se encuentran en la pen\u00ednsula. Almuerzo en un restaurante local, donde degustaremos pescado del lago. Continuaci\u00f3n hacia la ciudad Balneario de Dilijan (conocida como la Peque\u00f1a Suiza por su abundante vegetaci\u00f3n) Visitaremos su centro hist\u00f3rico, donde ahora se ubica un Distrito Etnogr\u00e1 co (www.tufenkianheritage.com). Aqu\u00ed ofreceremos como actividad alternativa la posibilidad de conocer a unos maestros del arte \u00e9tnico que viven en la ciudad. Continuaremos nuestro viaje pasando por los pueblos donde viven los miembros del grupo \u00e9tnico minoritario de los Molokanes (en ruso \u201cbebedores de leche\u201d) que forman un grupo cristiano minoritario que evolucion\u00f3 a partir de la idea del \u201ccristiano espiritual\u201d. En su origen eran campesinos rusos que se negaron a obedecer a la Iglesia Ortodoxa Rusa a partir del siglo XVII y hasta ahora mantienen m\u00e1s o menos el mismo estilo de vida y sus creencias religiosas y h\u00e1bitos, casi como hace 300 a\u00f1os. Hay s\u00f3lo 2 \u00f3 3 aldeas habitadas por molokanes armenios (existen algunos m\u00e1s en otras partes del mundo) Llegaremos a la frontera entre Armenia y Georgia (Sadakhlo) y una vez cumplidas todas las formalidades aduaneras cambiaremos de gu\u00eda y de veh\u00edculo para continuar hacia Tbilisi. Llegada a Tbilisi y cena en un restaurante. Alojamiento en el hotel de la capital georgiana.<\/p>\n<p><strong>D\u00cdA 7. TBILISI \u2013 MTSKHETA \u2013 TBILISI:<\/strong><strong>\u00a0<\/strong><\/p>\n<p>Visita de Tbilisi, capital de Georgia, fundada en el siglo V por el rey Vakhtang Gorgasali. Eucarist\u00eda en la catedral cat\u00f3lica. Paseo por su casco antiguo, llamado Kala, que se expandi\u00f3 dentro de las murallas hasta la orilla del rio Mtkvari.<br \/>\nVisitas: la iglesia Metechi (s. XII-XIII), el barrio de las casas de ba\u00f1os, la catedral de Sioni (s. VII-XIX) la Bas\u00edlica Anchiskhati y su campanario (s. VI-XVIII) el Museo estatal de Historia.\u00a0Por la tarde visitaremos la antigua capital, Mtskheta, habitada desde el II milenio a.C. Actualmente, Mtskheta es considerada Patrimonio de la Humanidad por la UNESCO, se trata realmente de un museo viviente con muchos monumentos arquitect\u00f3nicos e hist\u00f3ricos. Visitas: la iglesia Jvari (s. VI-VII) y Svetitskhoveli (s.XI) principal iglesia de la ciudad y lugar donde se guarda la t\u00fanica de Cristo. Almuerzo en un restaurante local. Regresaremos a Tbilisi para la cena y el alojamiento<\/p>\n<p><strong>D\u00cdA 8. AEROPUERTO DE TBILISI \u2013 AEROPUERTO DE ORIGEN:<\/strong><strong>\u00a0<\/strong><\/p>\n<p>Desayuno y traslado al aeropuerto para tomar el vuelo con direcci\u00f3n al aeropuerto de origne. Fin del viaje y de nuestros servicios<\/p>\n","protected":false},"excerpt":{"rendered":"<p>D\u00cdA 1. AEROPUERTO DE ORIGEN \u2013 TBILISI:\u00a0 Salida del aeropuerto de origne con direcci\u00f3n a Tbilisi (Georgia). Asistencia en el aeropuerto de destino y posteror traslado al hotel. Por la tarde, paseo por la ciudad. Cena y noche en Tbilisi D\u00cdA 2. TBILISI \u2013 KAKHETI \u2013 TIERRA DE VINO \u2013 TBILISI:\u00a0 Recorrido por Kakheti, la [&#8230;]\n","protected":false},"featured_media":0,"template":"","meta":[],"product_brand":[],"product_cat":[],"product_tag":[],"class_list":{"0":"post-603","1":"product","2":"type-product","3":"status-publish","6":"first","7":"instock","8":"shipping-taxable","9":"product-type-simple"},"_links":{"self":[{"href":"https:\/\/pilgrimgroupstravel.com\/es\/wp-json\/wp\/v2\/product\/603","targetHints":{"allow":["GET"]}}],"collection":[{"href":"https:\/\/pilgrimgroupstravel.com\/es\/wp-json\/wp\/v2\/product"}],"about":[{"href":"https:\/\/pilgrimgroupstravel.com\/es\/wp-json\/wp\/v2\/types\/product"}],"wp:attachment":[{"href":"https:\/\/pilgrimgroupstravel.com\/es\/wp-json\/wp\/v2\/media?parent=603"}],"wp:term":[{"taxonomy":"product_brand","embeddable":true,"href":"https:\/\/pilgrimgroupstravel.com\/es\/wp-json\/wp\/v2\/product_brand?post=603"},{"taxonomy":"product_cat","embeddable":true,"href":"https:\/\/pilgrimgroupstravel.com\/es\/wp-json\/wp\/v2\/product_cat?post=603"},{"taxonomy":"product_tag","embeddable":true,"href":"https:\/\/pilgrimgroupstravel.com\/es\/wp-json\/wp\/v2\/product_tag?post=603"}],"curies":[{"name":"wp","href":"https:\/\/api.w.org\/{rel}","templated":true}]}}