{"id":605,"date":"2024-02-15T16:25:42","date_gmt":"2024-02-15T16:25:42","guid":{"rendered":"https:\/\/pilgrimgroupstravel.com\/?post_type=product&#038;p=605"},"modified":"2024-02-15T16:25:43","modified_gmt":"2024-02-15T16:25:43","slug":"de-cracovia-a-praga","status":"publish","type":"product","link":"https:\/\/pilgrimgroupstravel.com\/es\/producto\/de-cracovia-a-praga\/","title":{"rendered":"De Cracovia a Praga"},"content":{"rendered":"<div class=\"woocommerce-tabs wc-tabs-wrapper\">\n<div id=\"tab-description\" class=\"woocommerce-Tabs-panel woocommerce-Tabs-panel--description panel entry-content wc-tab\" role=\"tabpanel\" aria-labelledby=\"tab-title-description\">\n<p><strong>D\u00cdA 1\u00ba.- Aeropuerto de origen \u2013 Cracovia<\/strong><\/p>\n<p>Presentaci\u00f3n en el aeropuerto de origen para coger nuestro vuelo con destino Cracovia. A la llegada nos trasladaremos a nuestro hotel.\u00a0<strong>Cena. Noche en Cracovia<\/strong>.<\/p>\n<p><strong>D\u00cdA 2\u00ba.- Cracovia<\/strong><\/p>\n<p>Visita\u00a0 de Cracovia, una de las ciudades m\u00e1s antiguas y bellas de Polonia. Veremos la colina de Wawel donde se encuentra el Castillo con la corte renacentista (vista exterior, sin Camaras Reales), la Catedral g\u00f3tica (entrada incluida), la Ciudad Antigua (Stare Miasto), la plaza del mercado m\u00e1s grande de Europa (Rynek Glowny), la torre del Ayuntamiento, el antiguo Mercado de Pa\u00f1os, la Iglesia de Santa Mar\u00eda Virgen (entrada incluida), con el altar del genial escultor Vito Stoss, breve visita de la muralla antigua cerca de la Puerta de San Flori\u00e1n y a la Barbacana. Almuerzo en un restaurante local. Por la tarde continuacion de la visita por por el barrio \u2013\u00a0 Kazimierz, que fue la ciudad jud\u00eda. Ah\u00ed destacan especialmente sus dos sinagogas, la Vieja Sinagoga, que alberga un museo judaico y la Sinagoga Remuh que se sigue utilizando con fines religiosos. El dram\u00e1tico exterminio de los jud\u00edos de Cracovia fue tema de la pel\u00edcula \u201cLa lista de Schindler\u201d de Steven Spielberg que la rod\u00f3 en el original entorno de Kazimierz. Originalmente el barrio fue fundado en el siglo XIV como una ciudad separada de Cracovia, con su propia Plaza del Mercado y propio Ayuntamiento (solo vistas exteriores). Alojamiento en el hotel.<strong>\u00a0Noche en Cracovia. Pensi\u00f3n completa<\/strong>.<\/p>\n<div><\/div>\n<div><strong>D\u00cdA 3\u00ba.- Cracovia \u00b7 Auschwitz \u00b7 Wadowice; museo de San Juan Pablo II \u00b7 Cracovia<\/strong><\/div>\n<div><\/div>\n<div>Salida hacia Oswiecim. Visita de Auschwitz (Oswiecim) (entrada incluida), el antiguo campo de concentraci\u00f3n durante la II Guerra Mundial, hoy d\u00eda convertido en el Museo Martiriol\u00f3gico. Visita gu\u00edada por el campo levantado por los nazis en 1940, que junto con otro campo construido en 1942 en Brzezinka (Birkenau) lleg\u00f3 a ser el lugar de exterminio de un mill\u00f3n y medio de personas. (1,5 horas, sin Birkenau) Salida a Wadowice. Almuerzo en un restaurante local. Visita de Wadowice: visita del museo de Papa Juan Pablo II (entrada incluida), y de la iglesia parroquial del s.XV, veremos la Iglesia de San Pedro, construida en ofrenda por la ciudad como gratitud por la recuperaci\u00f3n del Papa tras el atentado de 1983. Regreso a Cracovia. Alojamiento en el hotel.\u00a0<strong>Noche en Cracovia. Pensi\u00f3n completa<\/strong>.<\/div>\n<div class=\"page\" title=\"Page 10\">\n<div class=\"section\">\n<div class=\"layoutArea\">\n<div class=\"column\">\n<p><i>Nota: El orden del programa puede cambiar seg\u00fan la confirmaci\u00f3n de la visita de Auschwitz<\/i><\/p>\n<p><strong>D\u00cdA 4\u00ba.-\u00a0Cracovia \u00b7 Lagiewniki; Santuario de la Divina Misericordia \u00b7 Minas de sal de Wieliczka \u00b7 Cracovia<\/strong><\/p>\n<p>Desayuno. Salida a Lagiewniki. Visita del Santuario de la Divina Misericordia donde vivi\u00f3 y trabaj\u00f3 Santa Faustina Kowalska, la misionera y predicadora de la Divina Misericordia. All\u00e1 se encuentra su tumba, las reliquias y la copia del cuadro maravilloso del Jes\u00fas Misericordioso, y el Santuario cercano de San Juan Pablo II que custodia sus reliquias. Almuerzo en un restaurante local. Salida a Wieliczka. Visita a la mina de sal de Wieliczka (entrada incluida), un impresionante laberinto de galer\u00edas, lagos subterr\u00e1neos, c\u00e1maras y capillas excavadas en roca salina hace 700 a\u00f1os,<span class=\"Apple-converted-space\">\u00a0\u00a0<\/span>a profundidad de m\u00e1s de 300 metros. La mina, aparte de su belleza excepcional es la m\u00e1s antigua de Europa y declarada por la UNESCO Patrimonio de la Humanidad. Regresamos a Cracovia.\u00a0<strong>Noche en Cracovia. Pensi\u00f3n completa<\/strong>.<\/p>\n<p><i>Nota: La visita a la Mina de Sal de Wieliczka est\u00e1 sujeta a confirmaci\u00f3n.<\/i><span class=\"Apple-converted-space\">\u00a0<\/span><\/p>\n<p><strong>D\u00cdA 5\u00ba.-\u00a0Cracovia \u00b7 Praga (535 km)<\/strong><\/p>\n<p>Por la ma\u00f1ana nos trasladaremos a Praga. A la llegada iremos a nuestro hotel y dispondremos de tiempo libre.\u00a0<strong>Pensi\u00f3n completa. Noche en Praga<\/strong>.<\/p>\n<p><strong>D\u00cdA 6\u00ba.- Praga<\/strong><\/p>\n<p>Tras el desayuno dedicaremos todo el d\u00eda a la visita de esta ciudad con gu\u00eda local. Praga es la capital de la Rep\u00fablica Checa y de la enso\u00f1adora regi\u00f3n de Bohemia. La ciudad, con m\u00e1s de un mill\u00f3n de habitantes, es tambi\u00e9n conocida como La Ciudad de las Cien Torres o La Ciudad Dorada y se convirti\u00f3 en un centro tur\u00edstico de primer orden. Visitaremos Hrad\u010dany, el distrito donde se encuentra el castillo de Praga, construcci\u00f3n del siglo IX, es considerada la mayor fortaleza medieval del mundo. Almuerzo libre. Podremos admirar otros puntos de inter\u00e9s de esta magn\u00edfica ciudad, la catedral de San Vito o el Ayuntamiento viejo son su famoso reloj astron\u00f3mico. Podremos visitar la Iglesia de Santa Mar\u00eda de la Victoria y San Antonio de Padua donde se encuentra el Ni\u00f1o Jes\u00fas de Praga, imagen que se considera originaria de la Espa\u00f1a del siglo XVI.\u00a0<strong>Pensi\u00f3n completa. Noche en Praga<\/strong>.<\/p>\n<p><strong>D\u00cdA 7\u00ba.- Praga \u2013 Karlovy Vary \u2013 Praga<\/strong><\/p>\n<p>Tras el desayuno dedicaremos este d\u00eda a hacer una excursi\u00f3n a la estaci\u00f3n termal de Karlovy Vary con gu\u00eda local. Llegados en Karlovy Vary podremos apreciar el ambiente \u00abr\u00e9tro\u00bb del antiguo Karlsbad, cuyos tiempos m\u00e1s gloriosos se remontan al siglo XIX, cuando la realeza, la aristocracia, la alta burgues\u00eda y el mundo de la cultura iban all\u00ed\u0301 a tomar las aguas. Pervive una armoniosa mezcla de suntuosos hoteles, majestuosas instalaciones termales y zonas peatonales. Almuerzo en Karlovy Vary y tiempo libre. Regreso a Praga.\u00a0<strong>Pensi\u00f3n completa. Noche en Praga.<\/strong><\/p>\n<p><strong>D\u00cdA 8\u00ba.- Praga \u2013 Aeropuerto de origen<\/strong><\/p>\n<p>Tras el\u00a0<strong>desayuno<\/strong>, a la hora que se determine, nos trasladaremos al aeropuerto de Praga para coger el vuelo de regreso a nuestro lugar de origen. Llegada. Fin del viaje y de nuestros servicios.<\/p>\n<\/div>\n<\/div>\n<\/div>\n<\/div>\n<\/div>\n<\/div>\n","protected":false},"excerpt":{"rendered":"<p>D\u00cdA 1\u00ba.- Aeropuerto de origen \u2013 Cracovia Presentaci\u00f3n en el aeropuerto de origen para coger nuestro vuelo con destino Cracovia. A la llegada nos trasladaremos a nuestro hotel.\u00a0Cena. Noche en Cracovia. D\u00cdA 2\u00ba.- Cracovia Visita\u00a0 de Cracovia, una de las ciudades m\u00e1s antiguas y bellas de Polonia. Veremos la colina de Wawel donde se encuentra [&#8230;]\n","protected":false},"featured_media":0,"template":"","meta":[],"product_brand":[],"product_cat":[],"product_tag":[],"class_list":{"0":"post-605","1":"product","2":"type-product","3":"status-publish","6":"first","7":"instock","8":"shipping-taxable","9":"product-type-simple"},"_links":{"self":[{"href":"https:\/\/pilgrimgroupstravel.com\/es\/wp-json\/wp\/v2\/product\/605","targetHints":{"allow":["GET"]}}],"collection":[{"href":"https:\/\/pilgrimgroupstravel.com\/es\/wp-json\/wp\/v2\/product"}],"about":[{"href":"https:\/\/pilgrimgroupstravel.com\/es\/wp-json\/wp\/v2\/types\/product"}],"wp:attachment":[{"href":"https:\/\/pilgrimgroupstravel.com\/es\/wp-json\/wp\/v2\/media?parent=605"}],"wp:term":[{"taxonomy":"product_brand","embeddable":true,"href":"https:\/\/pilgrimgroupstravel.com\/es\/wp-json\/wp\/v2\/product_brand?post=605"},{"taxonomy":"product_cat","embeddable":true,"href":"https:\/\/pilgrimgroupstravel.com\/es\/wp-json\/wp\/v2\/product_cat?post=605"},{"taxonomy":"product_tag","embeddable":true,"href":"https:\/\/pilgrimgroupstravel.com\/es\/wp-json\/wp\/v2\/product_tag?post=605"}],"curies":[{"name":"wp","href":"https:\/\/api.w.org\/{rel}","templated":true}]}}