{"id":609,"date":"2024-02-15T16:31:38","date_gmt":"2024-02-15T16:31:38","guid":{"rendered":"https:\/\/pilgrimgroupstravel.com\/?post_type=product&#038;p=609"},"modified":"2024-02-15T16:31:39","modified_gmt":"2024-02-15T16:31:39","slug":"etiopia","status":"publish","type":"product","link":"https:\/\/pilgrimgroupstravel.com\/es\/producto\/etiopia\/","title":{"rendered":"Etiop\u00eda"},"content":{"rendered":"<p><b>DIA 1\u00ba.\u00a0<span class=\"Apple-converted-space\">\u00a0<\/span>AEROPUERTO DE ORIGEN \u2013 ADDIS ABEBA<\/b><\/p>\n<p>Presentaci\u00f3n en el aeropuerto de origen al menos dos horas antes de la salida del vuelo con destino a Addis Abeba. Noche a bordo.<\/p>\n<p><b>DIA 2\u00ba. ADDIS ABEBA<\/b><\/p>\n<p>Llegada a Addis Abeba, prevista a las 07:00. Tr\u00e1mites de entrada, visado y cambio de moneda. Recepci\u00f3n en el aeropuerto. Traslado al hotel y visitas en la ciudad a media ma\u00f1ana. Se visitar\u00e1 el museo Etnogr\u00e1fico, el Museo Nacional, donde est\u00e1n expuestos los restos f\u00f3siles de Lucy, la Iglesia de San Jorge y el famoso Merkato. El horario de registro en el hotel es a partir de las 15:00 hrs. Almuerzo y Cena. Noche en Addis Abeba.<\/p>\n<p><b>DIA 3\u00ba. \u00a0VUELO ADDIS ABEBA \u2013 BAHAR DAR<\/b><\/p>\n<p>Por la ma\u00f1ana traslado al aeropuerto para tomar el vuelo a Bahar Dar (vuelo Ethiopian 0188 con salida 11:40 hrs y llegada a las 12:40 hrs). Traslado al hotel y excursi\u00f3n en barco de 4 h por el Lago Tana (1.840 m) donde hay 30 islas y 38 monasterios siendo los m\u00e1s antiguos del S. XIV. En la Pen\u00ednsula de Zeghe est\u00e1 el monasterio de Ura Kidane Mehret bien conservado y quiz\u00e1s el m\u00e1s impresionante del Lago Tana. El acceso desde el embarcadero nos lleva por senderos rodeados de plantas de caf\u00e9 y espesa vegetaci\u00f3n. De planta circular y con fabulosos frescos en sus paredes, el monasterio alberga una buena colecci\u00f3n de manuscritos y objetos sagrados. M\u00e1s adelante visitaremos la iglesia de Azuwa Maryam.<span class=\"Apple-converted-space\">\u00a0<\/span>Pensi\u00f3n completa. Noche en Bahar Dar.<span class=\"Apple-converted-space\">\u00a0<\/span><\/p>\n<p><b>DIA 4\u00ba. BAHAR DAR \u2013 GONDAR<\/b><\/p>\n<p>Por la ma\u00f1ana salida por carretera monta\u00f1osa hacia Gondar. De camino visitaremos el Nilo Azul que recorre Etiop\u00eda hasta entrar en Sud\u00e1n y juntarse con el Nilo Blanco. Llegada en veh\u00edculo hasta el Puente Portugu\u00e9s desde donde haremos una peque\u00f1a caminata por un sendero que nos conduce a las Cataratas de Tis Isat (fuego que humea) con 400 m de anchura y una ca\u00edda de 45 m. En este punto desagua el Lago Tana y forma el Nilo Azul. Seguiremos hacia Gondar. Llegada y traslado al hotel para comenzar con las visitas a esta ciudad clasificada como patrimonio de la humanidad. Gondar fue la capital del reino de Abisinia bajo el reinado del emperador Fasil (Fas\u00edledes) que mand\u00f3 construir castillos, iglesias y ba\u00f1os de inspiraci\u00f3n medieval en pleno S XVII. El jesuita espa\u00f1ol padre P\u00e1ez fue clave en la elecci\u00f3n del emplazamiento as\u00ed c\u00f3mo en la t\u00e9cnica y el estilo arquitect\u00f3nico. Durante 200 a\u00f1os fue la residencia imperial y conoci\u00f3 tanto la relativa grandeza de sus primeros emperadores, como la decadencia de sus \u00faltimos. A mediados del S- XIX el emperador Teodros incendi\u00f3 la ciudad en represalia contra sus habitantes por no aceptarle como emperador, pues no le perdonaban que no tuviera sangre real. Ya nunca volvi\u00f3 a ser la capital. Visitaremos la Iglesia de Debre Berhan Selassie, la m\u00e1s c\u00e9lebre de Etiop\u00eda y con su techo pintado de querubines. Seguimos con los castillos de la ciudad imperial (Fassil Ghebbi) y los ba\u00f1os de Fasil (Fas\u00edledes). Pensi\u00f3n completa. Noche en Gondar.<span class=\"Apple-converted-space\">\u00a0 \u00a0<\/span><\/p>\n<p><b>DIA 5\u00ba. VUELO GONDAR \u2013 LALIBELA<span class=\"Apple-converted-space\">\u00a0<\/span><\/b><\/p>\n<p>Por la ma\u00f1ana tendremos el vuelo a Lalibela, la Jerusal\u00e9n Negra y la antigua Roha\u00a0<i>(vuelo Ethiopian 0122 con salida 10:00 hrs y con llegada 10:30 hrs)<\/i>. Situada a 2.600 m de altitud es sin duda alguna la m\u00e1s impresionante de las 8 ciudades et\u00edopes clasificadas como Patrimonio de la Humanidad. Fundada a finales del S XII por la dinast\u00eda Zag\u00fce como respuesta al progresivo avance del Islam que rodeaba a la capital imperial de Axum y como consecuencia de la ocupaci\u00f3n de Jerusal\u00e9n por las tropas de Saladino.<span class=\"Apple-converted-space\">\u00a0\u00a0<\/span>Intentaron crear en una sola ciudad la nueva capital imperial y una nueva Tierra Santa, pues las peregrinaciones cristianas a Jerusal\u00e9n se estaban convirtiendo en una aventura peligrosa. La nueva ciudad evoca totalmente a su inspiradora con nombres tan comunes como los Montes G\u00f3lgota y Sina\u00ed o el R\u00edo Jord\u00e1n que separa a la ciudad en dos partes. Por la tarde visita del Monasterio de Nakuta Laab a 6 Km de la ciudad, construido alrededor de una cueva y que alberga much\u00edsimos tesoros. Noche en Lalibela. Pensi\u00f3n completa.<\/p>\n<p><b>DIA 6\u00ba. \u00a0LALIBELA<\/b><\/p>\n<p>Hoy el d\u00eda estar\u00e1 dedicado a la visita de las 11 Iglesias monol\u00edticas, literalmente excavadas en la roca y divididas en dos bloques separados por el R\u00edo Yordanos (Jord\u00e1n). El primer grupo simboliza la Jerusal\u00e9n terrenal<span class=\"Apple-converted-space\">\u00a0\u00a0<\/span>y el segundo grupo la celestial. Separada de ambos grupos se encuentra Bete Giorgis que simboliza el Arca de No\u00e9 y construida en honor de San Jorge patr\u00f3n de Etiop\u00eda. En el interior de todas las iglesias se observan bellas pinturas murales de influencia bizantina, manuscritos, bastones de oraci\u00f3n y numerosas antig\u00fcedades. Siguen siendo lugar de culto en las fiestas del calendario religioso. Noche en Lalibela. Pensi\u00f3n completa.<span class=\"Apple-converted-space\">\u00a0 \u00a0<\/span><\/p>\n<p><b>DIA 7\u00ba. \u00a0LALIBELA<\/b><\/p>\n<p>La ma\u00f1ana se dedicar\u00e1 a la visita de la iglesia Yemrehana Kristos a<span class=\"Apple-converted-space\">\u00a0\u00a0<\/span>2.700 m de altura<span class=\"Apple-converted-space\">\u00a0\u00a0<\/span>y 30 Km de la ciudad.<span class=\"Apple-converted-space\">\u00a0\u00a0<\/span>Sin duda<span class=\"Apple-converted-space\">\u00a0\u00a0<\/span>es la m\u00e1s bella de los alrededores y est\u00e1 edificada en el interior de una cueva. El acceso se hace por un sendero rodeado de enebros<span class=\"Apple-converted-space\">\u00a0\u00a0<\/span>que asciende por la ladera de la monta\u00f1a. Es un lugar m\u00e1gico con un manantial de agua bendita curativa que a lo largo de la historia atrajo a mucha gente. Detr\u00e1s de la iglesia se pueden ver los restos de<span class=\"Apple-converted-space\">\u00a0\u00a0<\/span>10.740 peregrinos cristianos que al parecer viajaron desde lugares muy remotos para morir all\u00ed. Por la tarde podremos pasear por la ciudad y descansar. Noche en Lalibela. Pensi\u00f3n completa.<\/p>\n<p><b>DIA 8\u00ba. VUELO LALIBELA \u2013 AXUM<span class=\"Apple-converted-space\">\u00a0<\/span><\/b><\/p>\n<p>Traslado al aeropuerto para tomar el vuelo a Axum\u00a0<i>(vuelo Ethiopian 0122 con salida a las 11:00 hrs y llegada a las 11:40 hrs)<\/i>. La antigua capital axumita se encuentra a 2.130 m de altura al pie de los montes Likanos y Zohado y al borde de la meseta de Azebo. Mil a\u00f1os antes de nuestra era y bajo la influencia comercial de los Reinos de la Pen\u00ednsula Ar\u00e1biga, se convirti\u00f3 en un centro caravanero y punto defensivo para proteger los puertos del Mar Rojo y del Oc\u00e9ano Indico. La influencia racial y cultural semita coloniz\u00f3 progresivamente el territorio camita et\u00edope. De aqu\u00ed parte la historia de la Reina de Saba que, seg\u00fan la leyenda, viaj\u00f3 desde Axum cargada de fabulosos regalos hasta la corte del Rey Salom\u00f3n, rey de los jud\u00edos, y que en su larga estancia all\u00ed qued\u00f3 embarazada de Salom\u00f3n dando a luz a Menelik ya en Axum. Esto dio pie a todos los emperadores posteriores a justificar una noble descendencia ligada al Pueblo Elegido y en la l\u00ednea sucesoria del Rey David, Rey de Si\u00f3n y depositario de las Tablas de la Ley y del Arca de la Alianza. La leyenda cuenta que Menelik, ya adulto, viaj\u00f3 al reino de Judea para conocer a su padre que le ungi\u00f3 con aceite santificado de la realeza y le entreg\u00f3 el Arca a su regreso a Axum. Por ello hoy d\u00eda a\u00fan aseguran todos los et\u00edopes que se conserva escondida en la Iglesia de Sta. Mar\u00eda de Si\u00f3n tras una estancia de 800 a\u00f1os en el monasterio Cherkos en el Lago Tana. Nadie la puede ver salvo el custodio. Axum entr\u00f3 en decadencia con la llegada del Islam y hoy es una tranquila ciudad agr\u00edcola con restos arqueol\u00f3gicos de ese pasado esplendoroso. Visitaremos los famosos Obeliscos, las monol\u00edticas Estelas, las ruinas del Palacio Real, las tumbas de los reyes y la iglesia de Sta. Mar\u00eda de Si\u00f3n, donde no permiten la entrada a las mujeres. Noche en Axum. Pensi\u00f3n completa.\u00a0<span class=\"Apple-converted-space\">\u00a0 \u00a0 \u00a0 \u00a0 \u00a0<\/span><\/p>\n<p><b>DIA 9\u00ba. AXUM \u2013 ADIGRAT<span class=\"Apple-converted-space\">\u00a0\u00a0<\/span>(220 Km)<span class=\"Apple-converted-space\">\u00a0<\/span><\/b><\/p>\n<p>Salida hacia la aldea de Yeha a 2.200 m de altura. En el coraz\u00f3n de la aldea se encuentra el Templo de Yeha, uno de los m\u00e1s interesantes y antiguos de Etiop\u00eda del siglo VI a.c. Con la llegada del Cristianismo el templo se adapt\u00f3 al nuevo rito. Continuamos ruta a Tigrai y si el camino lo permite haremos una visita al monasterio de Debre Damo que se encuentra en un pit\u00f3n de dif\u00edcil acceso y solo permitido a los hombres. Continuamos hacia el grupo de iglesias Teka Tesfai para visitar<span class=\"Apple-converted-space\">\u00a0\u00a0<\/span>la Iglesia en desuso de Petros y Paulos construida sobre un santuario excavado en la roca y en una cornisa. Continuaremos hacia Medhane Alem Adi Kasho, siendo \u00e9sta la iglesia m\u00e1s grande y una de las m\u00e1s antiguas (Siglo<span class=\"Apple-converted-space\">\u00a0\u00a0<\/span>X). Noche en Adigrat. Pensi\u00f3n completa.<\/p>\n<p><b>DIA 10\u00ba.<span class=\"Apple-converted-space\">\u00a0<\/span>ADIGRAT<\/b><\/p>\n<p>Tigray cuenta con m\u00e1s de 200 iglesias esculpidas en roca. Aqu\u00ed se encuentran algunas iglesias de acceso casi imposible. Se requiere una buena preparaci\u00f3n f\u00edsica para acceder a la mayor\u00eda de ellas.<span class=\"Apple-converted-space\">\u00a0<\/span><\/p>\n<p>Dependiendo del estado f\u00edsico de las personas que hagan el viaje se pueden visitar otras iglesias con acceso f\u00e1cil. Visitaremos la iglesia de Abreha Atsbeha, conocida como la iglesia tallada en roca m\u00e1s impresionante de la provincia de Tigray y de f\u00e1cil acceso. Cuenta en su interior con bonitas pinturas. Noche en Adigrat. Pensi\u00f3n completa.<\/p>\n<p><b>DIA 11\u00ba. ADIGRAT \u2013 MEKELE \u2013 ADDIS ABEBA \u2013 AEROPUERTO DE ORIGEN<\/b><\/p>\n<p>Por la ma\u00f1ana nos dirigiremos hacia Mekele por un paisaje des\u00e9rtico y visitaremos la espectacular iglesia de Wukro Chircos que sobresale de un acantilado. A continuaci\u00f3n nos trasladaremos al aeropuerto de Mekele para volar a Addis Abeba (vuelo Ethiopian 0105 con salida 16:30 hrs y con llegada 17:55 hrs). Llegada y cena tradicional antes de tomar el vuelo internacional de regreso. Salida en vuelo con destino a Madrid, prevista a las 23:40. Pensi\u00f3n completa. Noche a bordo.<\/p>\n<p><b>DIA 12\u00ba. LLEGADA AL AEROPUERTO DE ORIGEN<\/b><\/p>\n<p>Llegada del vuelo al aeropuerto de origen. Fin del viaje y de nuestros servicios.<\/p>\n","protected":false},"excerpt":{"rendered":"<p>DIA 1\u00ba.\u00a0\u00a0AEROPUERTO DE ORIGEN \u2013 ADDIS ABEBA Presentaci\u00f3n en el aeropuerto de origen al menos dos horas antes de la salida del vuelo con destino a Addis Abeba. Noche a bordo. DIA 2\u00ba. ADDIS ABEBA Llegada a Addis Abeba, prevista a las 07:00. Tr\u00e1mites de entrada, visado y cambio de moneda. Recepci\u00f3n en el aeropuerto. [&#8230;]\n","protected":false},"featured_media":0,"template":"","meta":[],"product_brand":[],"product_cat":[58],"product_tag":[],"class_list":{"0":"post-609","1":"product","2":"type-product","3":"status-publish","5":"product_cat-africa","7":"first","8":"instock","9":"shipping-taxable","10":"product-type-simple"},"_links":{"self":[{"href":"https:\/\/pilgrimgroupstravel.com\/es\/wp-json\/wp\/v2\/product\/609","targetHints":{"allow":["GET"]}}],"collection":[{"href":"https:\/\/pilgrimgroupstravel.com\/es\/wp-json\/wp\/v2\/product"}],"about":[{"href":"https:\/\/pilgrimgroupstravel.com\/es\/wp-json\/wp\/v2\/types\/product"}],"wp:attachment":[{"href":"https:\/\/pilgrimgroupstravel.com\/es\/wp-json\/wp\/v2\/media?parent=609"}],"wp:term":[{"taxonomy":"product_brand","embeddable":true,"href":"https:\/\/pilgrimgroupstravel.com\/es\/wp-json\/wp\/v2\/product_brand?post=609"},{"taxonomy":"product_cat","embeddable":true,"href":"https:\/\/pilgrimgroupstravel.com\/es\/wp-json\/wp\/v2\/product_cat?post=609"},{"taxonomy":"product_tag","embeddable":true,"href":"https:\/\/pilgrimgroupstravel.com\/es\/wp-json\/wp\/v2\/product_tag?post=609"}],"curies":[{"name":"wp","href":"https:\/\/api.w.org\/{rel}","templated":true}]}}