{"id":611,"date":"2024-02-15T16:33:36","date_gmt":"2024-02-15T16:33:36","guid":{"rendered":"https:\/\/pilgrimgroupstravel.com\/?post_type=product&#038;p=611"},"modified":"2024-02-15T16:33:36","modified_gmt":"2024-02-15T16:33:36","slug":"libano","status":"publish","type":"product","link":"https:\/\/pilgrimgroupstravel.com\/es\/producto\/libano\/","title":{"rendered":"L\u00cdBANO"},"content":{"rendered":"<p><b>d\u00eda 1\u00ba.\u00a0<span class=\"Apple-converted-space\">\u00a0AEROPUERTO DE ORIGEN \u2013 BEIRUT<\/span><\/b><\/p>\n<p>Presentaci\u00f3n en el aeropuerto de origen para coger nuestro vuelo con destino Beirut. Llegada y traslado a nuestro hotel Cena y noche en Beirut.<\/p>\n<p><b>d\u00eda 2\u00ba.<\/b><b><span class=\"Apple-converted-space\">\u00a0 BEIRUT<\/span><\/b><\/p>\n<p>La llegada est\u00e1 prevista a las 02:20. A la llegada, tras la recogida de las maletas, nos trasladaremos a nuestro hotel para alojarnos. Tras el descanso tendremos el desayuno. Visitaremos por la ma\u00f1ana el\u00a0<b>Museo nacional de Beirut<\/b>\u00a0o Museo Nacional de L\u00edbano, que aglutina la exposici\u00f3n m\u00e1s importante de cada una de las civilizaciones que han habitado el pa\u00eds a lo largo de los siglos. Seriamente da\u00f1ado durante la Guerra Civil, las donaciones privadas permitieron su reapertura de manera permanente en 1999. El patrimonio cultural liban\u00e9s combina ruinas de templos castillos y calles, monumentos, estatuas, sarc\u00f3fagos, mosaicos, reliquias, joyas, armer\u00eda y un sinf\u00edn de objetos arqueol\u00f3gicos a los que se suman las obras de arte moderno que aglutinan escultura, pintura, arquitectura y m\u00fasica. A continuaci\u00f3n iremos a la monta\u00f1a Chouf para visitar el<b>\u00a0Palacio Beiteddine<\/b>, situada 850 metros sobre el nivel del mar. En este lugar monta\u00f1oso, se ubica el Palacio del Emir Bachir II Al-Chahab que gobern\u00f3 el Monte L\u00edbano durante cincuenta a\u00f1os. El Palacio de Beiteddine constituye el paradigma de la arquitectura libanesa del siglo XX y se le conoce con el sobrenombre de \u201cLa Alhambra de L\u00edbano\u201d. Muy cerca visitaremos\u00a0<b>Deir El Qamar.<\/b><span class=\"Apple-converted-space\">\u00a0\u00a0<\/span>Deir El-Qamar significa \u201cMonasterio de la Luna\u201d y fue capital del Monte L\u00edbano. La arquitectura feudal de Deir El-Qamar es \u00fanica en L\u00edbano y sigue conservando sus calles empedradas, sus tejas rojas, sus jardines amurallados y sus bellos balcones. Regreso a Beirut. Pensi\u00f3n completa.. Noche en Beirut<\/p>\n<p><b>d\u00eda 3\u00ba.\u00a0<span class=\"Apple-converted-space\">\u00a0\u00a0<\/span>BEIRUT \u2013 ANJAR \u2013 BAALBACK \u2013 BEIRUT<\/b><\/p>\n<p>Por la ma\u00f1ana iremos por el Monte L\u00edbano y a trav\u00e9s del valle de la Beka\u2019a para descubrir<span class=\"Apple-converted-space\">\u00a0\u00a0<\/span><b>Anjar<\/b>, una ciudad fortificada \u00fanica en el L\u00edbano, que se remonta al per\u00edodo Omeya. Continuaremos hacia\u00a0<b>Baalbeck<\/b>, una peque\u00f1a ciudad en la que destaca su Acr\u00f3polis, considerada una de las ruinas romanas m\u00e1s importantes jam\u00e1s construidas. Regreso al hotel en Beirut. Pensi\u00f3n completa. Noche en Beirut.<\/p>\n<p><b>d\u00eda 4\u00ba.\u00a0<span class=\"Apple-converted-space\">\u00a0\u00a0<\/span>BEIRUT \u2013 GRUTA DE JEITTA \u2013 HARISSA \u2013 BYBLOS<span class=\"Apple-converted-space\">\u00a0\u2013\u00a0<\/span><\/b><b>BEIRUT<\/b><\/p>\n<p>Luego seguiremos por la calle de la costa para visitar la\u00a0<b>gruta de Jeitta<\/b>, donde se encuentra un lago subterr\u00e1neo transitable con peque\u00f1as barcas. Continuremos hasta Harissa donde subiremos en telef\u00e9rico hasta los brazos extendidos de la Virgen del L\u00edbano, en\u00a0<b>Harissa<\/b>.Desde all\u00ed gozaremos de una vista impresionante de Jounieh y Beirut. Reemprendemos nuestro camino hasta\u00a0<b>Byblos<\/b>, la ciudad con el puerto m\u00e1s antiguo del mundo. Visitaremos los viejos zocos, las antiguas murallas, la ciudadela, la iglesia de San Juan y el anfiteatro romano. A la hora que se determine regresaremos a Beirut. Pensi\u00f3n completa. Noche en Beirut.<\/p>\n<p><b>d\u00eda 5\u00ba. BEIRUT<span class=\"Apple-converted-space\">\u00a0 \u2013 SID\u00d3N \u00a0\u2013 TIRO \u2013\u00a0<\/span>\u00a0BEIRUT<\/b><\/p>\n<p>Por la ma\u00f1ana disfrutaremos de una visita panor\u00e1mica de la capital del L\u00edbano,\u00a0<b>Beirut<\/b>, donde la historia revela una larga sucesi\u00f3n de diferentes invasiones. Iremos a lo largo de la orilla del mar hasta las pintorescas rocas de la Roca de las Palomas pasando por el Museo Nacional y la Plaza de los M\u00e1rtires. Seguiremos nuestro camino a\u00a0<b>Sid\u00f3n<\/b>. Actualmente la tercera mayor ciudad de L\u00edbano fue uno de los centros fenicios m\u00e1s importantes junto con\u00a0<b>Tiro<\/b>, que tambi\u00e9n visitaremos este d\u00eda. Regreso a Beirut. Pensi\u00f3n completa. Noche en Beirut<\/p>\n<p><b>d\u00eda 6\u00ba.\u00a0<span class=\"Apple-converted-space\">\u00a0\u00a0<\/span>BEIRUT \u2013 AEROPUERTO DE ORIGEN<\/b><\/p>\n<p>Tras el desayuno nos trasladaremos al aeropuerto para coger nuestro vuelo con destino al aeropuerto de origen. Llegada.. Fin del viaje y de nuestros servicios.<\/p>\n","protected":false},"excerpt":{"rendered":"<p>d\u00eda 1\u00ba.\u00a0\u00a0AEROPUERTO DE ORIGEN \u2013 BEIRUT Presentaci\u00f3n en el aeropuerto de origen para coger nuestro vuelo con destino Beirut. Llegada y traslado a nuestro hotel Cena y noche en Beirut. d\u00eda 2\u00ba.\u00a0 BEIRUT La llegada est\u00e1 prevista a las 02:20. A la llegada, tras la recogida de las maletas, nos trasladaremos a nuestro hotel para [&#8230;]\n","protected":false},"featured_media":0,"template":"","meta":[],"product_brand":[],"product_cat":[],"product_tag":[],"class_list":{"0":"post-611","1":"product","2":"type-product","3":"status-publish","6":"first","7":"instock","8":"shipping-taxable","9":"product-type-simple"},"_links":{"self":[{"href":"https:\/\/pilgrimgroupstravel.com\/es\/wp-json\/wp\/v2\/product\/611","targetHints":{"allow":["GET"]}}],"collection":[{"href":"https:\/\/pilgrimgroupstravel.com\/es\/wp-json\/wp\/v2\/product"}],"about":[{"href":"https:\/\/pilgrimgroupstravel.com\/es\/wp-json\/wp\/v2\/types\/product"}],"wp:attachment":[{"href":"https:\/\/pilgrimgroupstravel.com\/es\/wp-json\/wp\/v2\/media?parent=611"}],"wp:term":[{"taxonomy":"product_brand","embeddable":true,"href":"https:\/\/pilgrimgroupstravel.com\/es\/wp-json\/wp\/v2\/product_brand?post=611"},{"taxonomy":"product_cat","embeddable":true,"href":"https:\/\/pilgrimgroupstravel.com\/es\/wp-json\/wp\/v2\/product_cat?post=611"},{"taxonomy":"product_tag","embeddable":true,"href":"https:\/\/pilgrimgroupstravel.com\/es\/wp-json\/wp\/v2\/product_tag?post=611"}],"curies":[{"name":"wp","href":"https:\/\/api.w.org\/{rel}","templated":true}]}}